{"id":515,"date":"2020-04-27T00:54:22","date_gmt":"2020-04-26T20:54:22","guid":{"rendered":"https:\/\/karchershop.az\/?post_type=product&#038;p=515"},"modified":"2026-05-01T21:35:07","modified_gmt":"2026-05-01T17:35:07","slug":"shhetka-power-brush-wb-60","status":"publish","type":"product","link":"https:\/\/karchershop.az\/az\/home-garden\/aksessuary\/aksessuary-dlya-minimoek\/shhetka-power-brush-wb-60","title":{"rendered":"WB 60 soft washing brush"},"content":{"rendered":"<p>B\u00f6y\u00fck \u0259razil\u0259ri, m\u0259s\u0259l\u0259n, avtomobil g\u00f6vd\u0259l\u0259rini v\u0259 ya\u015fay\u0131\u015f qo\u015fqular\u0131n\u0131, qay\u0131qlar\u0131, q\u0131\u015f ba\u011flar\u0131n\u0131, kepenkl\u0259ri t\u0259mizl\u0259m\u0259k \u00fc\u00e7\u00fcn m\u00fck\u0259mm\u0259ldir. T\u00fckl\u0259ri olan yum\u015faq, ziyan g\u00f6rm\u0259y\u0259n bir s\u0259th, i\u015f geni\u015fliyi (248 mm) say\u0259sind\u0259 y\u00fcks\u0259k performans, c\u0131z\u0131qlardan qorunmaq \u00fc\u00e7\u00fcn bir halqan\u0131n olmas\u0131, silah v\u0259 etibarl\u0131 bir \u0259laq\u0259 \u00fc\u00e7\u00fcn ittifaq qozu v\u0259 inadkar \u00e7irkl\u0259ri (m\u0259s\u0259l\u0259n, h\u0259\u015f\u0259rat izl\u0259ri) silm\u0259k \u00fc\u00e7\u00fcn bir rezin qaz\u0131y\u0131c\u0131 var. \u0130\u015f qolunun erqonomik formas\u0131 il\u0259 asanla\u015fd\u0131r\u0131l\u0131r. K 2 - K 7 seriyal\u0131 ev y\u00fcks\u0259k t\u0259zyiq cihazlar\u0131na yax\u0131nla\u015f\u0131r.<\/p>","protected":false},"excerpt":{"rendered":"<p>Geni\u015f sah\u0259l\u0259ri t\u0259mizl\u0259m\u0259k \u00fc\u00e7\u00fcn yum\u015faq f\u0131r\u00e7a, m\u0259s\u0259l\u0259n, avtommobil, lotka, avtoev, jal\u00fczl\u0259r v\u0259 s. \u0130\u015f eni 248 mm<\/p>","protected":false},"featured_media":518,"comment_status":"open","ping_status":"closed","template":"","meta":[],"product_cat":[71,15],"product_tag":[258],"class_list":{"0":"post-515","1":"product","2":"type-product","3":"status-publish","4":"has-post-thumbnail","6":"product_cat-aksessuary-dlya-minimoek","7":"product_cat-home-garden","8":"product_tag-prinadlezhnosti-i-moyushhie-sredstva-dlya-minimoek","10":"first","11":"outofstock","12":"shipping-taxable","13":"purchasable","14":"product-type-simple"},"_links":{"self":[{"href":"https:\/\/karchershop.az\/az\/wp-json\/wp\/v2\/product\/515","targetHints":{"allow":["GET"]}}],"collection":[{"href":"https:\/\/karchershop.az\/az\/wp-json\/wp\/v2\/product"}],"about":[{"href":"https:\/\/karchershop.az\/az\/wp-json\/wp\/v2\/types\/product"}],"replies":[{"embeddable":true,"href":"https:\/\/karchershop.az\/az\/wp-json\/wp\/v2\/comments?post=515"}],"wp:featuredmedia":[{"embeddable":true,"href":"https:\/\/karchershop.az\/az\/wp-json\/wp\/v2\/media\/518"}],"wp:attachment":[{"href":"https:\/\/karchershop.az\/az\/wp-json\/wp\/v2\/media?parent=515"}],"wp:term":[{"taxonomy":"product_cat","embeddable":true,"href":"https:\/\/karchershop.az\/az\/wp-json\/wp\/v2\/product_cat?post=515"},{"taxonomy":"product_tag","embeddable":true,"href":"https:\/\/karchershop.az\/az\/wp-json\/wp\/v2\/product_tag?post=515"}],"curies":[{"name":"wp","href":"https:\/\/api.w.org\/{rel}","templated":true}]}}