{"id":519,"date":"2020-04-26T00:51:28","date_gmt":"2020-04-25T20:51:28","guid":{"rendered":"https:\/\/karchershop.az\/?post_type=product&#038;p=519"},"modified":"2026-05-01T21:35:07","modified_gmt":"2026-05-01T17:35:07","slug":"shlang-dlya-promyvki-trub-7-5-m","status":"publish","type":"product","link":"https:\/\/karchershop.az\/az\/home-garden\/aksessuary\/aksessuary-dlya-minimoek\/shlang-dlya-promyvki-trub-7-5-m","title":{"rendered":"Kanalizasiya boru a\u00e7an \u015flanq PC 7.5 pipe cleaning set"},"content":{"rendered":"<p>Kanalizasiya boru a\u00e7an \u015flanq PC 7.5 pipe cleaning set boru yuyucu d\u0259sti, t\u0131xanm\u0131\u015f borular\u0131 v\u0259 drenajlar\u0131 t\u0259mizl\u0259m\u0259y\u0259 imkan verir. Arxa t\u0259r\u0259f\u0259 y\u00f6n\u0259ldilmi\u015f y\u00fcks\u0259k t\u0259zyiq reaktivl\u0259ri, \u015flanq\u0131n boru i\u00e7\u0259risind\u0259n ke\u00e7m\u0259sin\u0259 v\u0259 \u00e7irkl\u0259ri \u00e7\u0131xarmalar\u0131na imkan verir. Y\u00fcks\u0259k keyfiyy\u0259tli \u00e7evik \u015flanq, boru boyunca ir\u0259lil\u0259m\u0259ni izl\u0259m\u0259y\u0259 imkan ver\u0259n i\u015far\u0259l\u0259r v\u0259 marker \u00fcz\u00fck il\u0259 t\u0259chiz edilmi\u015fdir. 7.5 m \u015flanq, toxuculuq \u00f6rg\u00fcs\u00fc il\u0259 m\u00f6hk\u0259ml\u0259ndirilir, \u0259yilm\u0259kd\u0259n qorunur, maksimum h\u0259r\u0259k\u0259tliliyi \u00fc\u00e7\u00fcn \u00e7ox q\u0131sa bir pirin\u00e7 ba\u015fl\u0131ql\u0131 v\u0259 davaml\u0131 bir pirin\u00e7 ba\u011flay\u0131c\u0131 il\u0259 t\u0259chiz edilmi\u015fdir. K\u00e4rcher Daxili T\u0259z\u0259 Yuyucu D\u0259sti daxili v\u0259 a\u00e7\u0131q havada istifad\u0259 edil\u0259 bil\u0259r.<\/p>","protected":false},"excerpt":{"rendered":"<p>Kanalizasiya boru a\u00e7an \u015flanq PC 7.5 pipe cleaning set - t\u0131xanm\u0131\u015f borular\u0131n, qald\u0131r\u0131c\u0131lar\u0131n v\u0259 kanalizasiya x\u0259tl\u0259rinin s\u0259m\u0259r\u0259li t\u0259mizl\u0259nm\u0259si \u00fc\u00e7\u00fcn 7,5 m \u015flanq\u0131 olan boru yuyucu d\u0259sti.<\/p>","protected":false},"featured_media":524,"comment_status":"open","ping_status":"closed","template":"","meta":[],"product_cat":[71,15],"product_tag":[258],"class_list":{"0":"post-519","1":"product","2":"type-product","3":"status-publish","4":"has-post-thumbnail","6":"product_cat-aksessuary-dlya-minimoek","7":"product_cat-home-garden","8":"product_tag-prinadlezhnosti-i-moyushhie-sredstva-dlya-minimoek","10":"first","11":"instock","12":"shipping-taxable","13":"purchasable","14":"product-type-simple"},"_links":{"self":[{"href":"https:\/\/karchershop.az\/az\/wp-json\/wp\/v2\/product\/519","targetHints":{"allow":["GET"]}}],"collection":[{"href":"https:\/\/karchershop.az\/az\/wp-json\/wp\/v2\/product"}],"about":[{"href":"https:\/\/karchershop.az\/az\/wp-json\/wp\/v2\/types\/product"}],"replies":[{"embeddable":true,"href":"https:\/\/karchershop.az\/az\/wp-json\/wp\/v2\/comments?post=519"}],"wp:featuredmedia":[{"embeddable":true,"href":"https:\/\/karchershop.az\/az\/wp-json\/wp\/v2\/media\/524"}],"wp:attachment":[{"href":"https:\/\/karchershop.az\/az\/wp-json\/wp\/v2\/media?parent=519"}],"wp:term":[{"taxonomy":"product_cat","embeddable":true,"href":"https:\/\/karchershop.az\/az\/wp-json\/wp\/v2\/product_cat?post=519"},{"taxonomy":"product_tag","embeddable":true,"href":"https:\/\/karchershop.az\/az\/wp-json\/wp\/v2\/product_tag?post=519"}],"curies":[{"name":"wp","href":"https:\/\/api.w.org\/{rel}","templated":true}]}}