{"id":529,"date":"2020-04-24T00:49:53","date_gmt":"2020-04-23T20:49:53","guid":{"rendered":"https:\/\/karchershop.az\/?post_type=product&#038;p=529"},"modified":"2025-08-07T14:11:39","modified_gmt":"2025-08-07T10:11:39","slug":"prisposoblenie-dlya-ochistki-poverhnostej-t-racer-t-350","status":"publish","type":"product","link":"https:\/\/karchershop.az\/az\/home-garden\/aksessuary\/aksessuary-dlya-minimoek\/prisposoblenie-dlya-ochistki-poverhnostej-t-racer-t-350","title":{"rendered":"S\u0259th t\u0259mizl\u0259yici qur\u011fu T-Racer T 350"},"content":{"rendered":"<p>T 350 \u00e7irkl\u0259ndiricil\u0259rin asan v\u0259 keyfiyy\u0259tli \u00e7\u0131xar\u0131lmas\u0131 \u00fc\u00e7\u00fcn geni\u015f \u00e7e\u015fidli funksiyalarla t\u0259chiz edilmi\u015fdir. Uzatma borular\u0131 s\u0259thi s\u0259y g\u00f6st\u0259rm\u0259d\u0259n t\u0259mizl\u0259m\u0259y\u0259 imkan verir, t\u0259zyiqi t\u0259nziml\u0259m\u0259k t\u0259mizlik \u00fc\u00e7\u00fcn laz\u0131mi t\u0259zyiqi se\u00e7m\u0259y\u0259 imkan verir. Yeni T 350 a\u011fac v\u0259 da\u015f s\u0259thl\u0259rini t\u0259mizl\u0259m\u0259k \u00fc\u00e7\u00fcn ideald\u0131r. Karcher K 2 - K 7 seriyal\u0131 y\u00fcks\u0259k t\u0259zyiq cihazlar\u0131na yax\u0131nla\u015f\u0131r.<\/p>","protected":false},"excerpt":{"rendered":"<p>T-Racer ba\u015fl\u0131\u011f\u0131 il\u0259 h\u0259r hans\u0131 bir d\u00fcz s\u0259thi s\u0259pilm\u0259d\u0259n v\u0259 ya dig\u0259r \u0259\u015fyalar\u0131 l\u0259k\u0259l\u0259m\u0259d\u0259n t\u0259mizl\u0259y\u0259 bil\u0259rsiniz. \u015eaquli s\u0259thl\u0259ri d\u0259 t\u0259mizl\u0259y\u0259 bil\u0259rsiniz.<\/p>","protected":false},"featured_media":536,"comment_status":"open","ping_status":"closed","template":"","meta":[],"product_cat":[71,15],"product_tag":[258],"class_list":{"0":"post-529","1":"product","2":"type-product","3":"status-publish","4":"has-post-thumbnail","6":"product_cat-aksessuary-dlya-minimoek","7":"product_cat-home-garden","8":"product_tag-prinadlezhnosti-i-moyushhie-sredstva-dlya-minimoek","10":"first","11":"outofstock","12":"shipping-taxable","13":"purchasable","14":"product-type-simple"},"_links":{"self":[{"href":"https:\/\/karchershop.az\/az\/wp-json\/wp\/v2\/product\/529","targetHints":{"allow":["GET"]}}],"collection":[{"href":"https:\/\/karchershop.az\/az\/wp-json\/wp\/v2\/product"}],"about":[{"href":"https:\/\/karchershop.az\/az\/wp-json\/wp\/v2\/types\/product"}],"replies":[{"embeddable":true,"href":"https:\/\/karchershop.az\/az\/wp-json\/wp\/v2\/comments?post=529"}],"wp:featuredmedia":[{"embeddable":true,"href":"https:\/\/karchershop.az\/az\/wp-json\/wp\/v2\/media\/536"}],"wp:attachment":[{"href":"https:\/\/karchershop.az\/az\/wp-json\/wp\/v2\/media?parent=529"}],"wp:term":[{"taxonomy":"product_cat","embeddable":true,"href":"https:\/\/karchershop.az\/az\/wp-json\/wp\/v2\/product_cat?post=529"},{"taxonomy":"product_tag","embeddable":true,"href":"https:\/\/karchershop.az\/az\/wp-json\/wp\/v2\/product_tag?post=529"}],"curies":[{"name":"wp","href":"https:\/\/api.w.org\/{rel}","templated":true}]}}