{"id":5356,"date":"2022-12-06T17:51:25","date_gmt":"2022-12-06T13:51:25","guid":{"rendered":"https:\/\/karchershop.az\/?post_type=product&#038;p=5356"},"modified":"2026-05-01T21:35:40","modified_gmt":"2026-05-01T17:35:40","slug":"wv-1-plus","status":"publish","type":"product","link":"https:\/\/karchershop.az\/az\/home-garden\/okonnye-pylesosy\/wv-1-plus","title":{"rendered":"WV 1 PLUS"},"content":{"rendered":"<p>P\u0259nc\u0259r\u0259 yuyan tozsoran WV 1 PLUS K\u00e4rcherin p\u0259nc\u0259r\u0259 t\u0259mizl\u0259yicisi olan WV 1 Plus modeli tez v\u0259 t\u0259miz, he\u00e7 bir l\u0259k\u0259 saxlamadan, vaxt\u0131n\u0131za q\u0259na\u0259t ed\u0259r\u0259k p\u0259nc\u0259r\u0259l\u0259rinizi t\u0259mizl\u0259m\u0259 imkan\u0131 verir. Qutunun daxilind\u0259 \u0259lav\u0259 yerl\u0259\u015fdirilmi\u015f p\u00fcsk\u00fcrt\u00fcc\u00fc v\u0259 mikrofiber d\u0259smal say\u0259sind\u0259 daha da effektiv t\u0259mizlik \u0259ld\u0259 ed\u0259 bil\u0259rsiniz. Sovurma ba\u015fl\u0131\u011f\u0131 say\u0259sind\u0259, 1 d\u0259f\u0259 l\u0259k\u0259 v\u0259 yaxud \u00e7irkli suyun \u00fcz\u0259rind\u0259n ke\u00e7s\u0259niz s\u0259th t\u0259miz olacaqd\u0131r.  T\u0259mizlik zaman\u0131 i\u015finizin daha da sanla\u015fd\u0131\u011f\u0131n\u0131 v\u0259 vaxt\u0131n\u0131za 3 d\u0259f\u0259y\u0259 q\u0259d\u0259r q\u0259d\u0259r q\u0259na\u0259t etdiyinizin f\u0259rqin\u0259 varacaqs\u0131n\u0131z. Batareya il\u0259 i\u015fl\u0259m\u0259sinin v\u0259 \u00f6l\u00e7\u00fcl\u0259rinin y\u0131\u011fcam olmas\u0131n\u0131n verdiyi rahatl\u0131q siz\u0259 maksimal s\u0259rt t\u0259mizlik ed\u0259c\u0259yiniz\u0259 z\u0259man\u0259t verir. S\u0131nay\u0131n v\u0259 \u00d6z\u00fcn\u00fcz \u015fahid olacaqs\u0131n\u0131z!<\/p>","protected":false},"excerpt":{"rendered":"<p>P\u0259nc\u0259r\u0259 yuyan tozsoran WV 1 PLUS p\u0259nc\u0259r\u0259 t\u0259mizl\u0259yicisi v\u0259 mikrofiber d\u0259smal ba\u015fl\u0131ql\u0131 p\u00fcsk\u00fcrt\u00fcc\u00fc say\u0259sind\u0259 p\u0259nc\u0259r\u0259l\u0259riniz 3 d\u0259f\u0259 s\u00fcr\u0259tl\u0259 daha t\u0259miz ola bil\u0259r, ad\u0131 t\u0259mizlik l\u0259vazimatlar\u0131 istifad\u0259 etm\u0259d\u0259n g\u00fcc s\u0259rf etm\u0259d\u0259n, l\u0259k\u0259siz t\u0259mizliy\u0259 sahib olun.<\/p>","protected":false},"featured_media":5367,"comment_status":"open","ping_status":"closed","template":"","meta":[],"product_cat":[15,183],"product_tag":[],"class_list":{"0":"post-5356","1":"product","2":"type-product","3":"status-publish","4":"has-post-thumbnail","6":"product_cat-home-garden","7":"product_cat-okonnye-pylesosy","9":"first","10":"outofstock","11":"shipping-taxable","12":"purchasable","13":"product-type-simple"},"_links":{"self":[{"href":"https:\/\/karchershop.az\/az\/wp-json\/wp\/v2\/product\/5356","targetHints":{"allow":["GET"]}}],"collection":[{"href":"https:\/\/karchershop.az\/az\/wp-json\/wp\/v2\/product"}],"about":[{"href":"https:\/\/karchershop.az\/az\/wp-json\/wp\/v2\/types\/product"}],"replies":[{"embeddable":true,"href":"https:\/\/karchershop.az\/az\/wp-json\/wp\/v2\/comments?post=5356"}],"wp:featuredmedia":[{"embeddable":true,"href":"https:\/\/karchershop.az\/az\/wp-json\/wp\/v2\/media\/5367"}],"wp:attachment":[{"href":"https:\/\/karchershop.az\/az\/wp-json\/wp\/v2\/media?parent=5356"}],"wp:term":[{"taxonomy":"product_cat","embeddable":true,"href":"https:\/\/karchershop.az\/az\/wp-json\/wp\/v2\/product_cat?post=5356"},{"taxonomy":"product_tag","embeddable":true,"href":"https:\/\/karchershop.az\/az\/wp-json\/wp\/v2\/product_tag?post=5356"}],"curies":[{"name":"wp","href":"https:\/\/api.w.org\/{rel}","templated":true}]}}