{"id":537,"date":"2020-04-23T00:48:32","date_gmt":"2020-04-22T20:48:32","guid":{"rendered":"https:\/\/karchershop.az\/?post_type=product&#038;p=537"},"modified":"2026-05-01T21:35:08","modified_gmt":"2026-05-01T17:35:08","slug":"pennoe-soplo-fj-3","status":"publish","type":"product","link":"https:\/\/karchershop.az\/az\/home-garden\/aksessuary\/aksessuary-dlya-minimoek\/pennoe-soplo-fj-3","title":{"rendered":"FJ 3 foam nozzle Basic Line"},"content":{"rendered":"<p>FJ 3 k\u00f6p\u00fck ba\u015fl\u0131\u011f\u0131, boya, \u015f\u00fc\u015f\u0259 v\u0259 da\u015f kimi b\u00fct\u00fcn s\u0259thl\u0259rin asanl\u0131qla t\u0259mizl\u0259nm\u0259si \u00fc\u00e7\u00fcn \u0259lav\u0259 g\u00fccl\u00fc \u00fcf\u00fcr\u00fcc\u00fc madd\u0259 il\u0259. Vasit\u0259l\u0259r, konservantlar, ba\u011f mebell\u0259ri, fasadlar, pill\u0259k\u0259nl\u0259r, piyada yollar\u0131, divarlar, teraslar, s\u00fcr\u00fc\u015fm\u0259 yollar\u0131 v\u0259 s. Konteynerin h\u0259cmi t\u0259xmin\u0259n 0,3 litrdir. T\u0259tbiq \u00fcsulu: K\u00e4rcher yuyucu vasit\u0259sini sprey \u015f\u00fc\u015f\u0259sin\u0259 t\u00f6k\u00fcn, ucunu silaha \u0259lav\u0259 edin v\u0259 k\u00f6p\u00fck t\u0259tbiq edin. Sprey s\u0259viyy\u0259si laz\u0131m olduqda t\u0259nziml\u0259n\u0259 bil\u0259r. B\u00fct\u00fcn K\u00e4rcher K2-K7 t\u0259zyiq yuyucular\u0131 \u00fc\u00e7\u00fcn uy\u011fundur. K\u00e4rcher Ultra K\u00f6p\u00fck T\u0259mizl\u0259yici il\u0259 istifad\u0259 \u00fc\u00e7\u00fcn ideald\u0131r.<\/p>","protected":false},"excerpt":{"rendered":"<p>K\u00f6p\u00fck il\u0259 t\u0259mizl\u0259nm\u0259k \u00fc\u00e7\u00fcn FJ 3 (0.3 L) k\u00f6p\u00fck ba\u015fl\u0131\u011f\u0131 (m\u0259s\u0259l\u0259n, Ultra K\u00f6p\u00fck T\u0259mizl\u0259yicisi). Avtomobill\u0259r, motosikll\u0259r v\u0259 s., H\u0259m\u00e7inin da\u015f v\u0259 taxta s\u0259thl\u0259r\u0259 v\u0259 fasadlara t\u0259mizl\u0259yici m\u0259hsullar t\u0259tbiq etm\u0259k \u00fc\u00e7\u00fcn.<\/p>","protected":false},"featured_media":540,"comment_status":"open","ping_status":"closed","template":"","meta":[],"product_cat":[71,15],"product_tag":[258],"class_list":{"0":"post-537","1":"product","2":"type-product","3":"status-publish","4":"has-post-thumbnail","6":"product_cat-aksessuary-dlya-minimoek","7":"product_cat-home-garden","8":"product_tag-prinadlezhnosti-i-moyushhie-sredstva-dlya-minimoek","10":"first","11":"instock","12":"shipping-taxable","13":"purchasable","14":"product-type-simple"},"_links":{"self":[{"href":"https:\/\/karchershop.az\/az\/wp-json\/wp\/v2\/product\/537","targetHints":{"allow":["GET"]}}],"collection":[{"href":"https:\/\/karchershop.az\/az\/wp-json\/wp\/v2\/product"}],"about":[{"href":"https:\/\/karchershop.az\/az\/wp-json\/wp\/v2\/types\/product"}],"replies":[{"embeddable":true,"href":"https:\/\/karchershop.az\/az\/wp-json\/wp\/v2\/comments?post=537"}],"wp:featuredmedia":[{"embeddable":true,"href":"https:\/\/karchershop.az\/az\/wp-json\/wp\/v2\/media\/540"}],"wp:attachment":[{"href":"https:\/\/karchershop.az\/az\/wp-json\/wp\/v2\/media?parent=537"}],"wp:term":[{"taxonomy":"product_cat","embeddable":true,"href":"https:\/\/karchershop.az\/az\/wp-json\/wp\/v2\/product_cat?post=537"},{"taxonomy":"product_tag","embeddable":true,"href":"https:\/\/karchershop.az\/az\/wp-json\/wp\/v2\/product_tag?post=537"}],"curies":[{"name":"wp","href":"https:\/\/api.w.org\/{rel}","templated":true}]}}