{"id":541,"date":"2020-04-22T00:47:52","date_gmt":"2020-04-21T20:47:52","guid":{"rendered":"https:\/\/karchershop.az\/?post_type=product&#038;p=541"},"modified":"2024-12-01T00:04:42","modified_gmt":"2024-11-30T20:04:42","slug":"pennoe-soplo-fj-6","status":"publish","type":"product","link":"https:\/\/karchershop.az\/az\/home-garden\/aksessuary\/aksessuary-dlya-minimoek\/pennoe-soplo-fj-6","title":{"rendered":"FJ 6 foam nozzle"},"content":{"rendered":"<p>K\u00f6p\u00fck ba\u015fl\u0131\u011f\u0131 Karcher FJ 6 qal\u0131n k\u00f6p\u00fck yaratmaq \u00fc\u00e7\u00fcn. Burundan istifad\u0259 ed\u0259r\u0259k, k\u00f6p\u00fck yaran\u0131r, bu da avtomobilin, motosikletin t\u0259mizl\u0259nm\u0259si \u00fc\u00e7\u00fcn kifay\u0259tdir. Da\u015f v\u0259 ya a\u011facdan haz\u0131rlanm\u0131\u015f fasadlar\u0131n i\u015fl\u0259nm\u0259si \u00fc\u00e7\u00fcn k\u00f6p\u00fck ba\u015fl\u0131\u011f\u0131n\u0131 istifad\u0259 ed\u0259 bil\u0259rsiniz.<\/p>","protected":false},"excerpt":{"rendered":"<p>K\u00f6p\u00fck ba\u015fl\u0131\u011f\u0131 Karcher FJ 6 (0.6 L) qal\u0131n k\u00f6p\u00fck yaratmaq \u00fc\u00e7\u00fcn. Avtomobil, motosiklet v\u0259 s. Da\u015f v\u0259 ya a\u011facdan haz\u0131rlanm\u0131\u015f fasadlar\u0131n i\u015fl\u0259nm\u0259si \u00fc\u00e7\u00fcn bir k\u00f6p\u00fck ba\u015fl\u0131q istifad\u0259 ed\u0259 bil\u0259rsiniz.<\/p>","protected":false},"featured_media":544,"comment_status":"open","ping_status":"closed","template":"","meta":[],"product_cat":[71,15],"product_tag":[258],"class_list":{"0":"post-541","1":"product","2":"type-product","3":"status-publish","4":"has-post-thumbnail","6":"product_cat-aksessuary-dlya-minimoek","7":"product_cat-home-garden","8":"product_tag-prinadlezhnosti-i-moyushhie-sredstva-dlya-minimoek","10":"first","11":"instock","12":"shipping-taxable","13":"purchasable","14":"product-type-simple"},"_links":{"self":[{"href":"https:\/\/karchershop.az\/az\/wp-json\/wp\/v2\/product\/541","targetHints":{"allow":["GET"]}}],"collection":[{"href":"https:\/\/karchershop.az\/az\/wp-json\/wp\/v2\/product"}],"about":[{"href":"https:\/\/karchershop.az\/az\/wp-json\/wp\/v2\/types\/product"}],"replies":[{"embeddable":true,"href":"https:\/\/karchershop.az\/az\/wp-json\/wp\/v2\/comments?post=541"}],"wp:featuredmedia":[{"embeddable":true,"href":"https:\/\/karchershop.az\/az\/wp-json\/wp\/v2\/media\/544"}],"wp:attachment":[{"href":"https:\/\/karchershop.az\/az\/wp-json\/wp\/v2\/media?parent=541"}],"wp:term":[{"taxonomy":"product_cat","embeddable":true,"href":"https:\/\/karchershop.az\/az\/wp-json\/wp\/v2\/product_cat?post=541"},{"taxonomy":"product_tag","embeddable":true,"href":"https:\/\/karchershop.az\/az\/wp-json\/wp\/v2\/product_tag?post=541"}],"curies":[{"name":"wp","href":"https:\/\/api.w.org\/{rel}","templated":true}]}}