{"id":549,"date":"2020-04-20T00:45:16","date_gmt":"2020-04-19T20:45:16","guid":{"rendered":"https:\/\/karchershop.az\/?post_type=product&#038;p=549"},"modified":"2025-12-26T09:26:24","modified_gmt":"2025-12-26T05:26:24","slug":"rm-806-5l","status":"publish","type":"product","link":"https:\/\/karchershop.az\/az\/home-garden\/moyushhie-sredstva-karcher\/rm-806-5l","title":{"rendered":"RM 806 5"},"content":{"rendered":"<p>Konsentrantl\u0131 geni\u015f spektrli t\u0259mizl\u0259yici vasit\u0259 \u0259n d\u00f6z\u00fcml\u00fc \u00e7irkl\u0259ndiri bel\u0259  (toz, ya\u011flar, ya\u011flar, h\u0259\u015f\u0259rat izl\u0259ri, a\u011fac tar, gil v\u0259 s.) \u00e7\u0131xar\u0131r.<\/p>\n<p><strong>AB direktivl\u0259rin\u0259 uy\u011fun olaraq t\u0259hl\u00fck\u0259sizlik x\u0259b\u0259rdarl\u0131qlar\u0131 v\u0259 t\u00f6vsiy\u0259l\u0259ri<\/strong><\/p>\n<ul>\n<li>P310 d\u0259rhal h\u0259kim \u00e7a\u011f\u0131r\u0131n<\/li>\n<li>P501a M\u0259zmunu \/ konteyneri yerli \/ regional \/ milli \/ beyn\u0259lxalq qaydalara uy\u011fun olaraq at\u0131n.<\/li>\n<\/ul>","protected":false},"excerpt":{"rendered":"<p>T\u0259zyiq yuyucular\u0131 \u00fc\u00e7\u00fcn k\u00f6p\u00fck t\u0259mizl\u0259yici madd\u0259<\/p>","protected":false},"featured_media":15590,"comment_status":"open","ping_status":"closed","template":"","meta":[],"product_cat":[15,186],"product_tag":[258],"class_list":{"0":"post-549","1":"product","2":"type-product","3":"status-publish","4":"has-post-thumbnail","6":"product_cat-home-garden","7":"product_cat-moyushhie-sredstva-karcher","8":"product_tag-prinadlezhnosti-i-moyushhie-sredstva-dlya-minimoek","10":"first","11":"instock","12":"shipping-taxable","13":"purchasable","14":"product-type-simple"},"_links":{"self":[{"href":"https:\/\/karchershop.az\/az\/wp-json\/wp\/v2\/product\/549","targetHints":{"allow":["GET"]}}],"collection":[{"href":"https:\/\/karchershop.az\/az\/wp-json\/wp\/v2\/product"}],"about":[{"href":"https:\/\/karchershop.az\/az\/wp-json\/wp\/v2\/types\/product"}],"replies":[{"embeddable":true,"href":"https:\/\/karchershop.az\/az\/wp-json\/wp\/v2\/comments?post=549"}],"wp:featuredmedia":[{"embeddable":true,"href":"https:\/\/karchershop.az\/az\/wp-json\/wp\/v2\/media\/15590"}],"wp:attachment":[{"href":"https:\/\/karchershop.az\/az\/wp-json\/wp\/v2\/media?parent=549"}],"wp:term":[{"taxonomy":"product_cat","embeddable":true,"href":"https:\/\/karchershop.az\/az\/wp-json\/wp\/v2\/product_cat?post=549"},{"taxonomy":"product_tag","embeddable":true,"href":"https:\/\/karchershop.az\/az\/wp-json\/wp\/v2\/product_tag?post=549"}],"curies":[{"name":"wp","href":"https:\/\/api.w.org\/{rel}","templated":true}]}}