{"id":5493,"date":"2022-12-20T21:18:26","date_gmt":"2022-12-20T17:18:26","guid":{"rendered":"https:\/\/karchershop.az\/?post_type=product&#038;p=5493"},"modified":"2026-05-01T21:35:41","modified_gmt":"2026-05-01T17:35:41","slug":"apparat-vysokogo-davleniya-hd-5-12-c","status":"publish","type":"product","link":"https:\/\/karchershop.az\/az\/professional\/apparat-vysokogo-davleniya-hd-5-12-c","title":{"rendered":"HD 5\/12 C"},"content":{"rendered":"<p>HD 5\/12 C *EU,<\/p>","protected":false},"excerpt":{"rendered":"<p>Y\u0131\u011fcam, mobil v\u0259 \u00e7ox y\u00f6nl\u00fc, HD 5\/15 C soyuq su t\u0259zyiqli yuyucusu h\u0259m \u015faquli, h\u0259m d\u0259 \u00fcf\u00fcqi v\u0259ziyy\u0259td\u0259 idar\u0259 oluna bil\u0259r. O, mis silindr ba\u015fl\u0131\u011f\u0131na, aksesuar tutacaqlar\u0131na v\u0259 avtomatik t\u0259zyiq endirm\u0259 sistemin\u0259 malikdir.<\/p>","protected":false},"featured_media":5504,"comment_status":"open","ping_status":"closed","template":"","meta":[],"product_cat":[19],"product_tag":[],"class_list":{"0":"post-5493","1":"product","2":"type-product","3":"status-publish","4":"has-post-thumbnail","6":"product_cat-professional","8":"first","9":"instock","10":"shipping-taxable","11":"purchasable","12":"product-type-simple"},"_links":{"self":[{"href":"https:\/\/karchershop.az\/az\/wp-json\/wp\/v2\/product\/5493","targetHints":{"allow":["GET"]}}],"collection":[{"href":"https:\/\/karchershop.az\/az\/wp-json\/wp\/v2\/product"}],"about":[{"href":"https:\/\/karchershop.az\/az\/wp-json\/wp\/v2\/types\/product"}],"replies":[{"embeddable":true,"href":"https:\/\/karchershop.az\/az\/wp-json\/wp\/v2\/comments?post=5493"}],"wp:featuredmedia":[{"embeddable":true,"href":"https:\/\/karchershop.az\/az\/wp-json\/wp\/v2\/media\/5504"}],"wp:attachment":[{"href":"https:\/\/karchershop.az\/az\/wp-json\/wp\/v2\/media?parent=5493"}],"wp:term":[{"taxonomy":"product_cat","embeddable":true,"href":"https:\/\/karchershop.az\/az\/wp-json\/wp\/v2\/product_cat?post=5493"},{"taxonomy":"product_tag","embeddable":true,"href":"https:\/\/karchershop.az\/az\/wp-json\/wp\/v2\/product_tag?post=5493"}],"curies":[{"name":"wp","href":"https:\/\/api.w.org\/{rel}","templated":true}]}}