{"id":5537,"date":"2022-12-21T00:16:29","date_gmt":"2022-12-20T20:16:29","guid":{"rendered":"https:\/\/karchershop.az\/?post_type=product&#038;p=5537"},"modified":"2026-05-01T21:35:41","modified_gmt":"2026-05-01T17:35:41","slug":"apparat-vysokogo-davleniya-hd-10-25-4-s","status":"publish","type":"product","link":"https:\/\/karchershop.az\/az\/professional\/apparaty-vysokogo-davleniya-bez-podogreva-vody\/apparat-vysokogo-davleniya-hd-10-25-4-s","title":{"rendered":"HD 10\/25-4 S"},"content":{"rendered":"<p>HD 10\/25-4 S *EU-I,<\/p>","protected":false},"excerpt":{"rendered":"<p>\u015eaquli dizaynda soyuq su y\u00fcks\u0259k t\u0259zyiqli t\u0259mizl\u0259yici HD 10\/25-4 S t\u0259zyiq a\u00e7ar\u0131, tapan\u00e7a il\u0259 idar\u0259etm\u0259 sistemi il\u0259 heyran qal\u0131r\u00a0<span class=\"fix-spelling\">EASY!Force<\/span>\u00a0\u0438 \u0440\u0435\u0433\u0443\u043b\u044f\u0442\u043e\u0440\u043e\u043c Servo Control.<\/p>","protected":false},"featured_media":5555,"comment_status":"open","ping_status":"closed","template":"","meta":[],"product_cat":[19,269],"product_tag":[],"class_list":{"0":"post-5537","1":"product","2":"type-product","3":"status-publish","4":"has-post-thumbnail","6":"product_cat-professional","7":"product_cat-apparaty-vysokogo-davleniya-bez-podogreva-vody","9":"first","10":"instock","11":"shipping-taxable","12":"purchasable","13":"product-type-simple"},"_links":{"self":[{"href":"https:\/\/karchershop.az\/az\/wp-json\/wp\/v2\/product\/5537","targetHints":{"allow":["GET"]}}],"collection":[{"href":"https:\/\/karchershop.az\/az\/wp-json\/wp\/v2\/product"}],"about":[{"href":"https:\/\/karchershop.az\/az\/wp-json\/wp\/v2\/types\/product"}],"replies":[{"embeddable":true,"href":"https:\/\/karchershop.az\/az\/wp-json\/wp\/v2\/comments?post=5537"}],"wp:featuredmedia":[{"embeddable":true,"href":"https:\/\/karchershop.az\/az\/wp-json\/wp\/v2\/media\/5555"}],"wp:attachment":[{"href":"https:\/\/karchershop.az\/az\/wp-json\/wp\/v2\/media?parent=5537"}],"wp:term":[{"taxonomy":"product_cat","embeddable":true,"href":"https:\/\/karchershop.az\/az\/wp-json\/wp\/v2\/product_cat?post=5537"},{"taxonomy":"product_tag","embeddable":true,"href":"https:\/\/karchershop.az\/az\/wp-json\/wp\/v2\/product_tag?post=5537"}],"curies":[{"name":"wp","href":"https:\/\/api.w.org\/{rel}","templated":true}]}}