{"id":5579,"date":"2022-12-21T14:30:19","date_gmt":"2022-12-21T10:30:19","guid":{"rendered":"https:\/\/karchershop.az\/?post_type=product&#038;p=5579"},"modified":"2026-05-01T21:35:41","modified_gmt":"2026-05-01T17:35:41","slug":"apparat-vysokogo-davleniya-hd-5-15-c-plus","status":"publish","type":"product","link":"https:\/\/karchershop.az\/az\/professional\/apparaty-vysokogo-davleniya-bez-podogreva-vody\/apparat-vysokogo-davleniya-hd-5-15-c-plus","title":{"rendered":"HD 5\/15 C Plus"},"content":{"rendered":"<p>HD 5\/15 C Plus *EU,<\/p>","protected":false},"excerpt":{"rendered":"<p>Y\u0131\u011fcam, mobil v\u0259 \u00e7ox y\u00f6nl\u00fc, HD 5\/15 C soyuq su t\u0259zyiqli yuyucusu h\u0259m \u015faquli, h\u0259m d\u0259 \u00fcf\u00fcqi v\u0259ziyy\u0259td\u0259 idar\u0259 oluna bil\u0259r. O, mis silindr ba\u015fl\u0131\u011f\u0131na, aksesuar tutacaqlar\u0131na v\u0259 avtomatik t\u0259zyiq endirm\u0259 sistemin\u0259 malikdir.<\/p>","protected":false},"featured_media":5516,"comment_status":"open","ping_status":"closed","template":"","meta":[],"product_cat":[19,269],"product_tag":[],"class_list":{"0":"post-5579","1":"product","2":"type-product","3":"status-publish","4":"has-post-thumbnail","6":"product_cat-professional","7":"product_cat-apparaty-vysokogo-davleniya-bez-podogreva-vody","9":"first","10":"instock","11":"shipping-taxable","12":"purchasable","13":"product-type-simple"},"_links":{"self":[{"href":"https:\/\/karchershop.az\/az\/wp-json\/wp\/v2\/product\/5579","targetHints":{"allow":["GET"]}}],"collection":[{"href":"https:\/\/karchershop.az\/az\/wp-json\/wp\/v2\/product"}],"about":[{"href":"https:\/\/karchershop.az\/az\/wp-json\/wp\/v2\/types\/product"}],"replies":[{"embeddable":true,"href":"https:\/\/karchershop.az\/az\/wp-json\/wp\/v2\/comments?post=5579"}],"wp:featuredmedia":[{"embeddable":true,"href":"https:\/\/karchershop.az\/az\/wp-json\/wp\/v2\/media\/5516"}],"wp:attachment":[{"href":"https:\/\/karchershop.az\/az\/wp-json\/wp\/v2\/media?parent=5579"}],"wp:term":[{"taxonomy":"product_cat","embeddable":true,"href":"https:\/\/karchershop.az\/az\/wp-json\/wp\/v2\/product_cat?post=5579"},{"taxonomy":"product_tag","embeddable":true,"href":"https:\/\/karchershop.az\/az\/wp-json\/wp\/v2\/product_tag?post=5579"}],"curies":[{"name":"wp","href":"https:\/\/api.w.org\/{rel}","templated":true}]}}