{"id":561,"date":"2020-04-18T00:43:44","date_gmt":"2020-04-17T20:43:44","guid":{"rendered":"https:\/\/karchershop.az\/?post_type=product&#038;p=561"},"modified":"2026-05-01T21:35:09","modified_gmt":"2026-05-01T17:35:09","slug":"universalnoe-chistyashhee-sredstvo-rm-555","status":"publish","type":"product","link":"https:\/\/karchershop.az\/az\/home-garden\/moyushhie-sredstva-karcher\/r-smi-karcher-onlayn-magazasinda-universal-t-mizl-yici-madd-rm-555-satin-alin","title":{"rendered":"Universal t\u0259mizl\u0259yici madd\u0259 RM 555"},"content":{"rendered":"<p>Ya\u011f, ya\u011f v\u0259 mineral \u00e7irkl\u0259ri ba\u011f mebell\u0259rind\u0259n, avtomobill\u0259rd\u0259n, fasadlardan v\u0259 h\u0259r hans\u0131 bir suya davaml\u0131 s\u0259thd\u0259n asanl\u0131qla \u00e7\u0131xarmaq \u00fc\u00e7\u00fcn y\u00fcks\u0259k effektiv vasit\u0259dir.<\/p>","protected":false},"excerpt":{"rendered":"<p>Ya\u011f, ya\u011f v\u0259 mineral \u00e7irkl\u0259ri ba\u011f mebell\u0259rind\u0259n, avtomobill\u0259rd\u0259n, fasadlardan v\u0259 h\u0259r hans\u0131 bir suya davaml\u0131 s\u0259thd\u0259n asanl\u0131qla \u00e7\u0131xarmaq \u00fc\u00e7\u00fcn y\u00fcks\u0259k effektiv vasit\u0259dir.<\/p>","protected":false},"featured_media":15213,"comment_status":"open","ping_status":"closed","template":"","meta":[],"product_cat":[15,186],"product_tag":[258],"class_list":{"0":"post-561","1":"product","2":"type-product","3":"status-publish","4":"has-post-thumbnail","6":"product_cat-home-garden","7":"product_cat-moyushhie-sredstva-karcher","8":"product_tag-prinadlezhnosti-i-moyushhie-sredstva-dlya-minimoek","10":"first","11":"instock","12":"shipping-taxable","13":"purchasable","14":"product-type-simple"},"_links":{"self":[{"href":"https:\/\/karchershop.az\/az\/wp-json\/wp\/v2\/product\/561","targetHints":{"allow":["GET"]}}],"collection":[{"href":"https:\/\/karchershop.az\/az\/wp-json\/wp\/v2\/product"}],"about":[{"href":"https:\/\/karchershop.az\/az\/wp-json\/wp\/v2\/types\/product"}],"replies":[{"embeddable":true,"href":"https:\/\/karchershop.az\/az\/wp-json\/wp\/v2\/comments?post=561"}],"wp:featuredmedia":[{"embeddable":true,"href":"https:\/\/karchershop.az\/az\/wp-json\/wp\/v2\/media\/15213"}],"wp:attachment":[{"href":"https:\/\/karchershop.az\/az\/wp-json\/wp\/v2\/media?parent=561"}],"wp:term":[{"taxonomy":"product_cat","embeddable":true,"href":"https:\/\/karchershop.az\/az\/wp-json\/wp\/v2\/product_cat?post=561"},{"taxonomy":"product_tag","embeddable":true,"href":"https:\/\/karchershop.az\/az\/wp-json\/wp\/v2\/product_tag?post=561"}],"curies":[{"name":"wp","href":"https:\/\/api.w.org\/{rel}","templated":true}]}}