{"id":5612,"date":"2022-12-21T17:04:10","date_gmt":"2022-12-21T13:04:10","guid":{"rendered":"https:\/\/karchershop.az\/?post_type=product&#038;p=5612"},"modified":"2024-11-20T19:18:45","modified_gmt":"2024-11-20T15:18:45","slug":"apparat-vysokogo-davleniya-hds-5-15-u","status":"publish","type":"product","link":"https:\/\/karchershop.az\/az\/professional\/apparaty-vysokogo-davleniya-s-podogrevom-vody\/apparat-vysokogo-davleniya-hds-5-15-u","title":{"rendered":"HDS 5\/15 U"},"content":{"rendered":"<p>\u041a\u043e\u043d\u043a\u0443\u0440\u0435\u043d\u0442\u043e\u0441\u043f\u043e\u0441\u043e\u0431\u043d\u0430\u044f \u043c\u043e\u0434\u0435\u043b\u044c \u043d\u0430\u0447\u0430\u043b\u044c\u043d\u043e\u0433\u043e \u043a\u043b\u0430\u0441\u0441\u0430 \u0430\u043f\u043f\u0430\u0440\u0430\u0442\u043e\u0432 \u0432\u044b\u0441\u043e\u043a\u043e\u0433\u043e \u0434\u0430\u0432\u043b\u0435\u043d\u0438\u044f \u0441 \u043f\u043e\u0434\u043e\u0433\u0440\u0435\u0432\u043e\u043c \u0432\u043e\u0434\u044b HDS 5\/15 U. \u0418\u043d\u043d\u043e\u0432\u0430\u0446\u0438\u043e\u043d\u043d\u044b\u0439 &#8220;\u0412\u0435\u0440\u0442\u0438\u043a\u0430\u043b\u044c\u043d\u044b\u0439&#8221; \u0434\u0438\u0437\u0430\u0439\u043d \u043e\u0431\u0435\u0441\u043f\u0435\u0447\u0438\u0432\u0430\u0435\u0442 \u0445\u043e\u0440\u043e\u0448\u0443\u044e \u043c\u043e\u0431\u0438\u043b\u044c\u043d\u043e\u0441\u0442\u044c \u0438 \u044d\u0440\u0433\u043e\u043d\u043e\u043c\u0438\u0447\u043d\u043e\u0441\u0442\u044c. \u041e\u0447\u0435\u043d\u044c \u0443\u0434\u043e\u0431\u043d\u044b\u0439 \u0432 \u043f\u043e\u043b\u044c\u0437\u043e\u0432\u0430\u043d\u0438\u0438, \u0431\u043b\u0430\u0433\u043e\u0434\u0430\u0440\u044f \u043e\u0434\u043d\u043e\u043a\u043d\u043e\u043f\u043e\u0447\u043d\u043e\u043c\u0443 \u0443\u043f\u0440\u0430\u0432\u043b\u0435\u043d\u0438\u044e, \u0432\u0441\u0442\u0440\u043e\u0435\u043d\u043d\u043e\u043c\u0443 \u0448\u043b\u0430\u043d\u0433\u0443 \u0438 \u043f\u0440\u0438\u043b\u0430\u0433\u0430\u0435\u043c\u044b\u043c \u0430\u043a\u0441\u0435\u0441\u0441\u0443\u0430\u0440\u0430\u043c<\/p>","protected":false},"excerpt":{"rendered":"<p>Y\u0131\u011fcam, mobil v\u0259 \u00e7ox y\u00f6nl\u00fc, HD 5\/15 C soyuq su t\u0259zyiqli yuyucusu h\u0259m \u015faquli, h\u0259m d\u0259 \u00fcf\u00fcqi v\u0259ziyy\u0259td\u0259 idar\u0259 oluna bil\u0259r. O, mis silindr ba\u015fl\u0131\u011f\u0131na, aksesuar tutacaqlar\u0131na v\u0259 avtomatik t\u0259zyiq endirm\u0259 sistemin\u0259 malikdir.<\/p>","protected":false},"featured_media":5625,"comment_status":"open","ping_status":"closed","template":"","meta":[],"product_cat":[19,270],"product_tag":[],"class_list":{"0":"post-5612","1":"product","2":"type-product","3":"status-publish","4":"has-post-thumbnail","6":"product_cat-professional","7":"product_cat-apparaty-vysokogo-davleniya-s-podogrevom-vody","9":"first","10":"instock","11":"shipping-taxable","12":"purchasable","13":"product-type-simple"},"_links":{"self":[{"href":"https:\/\/karchershop.az\/az\/wp-json\/wp\/v2\/product\/5612","targetHints":{"allow":["GET"]}}],"collection":[{"href":"https:\/\/karchershop.az\/az\/wp-json\/wp\/v2\/product"}],"about":[{"href":"https:\/\/karchershop.az\/az\/wp-json\/wp\/v2\/types\/product"}],"replies":[{"embeddable":true,"href":"https:\/\/karchershop.az\/az\/wp-json\/wp\/v2\/comments?post=5612"}],"wp:featuredmedia":[{"embeddable":true,"href":"https:\/\/karchershop.az\/az\/wp-json\/wp\/v2\/media\/5625"}],"wp:attachment":[{"href":"https:\/\/karchershop.az\/az\/wp-json\/wp\/v2\/media?parent=5612"}],"wp:term":[{"taxonomy":"product_cat","embeddable":true,"href":"https:\/\/karchershop.az\/az\/wp-json\/wp\/v2\/product_cat?post=5612"},{"taxonomy":"product_tag","embeddable":true,"href":"https:\/\/karchershop.az\/az\/wp-json\/wp\/v2\/product_tag?post=5612"}],"curies":[{"name":"wp","href":"https:\/\/api.w.org\/{rel}","templated":true}]}}