{"id":567,"date":"2020-04-17T00:42:20","date_gmt":"2020-04-16T20:42:20","guid":{"rendered":"https:\/\/karchershop.az\/?post_type=product&#038;p=567"},"modified":"2026-04-10T15:56:25","modified_gmt":"2026-04-10T11:56:25","slug":"aktivnaya-pena-ultra-foam-dlya-beskontaktnoj-mojki-3-v-1-1-l","status":"publish","type":"product","link":"https:\/\/karchershop.az\/az\/home-garden\/moyushhie-sredstva-karcher\/aktivnaya-pena-ultra-foam-dlya-beskontaktnoj-mojki-3-v-1-1-l","title":{"rendered":"\u0410\u043a\u0442\u0438\u0432\u043d\u0430\u044f \u043f\u0435\u043d\u0430 Ultra Foam \u0434\u043b\u044f \u0431\u0435\u0441\u043a\u043e\u043d\u0442\u0430\u043a\u0442\u043d\u043e\u0439 \u043c\u043e\u0439\u043a\u0438 RM 615, 1\u043b"},"content":{"rendered":"<p>Aktiv k\u00f6p\u00fck Ultra Foam kontakts\u0131z avto yuma \u00fc\u00e7\u00fcn 3-\u00fc 1-d\u0259 Foam Car Wash avtomobill\u0259rd\u0259n ya\u011flar\u0131, ya\u011flar\u0131 v\u0259 b\u00fct\u00fcn tipik yol kirl\u0259rini tez v\u0259 asanl\u0131qla t\u0259mizl\u0259y\u0259n yeni aktiv t\u0259mizl\u0259yici vasit\u0259d\u0259n ibar\u0259t y\u00fcks\u0259k k\u00f6p\u00fckl\u00fc t\u0259mizl\u0259yicidir. 3-\u00fc 1-d\u0259 t\u0259mass\u0131z avtomobil yuma \u00fc\u00e7\u00fcn Ultra K\u00f6p\u00fck aktiv avtomobil yuma k\u00f6p\u00fcy\u00fc t\u0259rkibind\u0259 fosfat yoxdur v\u0259 i\u015fl\u0259nmi\u015f materiallara z\u0259r\u0259r vermir.<\/p>","protected":false},"excerpt":{"rendered":"<p>\u0421\u0440\u0435\u0434\u0441\u0442\u0432\u043e \u0441 \u0438\u043d\u0442\u0435\u043d\u0441\u0438\u0432\u043d\u044b\u043c \u043f\u0435\u043d\u043e\u043e\u0431\u0440\u0430\u0437\u043e\u0432\u0430\u043d\u0438\u0435\u043c \u0441\u043e\u0434\u0435\u0440\u0436\u0438\u0442 \u043d\u043e\u0432\u044b\u0439 \u0430\u043a\u0442\u0438\u0432\u043d\u044b\u0439 \u043e\u0447\u0438\u0449\u0430\u044e\u0449\u0438\u0439 \u043a\u043e\u043c\u043f\u043e\u043d\u0435\u043d\u0442, \u043b\u0435\u0433\u043a\u043e \u0438 \u0431\u044b\u0441\u0442\u0440\u043e \u0443\u0434\u0430\u043b\u044f\u044e\u0449\u0438\u0439 \u0441 \u0442\u0440\u0430\u043d\u0441\u043f\u043e\u0440\u0442\u043d\u044b\u0445 \u0441\u0440\u0435\u0434\u0441\u0442\u0432 \u043c\u0430\u0441\u043b\u0430, \u0441\u043c\u0430\u0437\u043a\u0438 \u0438 \u0432\u0441\u0435 \u0442\u0438\u043f\u0438\u0447\u043d\u044b\u0435 \u0434\u043e\u0440\u043e\u0436\u043d\u044b\u0435 \u0437\u0430\u0433\u0440\u044f\u0437\u043d\u0435\u043d\u0438\u044f. \u041d\u0435 \u0441\u043e\u0434\u0435\u0440\u0436\u0438\u0442 \u0444\u043e\u0441\u0444\u0430\u0442\u043e\u0432, \u043d\u0435 \u043f\u043e\u0432\u0440\u0435\u0436\u0434\u0430\u0435\u0442 \u043e\u0431\u0440\u0430\u0431\u0430\u0442\u044b\u0432\u0430\u0435\u043c\u044b\u0435 \u043c\u0430\u0442\u0435\u0440\u0438\u0430\u043b\u044b.<\/p>","protected":false},"featured_media":15821,"comment_status":"open","ping_status":"closed","template":"","meta":[],"product_cat":[15,186],"product_tag":[258],"class_list":{"0":"post-567","1":"product","2":"type-product","3":"status-publish","4":"has-post-thumbnail","6":"product_cat-home-garden","7":"product_cat-moyushhie-sredstva-karcher","8":"product_tag-prinadlezhnosti-i-moyushhie-sredstva-dlya-minimoek","10":"first","11":"instock","12":"shipping-taxable","13":"purchasable","14":"product-type-simple"},"_links":{"self":[{"href":"https:\/\/karchershop.az\/az\/wp-json\/wp\/v2\/product\/567","targetHints":{"allow":["GET"]}}],"collection":[{"href":"https:\/\/karchershop.az\/az\/wp-json\/wp\/v2\/product"}],"about":[{"href":"https:\/\/karchershop.az\/az\/wp-json\/wp\/v2\/types\/product"}],"replies":[{"embeddable":true,"href":"https:\/\/karchershop.az\/az\/wp-json\/wp\/v2\/comments?post=567"}],"wp:featuredmedia":[{"embeddable":true,"href":"https:\/\/karchershop.az\/az\/wp-json\/wp\/v2\/media\/15821"}],"wp:attachment":[{"href":"https:\/\/karchershop.az\/az\/wp-json\/wp\/v2\/media?parent=567"}],"wp:term":[{"taxonomy":"product_cat","embeddable":true,"href":"https:\/\/karchershop.az\/az\/wp-json\/wp\/v2\/product_cat?post=567"},{"taxonomy":"product_tag","embeddable":true,"href":"https:\/\/karchershop.az\/az\/wp-json\/wp\/v2\/product_tag?post=567"}],"curies":[{"name":"wp","href":"https:\/\/api.w.org\/{rel}","templated":true}]}}