{"id":573,"date":"2020-04-16T00:41:32","date_gmt":"2020-04-15T20:41:32","guid":{"rendered":"https:\/\/karchershop.az\/?post_type=product&#038;p=573"},"modified":"2026-05-01T21:35:09","modified_gmt":"2026-05-01T17:35:09","slug":"sredstvo-dlya-ochistki-kamnya-i-fasadov-5-l","status":"publish","type":"product","link":"https:\/\/karchershop.az\/az\/home-garden\/moyushhie-sredstva-karcher\/sredstvo-dlya-ochistki-kamnya-i-fasadov-5-l","title":{"rendered":"Da\u015f v\u0259 fasadlar\u0131 t\u0259mizl\u0259m\u0259k \u00fc\u00e7\u00fcn vasit\u0259l\u0259r, 5 L"},"content":{"rendered":"<p>Da\u015f v\u0259 al\u00fcminium fasadlardan, da\u015f terraslardan v\u0259 s. Qat\u0131, toz, yosun, ya\u011f v\u0259 atmosfer \u00e7irkliliyini asanl\u0131qla aradan qald\u0131r\u0131r.<\/p>","protected":false},"excerpt":{"rendered":"<p>\u0130\u015fl\u0259nmi\u015f materiallara z\u0259r\u0259r vermir.<\/p>","protected":false},"featured_media":578,"comment_status":"open","ping_status":"closed","template":"","meta":[],"product_cat":[15,186],"product_tag":[258],"class_list":{"0":"post-573","1":"product","2":"type-product","3":"status-publish","4":"has-post-thumbnail","6":"product_cat-home-garden","7":"product_cat-moyushhie-sredstva-karcher","8":"product_tag-prinadlezhnosti-i-moyushhie-sredstva-dlya-minimoek","10":"first","11":"instock","12":"shipping-taxable","13":"purchasable","14":"product-type-simple"},"_links":{"self":[{"href":"https:\/\/karchershop.az\/az\/wp-json\/wp\/v2\/product\/573","targetHints":{"allow":["GET"]}}],"collection":[{"href":"https:\/\/karchershop.az\/az\/wp-json\/wp\/v2\/product"}],"about":[{"href":"https:\/\/karchershop.az\/az\/wp-json\/wp\/v2\/types\/product"}],"replies":[{"embeddable":true,"href":"https:\/\/karchershop.az\/az\/wp-json\/wp\/v2\/comments?post=573"}],"wp:featuredmedia":[{"embeddable":true,"href":"https:\/\/karchershop.az\/az\/wp-json\/wp\/v2\/media\/578"}],"wp:attachment":[{"href":"https:\/\/karchershop.az\/az\/wp-json\/wp\/v2\/media?parent=573"}],"wp:term":[{"taxonomy":"product_cat","embeddable":true,"href":"https:\/\/karchershop.az\/az\/wp-json\/wp\/v2\/product_cat?post=573"},{"taxonomy":"product_tag","embeddable":true,"href":"https:\/\/karchershop.az\/az\/wp-json\/wp\/v2\/product_tag?post=573"}],"curies":[{"name":"wp","href":"https:\/\/api.w.org\/{rel}","templated":true}]}}