{"id":5816,"date":"2022-12-22T01:23:29","date_gmt":"2022-12-21T21:23:29","guid":{"rendered":"https:\/\/karchershop.az\/?post_type=product&#038;p=5816"},"modified":"2026-05-01T21:35:45","modified_gmt":"2026-05-01T17:35:45","slug":"shhetochnyj-pylesos-cv-38-2","status":"publish","type":"product","link":"https:\/\/karchershop.az\/az\/professional\/pylesosy-professional\/shhetochnye-pylesosy\/shhetochnyj-pylesos-cv-38-2","title":{"rendered":"CV 38\/2 *EU"},"content":{"rendered":"<p>CV 38\/2 *EU,<\/p>","protected":false},"excerpt":{"rendered":"<section id=\"ribbon\">\n<div class=\"container\">\n<div class=\"row\">\n<div class=\"col-sm-12 col-lg-9\">\n<section id=\"ribbon\">\n<div class=\"container\">\n<div class=\"row\">\n<div class=\"col-sm-12 col-lg-9\">\n<section id=\"ribbon\">\n<div class=\"container\">\n<div class=\"row\">\n<div class=\"col-sm-12 col-lg-9\">\n<section id=\"ribbon\">\n<div class=\"container\">\n<div class=\"row\">\n<div class=\"col-sm-12 col-lg-9\">\n<section id=\"ribbon\">\n<div class=\"container\">\n<div class=\"row\">\n<div class=\"col-sm-12 col-lg-9\">\n<section id=\"ribbon\">\n<div class=\"container\">\n<div class=\"row\">\n<div class=\"col-sm-12 col-lg-9\">\n<section id=\"ribbon\">\n<div class=\"container\">\n<div class=\"row\">\n<div class=\"col-sm-12 col-lg-9\">\n<section id=\"ribbon\">\n<div class=\"container\">\n<div class=\"row\">\n<div class=\"col-sm-12 col-lg-9\">\n<p>CV 38\/2 f\u0131r\u00e7a tozsoran m\u0259hsuldarl\u0131\u011f\u0131, t\u0259mizl\u0259nm\u0259si n\u0259tic\u0259l\u0259ri v\u0259 erqonomikas\u0131 bax\u0131m\u0131ndan \u0259n y\u00fcks\u0259k t\u0259l\u0259bl\u0259r\u0259 cavab verir, istifad\u0259si asan v\u0259 rahatd\u0131r. Vaxta q\u0259na\u0259t ed\u0259n m\u00fcxt\u0259lif x\u00fcsusiyy\u0259tl\u0259rl\u0259 t\u0259chiz olunmu\u015fdur.<\/p>\n<\/div>\n<\/div>\n<\/div>\n<\/section>\n<div class=\"fg-products-details-stage\" data-kjs-app=\"products\/details\/stage\" data-kjs-entityid=\"9\">\n<div data-kjs-view=\"main\">\n<section class=\"container\">\n<div class=\"row fc-stage\">\n<div class=\"col-sm-7 col-md-8 fc-left\">\n<div class=\"fc-media\">\n<div class=\"fg-content-carousel fg-carousel-wrapper swiper-container swiper-container-initialized swiper-container-horizontal swiper-container-pointer-events\" data-kjs-app=\"content\/carousel\" data-kjs-entityid=\"22\">\n<div id=\"swiper-wrapper-a53a5a90ad656588\" class=\"fc-carousel swiper-wrapper\" aria-live=\"polite\">\n<div class=\"fc-carousel-slide swiper-slide swiper-slide-duplicate swiper-slide-prev\" role=\"group\" data-kjs-slide=\"6\" data-swiper-slide-index=\"6\" aria-label=\"1 \/ 9\">\n<div data-kjs-app=\"content\/video\" data-kjs-entityid=\"36\">\n<div data-kjs-view=\"main\"><\/div>\n<\/div>\n<\/div>\n<div class=\"fc-carousel-slide swiper-slide fc-visible swiper-slide-active fc-image-loaded\" role=\"group\" data-kjs-slide=\"0\" data-swiper-slide-index=\"0\" aria-label=\"2 \/ 9\">\n<div class=\"fg-wishlist-control\" data-kjs-app=\"wishlist\/control\" data-kjs-entityid=\"23\">\n<div data-kjs-view=\"controls\"><\/div>\n<\/div>\n<div data-kjs-app=\"content\/lightbox\" data-kjs-entityid=\"24\"><\/div>\n<\/div>\n<\/div>\n<\/div>\n<\/div>\n<\/div>\n<\/div>\n<\/section>\n<\/div>\n<\/div>\n<\/div>\n<\/div>\n<\/div>\n<\/section>\n<div class=\"fg-products-details-stage\" data-kjs-app=\"products\/details\/stage\" data-kjs-entityid=\"9\">\n<div data-kjs-view=\"main\">\n<section class=\"container\">\n<div class=\"row fc-stage\">\n<div class=\"col-sm-7 col-md-8 fc-left\">\n<div class=\"fc-media\">\n<div class=\"fg-content-carousel fg-carousel-wrapper swiper-container swiper-container-initialized swiper-container-horizontal swiper-container-pointer-events\" data-kjs-app=\"content\/carousel\" data-kjs-entityid=\"22\">\n<div id=\"swiper-wrapper-7aaddb627e3ba9d1\" class=\"fc-carousel swiper-wrapper\" aria-live=\"polite\">\n<div class=\"fc-carousel-slide swiper-slide swiper-slide-duplicate swiper-slide-duplicate-next\" role=\"group\" data-kjs-slide=\"2\" data-swiper-slide-index=\"2\" aria-label=\"1 \/ 5\">\n<div data-kjs-app=\"content\/video\" data-kjs-entityid=\"28\">\n<div data-kjs-view=\"main\"><\/div>\n<\/div>\n<\/div>\n<div class=\"fc-carousel-slide swiper-slide fc-image-loaded swiper-slide-prev\" role=\"group\" data-kjs-slide=\"0\" data-swiper-slide-index=\"0\" aria-label=\"2 \/ 5\">\n<div class=\"fg-wishlist-control\" data-kjs-app=\"wishlist\/control\" data-kjs-entityid=\"23\">\n<div data-kjs-view=\"controls\"><\/div>\n<\/div>\n<div data-kjs-app=\"content\/lightbox\" data-kjs-entityid=\"24\"><\/div>\n<\/div>\n<\/div>\n<\/div>\n<\/div>\n<\/div>\n<\/div>\n<\/section>\n<\/div>\n<\/div>\n<\/div>\n<\/div>\n<\/div>\n<\/section>\n<div class=\"fg-products-details-stage\" data-kjs-app=\"products\/details\/stage\" data-kjs-entityid=\"9\">\n<div data-kjs-view=\"main\">\n<section class=\"container\">\n<div class=\"row fc-stage\">\n<div class=\"col-sm-7 col-md-8 fc-left\">\n<div class=\"fc-media\">\n<div class=\"fg-content-carousel fg-carousel-wrapper swiper-container swiper-container-initialized swiper-container-horizontal swiper-container-pointer-events\" data-kjs-app=\"content\/carousel\" data-kjs-entityid=\"22\">\n<div id=\"swiper-wrapper-38e132bb79587cf10\" class=\"fc-carousel swiper-wrapper\" aria-live=\"polite\">\n<div class=\"fc-carousel-slide swiper-slide swiper-slide-duplicate swiper-slide-prev\" role=\"group\" data-kjs-slide=\"8\" data-swiper-slide-index=\"8\" aria-label=\"1 \/ 11\">\n<div data-kjs-app=\"content\/video\" data-kjs-entityid=\"40\">\n<div data-kjs-view=\"main\"><\/div>\n<\/div>\n<\/div>\n<div class=\"fc-carousel-slide swiper-slide fc-visible swiper-slide-active fc-image-loaded\" role=\"group\" data-kjs-slide=\"0\" data-swiper-slide-index=\"0\" aria-label=\"2 \/ 11\">\n<div class=\"fg-wishlist-control\" data-kjs-app=\"wishlist\/control\" data-kjs-entityid=\"23\">\n<div data-kjs-view=\"controls\"><\/div>\n<\/div>\n<div data-kjs-app=\"content\/lightbox\" data-kjs-entityid=\"24\"><\/div>\n<\/div>\n<\/div>\n<\/div>\n<\/div>\n<\/div>\n<\/div>\n<\/section>\n<\/div>\n<\/div>\n<\/div>\n<\/div>\n<\/div>\n<\/section>\n<div class=\"fg-products-details-stage\" data-kjs-app=\"products\/details\/stage\" data-kjs-entityid=\"9\">\n<div data-kjs-view=\"main\">\n<section class=\"container\">\n<div class=\"row fc-stage\">\n<div class=\"col-sm-7 col-md-8 fc-left\">\n<div class=\"fc-media\">\n<div class=\"fg-content-carousel fg-carousel-wrapper swiper-container swiper-container-initialized swiper-container-horizontal swiper-container-pointer-events\" data-kjs-app=\"content\/carousel\" data-kjs-entityid=\"22\">\n<div id=\"swiper-wrapper-dceced8e85ebe8d5\" class=\"fc-carousel swiper-wrapper\" aria-live=\"polite\">\n<div class=\"fc-carousel-slide swiper-slide swiper-slide-duplicate swiper-slide-prev swiper-slide-duplicate-next\" role=\"group\" data-kjs-slide=\"1\" data-swiper-slide-index=\"1\" aria-label=\"1 \/ 4\">\n<div data-kjs-app=\"content\/video\" data-kjs-entityid=\"26\">\n<div data-kjs-view=\"main\"><\/div>\n<\/div>\n<\/div>\n<div class=\"fc-carousel-slide swiper-slide fc-visible swiper-slide-active fc-image-loaded\" role=\"group\" data-kjs-slide=\"0\" data-swiper-slide-index=\"0\" aria-label=\"2 \/ 4\">\n<div class=\"fg-wishlist-control\" data-kjs-app=\"wishlist\/control\" data-kjs-entityid=\"23\">\n<div data-kjs-view=\"controls\"><\/div>\n<\/div>\n<div data-kjs-app=\"content\/lightbox\" data-kjs-entityid=\"24\"><\/div>\n<\/div>\n<\/div>\n<\/div>\n<\/div>\n<\/div>\n<\/div>\n<\/section>\n<\/div>\n<\/div>\n<\/div>\n<\/div>\n<\/div>\n<\/section>\n<div class=\"fg-products-details-stage\" data-kjs-app=\"products\/details\/stage\" data-kjs-entityid=\"9\">\n<div data-kjs-view=\"main\">\n<section class=\"container\">\n<div class=\"row fc-stage\">\n<div class=\"col-sm-7 col-md-8 fc-left\">\n<div class=\"fc-media\">\n<div class=\"fg-content-carousel fg-carousel-wrapper swiper-container swiper-container-initialized swiper-container-horizontal swiper-container-pointer-events\" data-kjs-app=\"content\/carousel\" data-kjs-entityid=\"20\">\n<div id=\"swiper-wrapper-2ef1049745bd361b3\" class=\"fc-carousel swiper-wrapper\" aria-live=\"polite\">\n<div class=\"fc-carousel-slide swiper-slide swiper-slide-duplicate swiper-slide-prev\" role=\"group\" data-kjs-slide=\"9\" data-swiper-slide-index=\"9\" aria-label=\"1 \/ 12\">\n<div data-kjs-app=\"content\/lightbox\" data-kjs-entityid=\"40\"><\/div>\n<\/div>\n<\/div>\n<\/div>\n<\/div>\n<\/div>\n<\/div>\n<\/section>\n<\/div>\n<\/div>\n<\/div>\n<\/div>\n<\/div>\n<\/section>\n<div class=\"fg-products-details-stage\" data-kjs-app=\"products\/details\/stage\" data-kjs-entityid=\"9\">\n<div data-kjs-view=\"main\">\n<section class=\"container\">\n<div class=\"row fc-stage\">\n<div class=\"col-sm-7 col-md-8 fc-left\">\n<div class=\"fc-media\">\n<div class=\"fg-content-carousel fg-carousel-wrapper swiper-container swiper-container-initialized swiper-container-horizontal swiper-container-pointer-events\" data-kjs-app=\"content\/carousel\" data-kjs-entityid=\"20\">\n<div id=\"swiper-wrapper-c59aedbfefe38933\" class=\"fc-carousel swiper-wrapper\" aria-live=\"polite\">\n<div class=\"fc-carousel-slide swiper-slide swiper-slide-duplicate swiper-slide-prev swiper-slide-duplicate-next\" role=\"group\" data-kjs-slide=\"1\" data-swiper-slide-index=\"1\" aria-label=\"1 \/ 4\">\n<div data-kjs-app=\"content\/lightbox\" data-kjs-entityid=\"24\"><\/div>\n<\/div>\n<\/div>\n<\/div>\n<\/div>\n<\/div>\n<\/div>\n<\/section>\n<\/div>\n<\/div>\n<\/div>\n<\/div>\n<\/div>\n<\/section>\n<div class=\"fg-products-details-stage\" data-kjs-app=\"products\/details\/stage\" data-kjs-entityid=\"9\">\n<div data-kjs-view=\"main\">\n<section class=\"container\">\n<div class=\"row fc-stage\">\n<div class=\"col-sm-7 col-md-8 fc-left\">\n<div class=\"fc-media\">\n<div class=\"fg-content-carousel fg-carousel-wrapper swiper-container swiper-container-initialized swiper-container-horizontal swiper-container-pointer-events\" data-kjs-app=\"content\/carousel\" data-kjs-entityid=\"21\">\n<div id=\"swiper-wrapper-b0ab8103d986e70d8\" class=\"fc-carousel swiper-wrapper\" aria-live=\"polite\">\n<div class=\"fc-carousel-slide swiper-slide swiper-slide-duplicate swiper-slide-prev\" role=\"group\" data-kjs-slide=\"2\" data-swiper-slide-index=\"2\" aria-label=\"1 \/ 5\">\n<div data-kjs-app=\"content\/lightbox\" data-kjs-entityid=\"27\"><\/div>\n<\/div>\n<\/div>\n<\/div>\n<\/div>\n<\/div>\n<\/div>\n<\/section>\n<\/div>\n<\/div>\n<\/div>\n<\/div>\n<\/div>\n<\/section>\n<div class=\"fg-products-details-stage\" data-kjs-app=\"products\/details\/stage\" data-kjs-entityid=\"9\">\n<div data-kjs-view=\"main\">\n<section class=\"container\">\n<div class=\"row fc-stage\">\n<div class=\"col-sm-7 col-md-8 fc-left\">\n<div class=\"fc-media\">\n<div class=\"fg-content-carousel fg-carousel-wrapper swiper-container swiper-container-initialized swiper-container-horizontal swiper-container-pointer-events\" data-kjs-app=\"content\/carousel\" data-kjs-entityid=\"21\">\n<div id=\"swiper-wrapper-5fded1366e0194c7\" class=\"fc-carousel swiper-wrapper\" aria-live=\"polite\">\n<div class=\"fc-carousel-slide swiper-slide swiper-slide-duplicate swiper-slide-duplicate-active\" role=\"group\" data-kjs-slide=\"1\" data-swiper-slide-index=\"1\" aria-label=\"1 \/ 4\">\n<div data-kjs-app=\"content\/lightbox\" data-kjs-entityid=\"25\"><\/div>\n<\/div>\n<\/div>\n<\/div>\n<\/div>\n<\/div>\n<\/div>\n<\/section>\n<\/div>\n<\/div>","protected":false},"featured_media":5835,"comment_status":"open","ping_status":"closed","template":"","meta":[],"product_cat":[19,271,274],"product_tag":[],"class_list":{"0":"post-5816","1":"product","2":"type-product","3":"status-publish","4":"has-post-thumbnail","6":"product_cat-professional","7":"product_cat-pylesosy-professional","8":"product_cat-shhetochnye-pylesosy","10":"first","11":"instock","12":"shipping-taxable","13":"purchasable","14":"product-type-simple"},"_links":{"self":[{"href":"https:\/\/karchershop.az\/az\/wp-json\/wp\/v2\/product\/5816","targetHints":{"allow":["GET"]}}],"collection":[{"href":"https:\/\/karchershop.az\/az\/wp-json\/wp\/v2\/product"}],"about":[{"href":"https:\/\/karchershop.az\/az\/wp-json\/wp\/v2\/types\/product"}],"replies":[{"embeddable":true,"href":"https:\/\/karchershop.az\/az\/wp-json\/wp\/v2\/comments?post=5816"}],"wp:featuredmedia":[{"embeddable":true,"href":"https:\/\/karchershop.az\/az\/wp-json\/wp\/v2\/media\/5835"}],"wp:attachment":[{"href":"https:\/\/karchershop.az\/az\/wp-json\/wp\/v2\/media?parent=5816"}],"wp:term":[{"taxonomy":"product_cat","embeddable":true,"href":"https:\/\/karchershop.az\/az\/wp-json\/wp\/v2\/product_cat?post=5816"},{"taxonomy":"product_tag","embeddable":true,"href":"https:\/\/karchershop.az\/az\/wp-json\/wp\/v2\/product_tag?post=5816"}],"curies":[{"name":"wp","href":"https:\/\/api.w.org\/{rel}","templated":true}]}}