{"id":5836,"date":"2022-12-22T01:46:05","date_gmt":"2022-12-21T21:46:05","guid":{"rendered":"https:\/\/karchershop.az\/?post_type=product&#038;p=5836"},"modified":"2026-05-01T21:35:45","modified_gmt":"2026-05-01T17:35:45","slug":"moyushhij-pylesos-puzzi-10-1","status":"publish","type":"product","link":"https:\/\/karchershop.az\/az\/professional\/moyushhie-pylesosy-i-mashiny-dlya-chistki-kovrovyh-pokrytij\/moyushhij-pylesos-puzzi-10-1","title":{"rendered":"Puzzi 10\/1"},"content":{"rendered":"<div id=\"description\" class=\"row\" data-anchor=\"\u041e\u043f\u0438\u0441\u0430\u043d\u0438\u0435\">\n<div class=\"col-sm-12\">\n<div id=\"description\" class=\"row\" data-anchor=\"\u041e\u043f\u0438\u0441\u0430\u043d\u0438\u0435\">\n<div class=\"col-sm-12\">\n<div id=\"description\" class=\"row\" data-anchor=\"\u041e\u043f\u0438\u0441\u0430\u043d\u0438\u0435\">\n<div class=\"col-sm-12\">\n<div id=\"description\" class=\"row\" data-anchor=\"\u041e\u043f\u0438\u0441\u0430\u043d\u0438\u0435\">\n<div class=\"col-sm-12\">\n<div id=\"description\" class=\"row\" data-anchor=\"\u041e\u043f\u0438\u0441\u0430\u043d\u0438\u0435\">\n<div class=\"col-sm-12\">\n<div id=\"description\" class=\"row\" data-anchor=\"\u041e\u043f\u0438\u0441\u0430\u043d\u0438\u0435\">\n<div class=\"col-sm-12\">\n<div id=\"description\" class=\"row\" data-anchor=\"\u041e\u043f\u0438\u0441\u0430\u043d\u0438\u0435\">\n<div class=\"col-sm-12\">\n<div id=\"description\" class=\"row\" data-anchor=\"\u041e\u043f\u0438\u0441\u0430\u043d\u0438\u0435\">\n<div class=\"col-sm-12\">\n<div id=\"description\" class=\"row\" data-anchor=\"\u041e\u043f\u0438\u0441\u0430\u043d\u0438\u0435\">\n<div class=\"col-sm-12\">\n<div id=\"description\" class=\"row\" data-anchor=\"\u041e\u043f\u0438\u0441\u0430\u043d\u0438\u0435\">\n<div class=\"col-sm-12\">\n<div id=\"description\" class=\"row\" data-anchor=\"\u041e\u043f\u0438\u0441\u0430\u043d\u0438\u0435\">\n<div class=\"col-sm-12\">\n<div id=\"description\" class=\"row\" data-anchor=\"\u041e\u043f\u0438\u0441\u0430\u043d\u0438\u0435\">\n<div class=\"col-sm-12\">\n<p><span class=\"fix-spelling\">Xal\u00e7a yuma aparat\u0131<\/span>\u00a0Xal\u00e7a yuyan tozsoran Puzzi 10\/1 ki\u00e7ik v\u0259 orta \u00f6l\u00e7\u00fcl\u00fc s\u0259thl\u0259rin s\u0259m\u0259r\u0259li v\u0259 gigiyenik t\u0259mizl\u0259nm\u0259si \u00fc\u00e7\u00fcn ideal olan d\u00f6\u015f\u0259m\u0259 v\u0259 \u00fczl\u00fck ucluqlar\u0131 il\u0259. 1 bar i\u015f t\u0259zyiqi say\u0259sind\u0259 cihaz tekstilin d\u0259rin, lakin z\u0259rif t\u0259mizl\u0259nm\u0259sini t\u0259min edir v\u0259 x\u00fcsusil\u0259 xal\u00e7alar\u0131n v\u0259 yum\u015faq mebell\u0259rin t\u0259mizl\u0259nm\u0259si zaman\u0131 t\u0259sirli n\u0259tic\u0259l\u0259r n\u00fcmayi\u015f etdirir. Dar m\u0259rt\u0259b\u0259 nozzle onu m\u0259hdud m\u0259kanlarda bel\u0259 istifad\u0259 etm\u0259y\u0259 imkan verir. V\u0259 \u00e7evik s\u0131zd\u0131rmazl\u0131q zola\u011f\u0131 \u00e7ox s\u0131x olan s\u0259thl\u0259rin t\u0259mizl\u0259nm\u0259sini asanla\u015fd\u0131r\u0131r. Qur\u011fu h\u0259m\u00e7inin daxili kabel qarma\u011f\u0131 v\u0259 sap\u0131 v\u0259 uzatma borusu \u00fc\u00e7\u00fcn s\u0131xacla t\u0259chiz edilmi\u015fdir.<\/p>\n<\/div>\n<\/div>\n<div id=\"featurebenefits\" data-anchor=\"\u041e\u0441\u043e\u0431\u0435\u043d\u043d\u043e\u0441\u0442\u0438 \u0438 \u043f\u0440\u0435\u0438\u043c\u0443\u0449\u0435\u0441\u0442\u0432\u0430\"><\/div>\n<\/div>\n<\/div>\n<div id=\"featurebenefits\" data-anchor=\"\u041e\u0441\u043e\u0431\u0435\u043d\u043d\u043e\u0441\u0442\u0438 \u0438 \u043f\u0440\u0435\u0438\u043c\u0443\u0449\u0435\u0441\u0442\u0432\u0430\"><\/div>\n<\/div>\n<\/div>\n<div id=\"featurebenefits\" data-anchor=\"\u041e\u0441\u043e\u0431\u0435\u043d\u043d\u043e\u0441\u0442\u0438 \u0438 \u043f\u0440\u0435\u0438\u043c\u0443\u0449\u0435\u0441\u0442\u0432\u0430\"><\/div>\n<\/div>\n<\/div>\n<div id=\"featurebenefits\" data-anchor=\"\u041e\u0441\u043e\u0431\u0435\u043d\u043d\u043e\u0441\u0442\u0438 \u0438 \u043f\u0440\u0435\u0438\u043c\u0443\u0449\u0435\u0441\u0442\u0432\u0430\"><\/div>\n<\/div>\n<\/div>\n<div id=\"featurebenefits\" data-anchor=\"\u041e\u0441\u043e\u0431\u0435\u043d\u043d\u043e\u0441\u0442\u0438 \u0438 \u043f\u0440\u0435\u0438\u043c\u0443\u0449\u0435\u0441\u0442\u0432\u0430\"><\/div>\n<\/div>\n<\/div>\n<div id=\"featurebenefits\" data-anchor=\"\u041e\u0441\u043e\u0431\u0435\u043d\u043d\u043e\u0441\u0442\u0438 \u0438 \u043f\u0440\u0435\u0438\u043c\u0443\u0449\u0435\u0441\u0442\u0432\u0430\"><\/div>\n<\/div>\n<\/div>\n<div id=\"featurebenefits\" data-anchor=\"\u041e\u0441\u043e\u0431\u0435\u043d\u043d\u043e\u0441\u0442\u0438 \u0438 \u043f\u0440\u0435\u0438\u043c\u0443\u0449\u0435\u0441\u0442\u0432\u0430\"><\/div>\n<\/div>\n<\/div>\n<div id=\"featurebenefits\" data-anchor=\"\u041e\u0441\u043e\u0431\u0435\u043d\u043d\u043e\u0441\u0442\u0438 \u0438 \u043f\u0440\u0435\u0438\u043c\u0443\u0449\u0435\u0441\u0442\u0432\u0430\"><\/div>\n<\/div>\n<\/div>\n<div id=\"featurebenefits\" data-anchor=\"\u041e\u0441\u043e\u0431\u0435\u043d\u043d\u043e\u0441\u0442\u0438 \u0438 \u043f\u0440\u0435\u0438\u043c\u0443\u0449\u0435\u0441\u0442\u0432\u0430\"><\/div>\n<\/div>\n<\/div>\n<div id=\"featurebenefits\" data-anchor=\"\u041e\u0441\u043e\u0431\u0435\u043d\u043d\u043e\u0441\u0442\u0438 \u0438 \u043f\u0440\u0435\u0438\u043c\u0443\u0449\u0435\u0441\u0442\u0432\u0430\"><\/div>\n<\/div>\n<\/div>\n<div id=\"featurebenefits\" data-anchor=\"\u041e\u0441\u043e\u0431\u0435\u043d\u043d\u043e\u0441\u0442\u0438 \u0438 \u043f\u0440\u0435\u0438\u043c\u0443\u0449\u0435\u0441\u0442\u0432\u0430\"><\/div>\n<\/div>\n<\/div>\n<div id=\"featurebenefits\" data-anchor=\"\u041e\u0441\u043e\u0431\u0435\u043d\u043d\u043e\u0441\u0442\u0438 \u0438 \u043f\u0440\u0435\u0438\u043c\u0443\u0449\u0435\u0441\u0442\u0432\u0430\"><\/div>","protected":false},"excerpt":{"rendered":"<section id=\"ribbon\">\n<div class=\"container\">\n<div class=\"row\">\n<div class=\"col-sm-12 col-lg-9\">\n<section id=\"ribbon\">\n<div class=\"container\">\n<div class=\"row\">\n<div class=\"col-sm-12 col-lg-9\">\n<section id=\"ribbon\">\n<div class=\"container\">\n<div class=\"row\">\n<div class=\"col-sm-12 col-lg-9\">\n<section id=\"ribbon\">\n<div class=\"container\">\n<div class=\"row\">\n<div class=\"col-sm-12 col-lg-9\">\n<section id=\"ribbon\">\n<div class=\"container\">\n<div class=\"row\">\n<div class=\"col-sm-12 col-lg-9\">\n<section id=\"ribbon\">\n<div class=\"container\">\n<div class=\"row\">\n<div class=\"col-sm-12 col-lg-9\">\n<section id=\"ribbon\">\n<div class=\"container\">\n<div class=\"row\">\n<div class=\"col-sm-12 col-lg-9\">\n<section id=\"ribbon\">\n<div class=\"container\">\n<div class=\"row\">\n<div class=\"col-sm-12 col-lg-9\">\n<section id=\"ribbon\">\n<div class=\"container\">\n<div class=\"row\">\n<div class=\"col-sm-12 col-lg-9\">\n<p><span class=\"fix-spelling\">Xal\u00e7a yuma aparat\u0131<\/span>\u00a0Xal\u00e7a yuyan tozsoran Puzzi 10\/1 xal\u00e7alar\u0131 v\u0259 yum\u015faq mebell\u0259ri yuyaraq t\u0259mizl\u0259m\u0259k \u00fc\u00e7\u00fcn d\u00f6\u015f\u0259m\u0259 v\u0259 \u00fczl\u00fck ucluqlar\u0131 il\u0259. Ki\u00e7ik s\u0259thl\u0259r \u00fc\u00e7\u00fcn ideald\u0131r. \u0130nteqrasiya edilmi\u015f kabel qarma\u011f\u0131 v\u0259 tutacaq v\u0259 uzatma borusu \u00fc\u00e7\u00fcn tutucu il\u0259.<\/p>\n<\/div>\n<\/div>\n<\/div>\n<\/section>\n<div class=\"fg-products-details-stage\" data-kjs-app=\"products\/details\/stage\" data-kjs-entityid=\"9\">\n<div data-kjs-view=\"main\">\n<section class=\"container\">\n<div class=\"row fc-stage\">\n<div class=\"col-sm-7 col-md-8 fc-left\">\n<div class=\"fc-media\">\n<div class=\"fg-content-carousel fg-carousel-wrapper swiper-container swiper-container-initialized swiper-container-horizontal swiper-container-pointer-events\" data-kjs-app=\"content\/carousel\" data-kjs-entityid=\"28\">\n<div id=\"swiper-wrapper-d97b10ae0be1037ae9\" class=\"fc-carousel swiper-wrapper\">\n<div class=\"fc-carousel-slide swiper-slide swiper-slide-duplicate swiper-slide-prev\" role=\"group\" data-kjs-slide=\"3\" data-swiper-slide-index=\"3\" aria-label=\"1 \/ 6\">\n<div data-kjs-app=\"content\/video\" data-kjs-entityid=\"36\">\n<div data-kjs-view=\"main\"><\/div>\n<\/div>\n<\/div>\n<div class=\"fc-carousel-slide swiper-slide fc-visible swiper-slide-active fc-image-loaded\" role=\"group\" data-kjs-slide=\"0\" data-swiper-slide-index=\"0\" aria-label=\"2 \/ 6\">\n<div class=\"fg-wishlist-control\" data-kjs-app=\"wishlist\/control\" data-kjs-entityid=\"29\">\n<div data-kjs-view=\"controls\"><\/div>\n<\/div>\n<div data-kjs-app=\"content\/lightbox\" data-kjs-entityid=\"30\"><\/div>\n<\/div>\n<\/div>\n<\/div>\n<\/div>\n<\/div>\n<\/div>\n<\/section>\n<\/div>\n<\/div>\n<\/div>\n<\/div>\n<\/div>\n<\/section>\n<div class=\"fg-products-details-stage\" data-kjs-app=\"products\/details\/stage\" data-kjs-entityid=\"9\">\n<div data-kjs-view=\"main\">\n<section class=\"container\">\n<div class=\"row fc-stage\">\n<div class=\"col-sm-7 col-md-8 fc-left\">\n<div class=\"fc-media\">\n<div class=\"fg-content-carousel fg-carousel-wrapper swiper-container swiper-container-initialized swiper-container-horizontal swiper-container-pointer-events\" data-kjs-app=\"content\/carousel\" data-kjs-entityid=\"22\">\n<div id=\"swiper-wrapper-a53a5a90ad656588\" class=\"fc-carousel swiper-wrapper\">\n<div class=\"fc-carousel-slide swiper-slide swiper-slide-duplicate swiper-slide-prev\" role=\"group\" data-kjs-slide=\"6\" data-swiper-slide-index=\"6\" aria-label=\"1 \/ 9\">\n<div data-kjs-app=\"content\/video\" data-kjs-entityid=\"36\">\n<div data-kjs-view=\"main\"><\/div>\n<\/div>\n<\/div>\n<div class=\"fc-carousel-slide swiper-slide fc-visible swiper-slide-active fc-image-loaded\" role=\"group\" data-kjs-slide=\"0\" data-swiper-slide-index=\"0\" aria-label=\"2 \/ 9\">\n<div class=\"fg-wishlist-control\" data-kjs-app=\"wishlist\/control\" data-kjs-entityid=\"23\">\n<div data-kjs-view=\"controls\"><\/div>\n<\/div>\n<div data-kjs-app=\"content\/lightbox\" data-kjs-entityid=\"24\"><\/div>\n<\/div>\n<\/div>\n<\/div>\n<\/div>\n<\/div>\n<\/div>\n<\/section>\n<\/div>\n<\/div>\n<\/div>\n<\/div>\n<\/div>\n<\/section>\n<div class=\"fg-products-details-stage\" data-kjs-app=\"products\/details\/stage\" data-kjs-entityid=\"9\">\n<div data-kjs-view=\"main\">\n<section class=\"container\">\n<div class=\"row fc-stage\">\n<div class=\"col-sm-7 col-md-8 fc-left\">\n<div class=\"fc-media\">\n<div class=\"fg-content-carousel fg-carousel-wrapper swiper-container swiper-container-initialized swiper-container-horizontal swiper-container-pointer-events\" data-kjs-app=\"content\/carousel\" data-kjs-entityid=\"22\">\n<div id=\"swiper-wrapper-7aaddb627e3ba9d1\" class=\"fc-carousel swiper-wrapper\">\n<div class=\"fc-carousel-slide swiper-slide swiper-slide-duplicate swiper-slide-duplicate-next\" role=\"group\" data-kjs-slide=\"2\" data-swiper-slide-index=\"2\" aria-label=\"1 \/ 5\">\n<div data-kjs-app=\"content\/video\" data-kjs-entityid=\"28\">\n<div data-kjs-view=\"main\"><\/div>\n<\/div>\n<\/div>\n<div class=\"fc-carousel-slide swiper-slide fc-image-loaded swiper-slide-prev\" role=\"group\" data-kjs-slide=\"0\" data-swiper-slide-index=\"0\" aria-label=\"2 \/ 5\">\n<div class=\"fg-wishlist-control\" data-kjs-app=\"wishlist\/control\" data-kjs-entityid=\"23\">\n<div data-kjs-view=\"controls\"><\/div>\n<\/div>\n<div data-kjs-app=\"content\/lightbox\" data-kjs-entityid=\"24\"><\/div>\n<\/div>\n<\/div>\n<\/div>\n<\/div>\n<\/div>\n<\/div>\n<\/section>\n<\/div>\n<\/div>\n<\/div>\n<\/div>\n<\/div>\n<\/section>\n<div class=\"fg-products-details-stage\" data-kjs-app=\"products\/details\/stage\" data-kjs-entityid=\"9\">\n<div data-kjs-view=\"main\">\n<section class=\"container\">\n<div class=\"row fc-stage\">\n<div class=\"col-sm-7 col-md-8 fc-left\">\n<div class=\"fc-media\">\n<div class=\"fg-content-carousel fg-carousel-wrapper swiper-container swiper-container-initialized swiper-container-horizontal swiper-container-pointer-events\" data-kjs-app=\"content\/carousel\" data-kjs-entityid=\"22\">\n<div id=\"swiper-wrapper-38e132bb79587cf10\" class=\"fc-carousel swiper-wrapper\">\n<div class=\"fc-carousel-slide swiper-slide swiper-slide-duplicate swiper-slide-prev\" role=\"group\" data-kjs-slide=\"8\" data-swiper-slide-index=\"8\" aria-label=\"1 \/ 11\">\n<div data-kjs-app=\"content\/video\" data-kjs-entityid=\"40\">\n<div data-kjs-view=\"main\"><\/div>\n<\/div>\n<\/div>\n<div class=\"fc-carousel-slide swiper-slide fc-visible swiper-slide-active fc-image-loaded\" role=\"group\" data-kjs-slide=\"0\" data-swiper-slide-index=\"0\" aria-label=\"2 \/ 11\">\n<div class=\"fg-wishlist-control\" data-kjs-app=\"wishlist\/control\" data-kjs-entityid=\"23\">\n<div data-kjs-view=\"controls\"><\/div>\n<\/div>\n<div data-kjs-app=\"content\/lightbox\" data-kjs-entityid=\"24\"><\/div>\n<\/div>\n<\/div>\n<\/div>\n<\/div>\n<\/div>\n<\/div>\n<\/section>\n<\/div>\n<\/div>\n<\/div>\n<\/div>\n<\/div>\n<\/section>\n<div class=\"fg-products-details-stage\" data-kjs-app=\"products\/details\/stage\" data-kjs-entityid=\"9\">\n<div data-kjs-view=\"main\">\n<section class=\"container\">\n<div class=\"row fc-stage\">\n<div class=\"col-sm-7 col-md-8 fc-left\">\n<div class=\"fc-media\">\n<div class=\"fg-content-carousel fg-carousel-wrapper swiper-container swiper-container-initialized swiper-container-horizontal swiper-container-pointer-events\" data-kjs-app=\"content\/carousel\" data-kjs-entityid=\"22\">\n<div id=\"swiper-wrapper-dceced8e85ebe8d5\" class=\"fc-carousel swiper-wrapper\">\n<div class=\"fc-carousel-slide swiper-slide swiper-slide-duplicate swiper-slide-prev swiper-slide-duplicate-next\" role=\"group\" data-kjs-slide=\"1\" data-swiper-slide-index=\"1\" aria-label=\"1 \/ 4\">\n<div data-kjs-app=\"content\/video\" data-kjs-entityid=\"26\">\n<div data-kjs-view=\"main\"><\/div>\n<\/div>\n<\/div>\n<div class=\"fc-carousel-slide swiper-slide fc-visible swiper-slide-active fc-image-loaded\" role=\"group\" data-kjs-slide=\"0\" data-swiper-slide-index=\"0\" aria-label=\"2 \/ 4\">\n<div class=\"fg-wishlist-control\" data-kjs-app=\"wishlist\/control\" data-kjs-entityid=\"23\">\n<div data-kjs-view=\"controls\"><\/div>\n<\/div>\n<div data-kjs-app=\"content\/lightbox\" data-kjs-entityid=\"24\"><\/div>\n<\/div>\n<\/div>\n<\/div>\n<\/div>\n<\/div>\n<\/div>\n<\/section>\n<\/div>\n<\/div>\n<\/div>\n<\/div>\n<\/div>\n<\/section>\n<div class=\"fg-products-details-stage\" data-kjs-app=\"products\/details\/stage\" data-kjs-entityid=\"9\">\n<div data-kjs-view=\"main\">\n<section class=\"container\">\n<div class=\"row fc-stage\">\n<div class=\"col-sm-7 col-md-8 fc-left\">\n<div class=\"fc-media\">\n<div class=\"fg-content-carousel fg-carousel-wrapper swiper-container swiper-container-initialized swiper-container-horizontal swiper-container-pointer-events\" data-kjs-app=\"content\/carousel\" data-kjs-entityid=\"20\">\n<div id=\"swiper-wrapper-2ef1049745bd361b3\" class=\"fc-carousel swiper-wrapper\">\n<div class=\"fc-carousel-slide swiper-slide swiper-slide-duplicate swiper-slide-prev\" role=\"group\" data-kjs-slide=\"9\" data-swiper-slide-index=\"9\" aria-label=\"1 \/ 12\">\n<div data-kjs-app=\"content\/lightbox\" data-kjs-entityid=\"40\"><\/div>\n<\/div>\n<\/div>\n<\/div>\n<\/div>\n<\/div>\n<\/div>\n<\/section>\n<\/div>\n<\/div>\n<\/div>\n<\/div>\n<\/div>\n<\/section>\n<div class=\"fg-products-details-stage\" data-kjs-app=\"products\/details\/stage\" data-kjs-entityid=\"9\">\n<div data-kjs-view=\"main\">\n<section class=\"container\">\n<div class=\"row fc-stage\">\n<div class=\"col-sm-7 col-md-8 fc-left\">\n<div class=\"fc-media\">\n<div class=\"fg-content-carousel fg-carousel-wrapper swiper-container swiper-container-initialized swiper-container-horizontal swiper-container-pointer-events\" data-kjs-app=\"content\/carousel\" data-kjs-entityid=\"20\">\n<div id=\"swiper-wrapper-c59aedbfefe38933\" class=\"fc-carousel swiper-wrapper\">\n<div class=\"fc-carousel-slide swiper-slide swiper-slide-duplicate swiper-slide-prev swiper-slide-duplicate-next\" role=\"group\" data-kjs-slide=\"1\" data-swiper-slide-index=\"1\" aria-label=\"1 \/ 4\">\n<div data-kjs-app=\"content\/lightbox\" data-kjs-entityid=\"24\"><\/div>\n<\/div>\n<\/div>\n<\/div>\n<\/div>\n<\/div>\n<\/div>\n<\/section>\n<\/div>\n<\/div>\n<\/div>\n<\/div>\n<\/div>\n<\/section>\n<div class=\"fg-products-details-stage\" data-kjs-app=\"products\/details\/stage\" data-kjs-entityid=\"9\">\n<div data-kjs-view=\"main\">\n<section class=\"container\">\n<div class=\"row fc-stage\">\n<div class=\"col-sm-7 col-md-8 fc-left\">\n<div class=\"fc-media\">\n<div class=\"fg-content-carousel fg-carousel-wrapper swiper-container swiper-container-initialized swiper-container-horizontal swiper-container-pointer-events\" data-kjs-app=\"content\/carousel\" data-kjs-entityid=\"21\">\n<div id=\"swiper-wrapper-b0ab8103d986e70d8\" class=\"fc-carousel swiper-wrapper\">\n<div class=\"fc-carousel-slide swiper-slide swiper-slide-duplicate swiper-slide-prev\" role=\"group\" data-kjs-slide=\"2\" data-swiper-slide-index=\"2\" aria-label=\"1 \/ 5\">\n<div data-kjs-app=\"content\/lightbox\" data-kjs-entityid=\"27\"><\/div>\n<\/div>\n<\/div>\n<\/div>\n<\/div>\n<\/div>\n<\/div>\n<\/section>\n<\/div>\n<\/div>\n<\/div>\n<\/div>\n<\/div>\n<\/section>\n<div class=\"fg-products-details-stage\" data-kjs-app=\"products\/details\/stage\" data-kjs-entityid=\"9\">\n<div data-kjs-view=\"main\">\n<section class=\"container\">\n<div class=\"row fc-stage\">\n<div class=\"col-sm-7 col-md-8 fc-left\">\n<div class=\"fc-media\">\n<div class=\"fg-content-carousel fg-carousel-wrapper swiper-container swiper-container-initialized swiper-container-horizontal swiper-container-pointer-events\" data-kjs-app=\"content\/carousel\" data-kjs-entityid=\"21\">\n<div id=\"swiper-wrapper-5fded1366e0194c7\" class=\"fc-carousel swiper-wrapper\">\n<div class=\"fc-carousel-slide swiper-slide swiper-slide-duplicate swiper-slide-duplicate-active\" role=\"group\" data-kjs-slide=\"1\" data-swiper-slide-index=\"1\" aria-label=\"1 \/ 4\">\n<div data-kjs-app=\"content\/lightbox\" data-kjs-entityid=\"25\"><\/div>\n<\/div>\n<\/div>\n<\/div>\n<\/div>\n<\/div>\n<\/div>\n<\/section>\n<\/div>\n<\/div>","protected":false},"featured_media":16114,"comment_status":"open","ping_status":"closed","template":"","meta":[],"product_cat":[19,277],"product_tag":[],"class_list":{"0":"post-5836","1":"product","2":"type-product","3":"status-publish","4":"has-post-thumbnail","6":"product_cat-professional","7":"product_cat-moyushhie-pylesosy-i-mashiny-dlya-chistki-kovrovyh-pokrytij","9":"first","10":"instock","11":"shipping-taxable","12":"purchasable","13":"product-type-simple"},"_links":{"self":[{"href":"https:\/\/karchershop.az\/az\/wp-json\/wp\/v2\/product\/5836","targetHints":{"allow":["GET"]}}],"collection":[{"href":"https:\/\/karchershop.az\/az\/wp-json\/wp\/v2\/product"}],"about":[{"href":"https:\/\/karchershop.az\/az\/wp-json\/wp\/v2\/types\/product"}],"replies":[{"embeddable":true,"href":"https:\/\/karchershop.az\/az\/wp-json\/wp\/v2\/comments?post=5836"}],"wp:featuredmedia":[{"embeddable":true,"href":"https:\/\/karchershop.az\/az\/wp-json\/wp\/v2\/media\/16114"}],"wp:attachment":[{"href":"https:\/\/karchershop.az\/az\/wp-json\/wp\/v2\/media?parent=5836"}],"wp:term":[{"taxonomy":"product_cat","embeddable":true,"href":"https:\/\/karchershop.az\/az\/wp-json\/wp\/v2\/product_cat?post=5836"},{"taxonomy":"product_tag","embeddable":true,"href":"https:\/\/karchershop.az\/az\/wp-json\/wp\/v2\/product_tag?post=5836"}],"curies":[{"name":"wp","href":"https:\/\/api.w.org\/{rel}","templated":true}]}}