{"id":5908,"date":"2022-12-22T03:19:42","date_gmt":"2022-12-21T23:19:42","guid":{"rendered":"https:\/\/karchershop.az\/?post_type=product&#038;p=5908"},"modified":"2026-03-12T17:02:24","modified_gmt":"2026-03-12T13:02:24","slug":"pylesos-suhoj-uborki-t-14-1-classic","status":"publish","type":"product","link":"https:\/\/karchershop.az\/az\/professional\/pylesosy-professional\/pylesosy-dlya-suhoj-uborki\/pylesos-suhoj-uborki-t-14-1-classic","title":{"rendered":"T 14\/1 Classic"},"content":{"rendered":"<div id=\"description\" class=\"row\" data-anchor=\"\u041e\u043f\u0438\u0441\u0430\u043d\u0438\u0435\">\n<div class=\"col-sm-12\">\n<div id=\"description\" class=\"row\" data-anchor=\"\u041e\u043f\u0438\u0441\u0430\u043d\u0438\u0435\">\n<div class=\"col-sm-12\">\n<div id=\"description\" class=\"row\" data-anchor=\"\u041e\u043f\u0438\u0441\u0430\u043d\u0438\u0435\">\n<div class=\"col-sm-12\">\n<div id=\"description\" class=\"row\" data-anchor=\"\u041e\u043f\u0438\u0441\u0430\u043d\u0438\u0435\">\n<div class=\"col-sm-12\">\n<div id=\"description\" class=\"row\" data-anchor=\"\u041e\u043f\u0438\u0441\u0430\u043d\u0438\u0435\">\n<div class=\"col-sm-12\">\n<div id=\"description\" class=\"row\" data-anchor=\"\u041e\u043f\u0438\u0441\u0430\u043d\u0438\u0435\">\n<div class=\"col-sm-12\">\n<div id=\"description\" class=\"row\" data-anchor=\"\u041e\u043f\u0438\u0441\u0430\u043d\u0438\u0435\">\n<div class=\"col-sm-12\">\n<div id=\"description\" class=\"row\" data-anchor=\"\u041e\u043f\u0438\u0441\u0430\u043d\u0438\u0435\">\n<div class=\"col-sm-12\">\n<div id=\"description\" class=\"row\" data-anchor=\"\u041e\u043f\u0438\u0441\u0430\u043d\u0438\u0435\">\n<div class=\"col-sm-12\">\n<div id=\"description\" class=\"row\" data-anchor=\"\u041e\u043f\u0438\u0441\u0430\u043d\u0438\u0435\">\n<div class=\"col-sm-12\">\n<div id=\"description\" class=\"row\" data-anchor=\"\u041e\u043f\u0438\u0441\u0430\u043d\u0438\u0435\">\n<div class=\"col-sm-12\">\n<div id=\"description\" class=\"row\" data-anchor=\"\u041e\u043f\u0438\u0441\u0430\u043d\u0438\u0435\">\n<div class=\"col-sm-12\">\n<div id=\"description\" class=\"row\" data-anchor=\"\u041e\u043f\u0438\u0441\u0430\u043d\u0438\u0435\">\n<div class=\"col-sm-12\">\n<div id=\"description\" class=\"row\" data-anchor=\"\u041e\u043f\u0438\u0441\u0430\u043d\u0438\u0435\">\n<div class=\"col-sm-12\">\n<div id=\"description\" class=\"row\" data-anchor=\"\u041e\u043f\u0438\u0441\u0430\u043d\u0438\u0435\">\n<div class=\"col-sm-12\">\n<p>T 14\/1 Classic quru t\u0259mizl\u0259yici elektrik s\u00fcp\u00fcrg\u0259sini sat\u0131n alaraq asan v\u0259 davaml\u0131 bir ma\u015f\u0131n \u0259ld\u0259 ed\u0259rsiniz. Bunlar\u0131n aras\u0131nda \u00fcst\u00fcnl\u00fckl\u0259ri rahat i\u015fl\u0259m\u0259, y\u00fcks\u0259k sorma g\u00fcc\u00fc v\u0259 \u0259la d\u0259y\u0259rdir. B\u00f6y\u00fck bir ayaq a\u00e7ar\u0131 i\u015f\u0259 ba\u015flad\u0131\u011f\u0131n\u0131z andan v\u0259zif\u0259ni asanla\u015fd\u0131r\u0131r. 14 litrlik bir tullant\u0131 qutusu fasil\u0259siz uzun m\u00fcdd\u0259tli istifad\u0259y\u0259 z\u0259man\u0259t verir. N\u0259hay\u0259t, t\u0259mizl\u0259nm\u0259nin sonunda filtr \u00e7antas\u0131n\u0131 saniy\u0259d\u0259 \u0259v\u0259z ed\u0259 bil\u0259rsiniz - turbin ba\u015f\u0131ndak\u0131 iki klip say\u0259sind\u0259. Neylondan haz\u0131rlanm\u0131\u015f b\u00f6y\u00fck bir daimi filtr, effektiv \u015f\u0259kild\u0259 toz tutur v\u0259 asanl\u0131qla t\u0259mizl\u0259nir. Pill\u0259k\u0259nl\u0259r\u0259 v\u0259 ya uzun m\u0259saf\u0259l\u0259r\u0259 qalxmaq erqonomik formal\u0131 qol say\u0259sind\u0259 \u00e7\u0259tin olmayacaqd\u0131r. Bundan \u0259lav\u0259, y\u00fcks\u0259k h\u0259r\u0259k\u0259tlilik v\u0259 manevr qabiliyy\u0259ti, 2 i\u015fl\u0259y\u0259n t\u0259k\u0259rl\u0259r v\u0259 d\u00f6ng\u0259 geyimi olan m\u00f6hk\u0259m t\u0259k\u0259rl\u0259r t\u0259r\u0259find\u0259n d\u0259st\u0259kl\u0259nir.<\/p>\n<\/div>\n<\/div>\n<div id=\"featurebenefits\" data-anchor=\"\u041e\u0441\u043e\u0431\u0435\u043d\u043d\u043e\u0441\u0442\u0438 \u0438 \u043f\u0440\u0435\u0438\u043c\u0443\u0449\u0435\u0441\u0442\u0432\u0430\"><\/div>\n<\/div>\n<\/div>\n<div id=\"featurebenefits\" data-anchor=\"\u041e\u0441\u043e\u0431\u0435\u043d\u043d\u043e\u0441\u0442\u0438 \u0438 \u043f\u0440\u0435\u0438\u043c\u0443\u0449\u0435\u0441\u0442\u0432\u0430\"><\/div>\n<\/div>\n<\/div>\n<div id=\"featurebenefits\" data-anchor=\"\u041e\u0441\u043e\u0431\u0435\u043d\u043d\u043e\u0441\u0442\u0438 \u0438 \u043f\u0440\u0435\u0438\u043c\u0443\u0449\u0435\u0441\u0442\u0432\u0430\"><\/div>\n<\/div>\n<\/div>\n<div id=\"featurebenefits\" data-anchor=\"\u041e\u0441\u043e\u0431\u0435\u043d\u043d\u043e\u0441\u0442\u0438 \u0438 \u043f\u0440\u0435\u0438\u043c\u0443\u0449\u0435\u0441\u0442\u0432\u0430\"><\/div>\n<\/div>\n<\/div>\n<div id=\"featurebenefits\" data-anchor=\"\u041e\u0441\u043e\u0431\u0435\u043d\u043d\u043e\u0441\u0442\u0438 \u0438 \u043f\u0440\u0435\u0438\u043c\u0443\u0449\u0435\u0441\u0442\u0432\u0430\"><\/div>\n<\/div>\n<\/div>\n<div id=\"featurebenefits\" data-anchor=\"\u041e\u0441\u043e\u0431\u0435\u043d\u043d\u043e\u0441\u0442\u0438 \u0438 \u043f\u0440\u0435\u0438\u043c\u0443\u0449\u0435\u0441\u0442\u0432\u0430\"><\/div>\n<\/div>\n<\/div>\n<div id=\"featurebenefits\" data-anchor=\"\u041e\u0441\u043e\u0431\u0435\u043d\u043d\u043e\u0441\u0442\u0438 \u0438 \u043f\u0440\u0435\u0438\u043c\u0443\u0449\u0435\u0441\u0442\u0432\u0430\"><\/div>\n<\/div>\n<\/div>\n<div id=\"featurebenefits\" data-anchor=\"\u041e\u0441\u043e\u0431\u0435\u043d\u043d\u043e\u0441\u0442\u0438 \u0438 \u043f\u0440\u0435\u0438\u043c\u0443\u0449\u0435\u0441\u0442\u0432\u0430\"><\/div>\n<\/div>\n<\/div>\n<div id=\"featurebenefits\" data-anchor=\"\u041e\u0441\u043e\u0431\u0435\u043d\u043d\u043e\u0441\u0442\u0438 \u0438 \u043f\u0440\u0435\u0438\u043c\u0443\u0449\u0435\u0441\u0442\u0432\u0430\"><\/div>\n<\/div>\n<\/div>\n<div id=\"featurebenefits\" data-anchor=\"\u041e\u0441\u043e\u0431\u0435\u043d\u043d\u043e\u0441\u0442\u0438 \u0438 \u043f\u0440\u0435\u0438\u043c\u0443\u0449\u0435\u0441\u0442\u0432\u0430\"><\/div>\n<\/div>\n<\/div>\n<div id=\"featurebenefits\" data-anchor=\"\u041e\u0441\u043e\u0431\u0435\u043d\u043d\u043e\u0441\u0442\u0438 \u0438 \u043f\u0440\u0435\u0438\u043c\u0443\u0449\u0435\u0441\u0442\u0432\u0430\"><\/div>\n<\/div>\n<\/div>\n<div id=\"featurebenefits\" data-anchor=\"\u041e\u0441\u043e\u0431\u0435\u043d\u043d\u043e\u0441\u0442\u0438 \u0438 \u043f\u0440\u0435\u0438\u043c\u0443\u0449\u0435\u0441\u0442\u0432\u0430\"><\/div>\n<\/div>\n<\/div>\n<div id=\"featurebenefits\" data-anchor=\"\u041e\u0441\u043e\u0431\u0435\u043d\u043d\u043e\u0441\u0442\u0438 \u0438 \u043f\u0440\u0435\u0438\u043c\u0443\u0449\u0435\u0441\u0442\u0432\u0430\"><\/div>\n<\/div>\n<\/div>\n<div id=\"featurebenefits\" data-anchor=\"\u041e\u0441\u043e\u0431\u0435\u043d\u043d\u043e\u0441\u0442\u0438 \u0438 \u043f\u0440\u0435\u0438\u043c\u0443\u0449\u0435\u0441\u0442\u0432\u0430\"><\/div>\n<\/div>\n<\/div>\n<div id=\"featurebenefits\" data-anchor=\"\u041e\u0441\u043e\u0431\u0435\u043d\u043d\u043e\u0441\u0442\u0438 \u0438 \u043f\u0440\u0435\u0438\u043c\u0443\u0449\u0435\u0441\u0442\u0432\u0430\"><\/div>","protected":false},"excerpt":{"rendered":"<section id=\"ribbon\">\n<div class=\"container\">\n<div class=\"row\">\n<div class=\"col-sm-12 col-lg-9\">\n<section id=\"ribbon\">\n<div class=\"container\">\n<div class=\"row\">\n<div class=\"col-sm-12 col-lg-9\">\n<section id=\"ribbon\">\n<div class=\"container\">\n<div class=\"row\">\n<div class=\"col-sm-12 col-lg-9\">\n<section id=\"ribbon\">\n<div class=\"container\">\n<div class=\"row\">\n<div class=\"col-sm-12 col-lg-9\">\n<section id=\"ribbon\">\n<div class=\"container\">\n<div class=\"row\">\n<div class=\"col-sm-12 col-lg-9\">\n<section id=\"ribbon\">\n<div class=\"container\">\n<div class=\"row\">\n<div class=\"col-sm-12 col-lg-9\">\n<section id=\"ribbon\">\n<div class=\"container\">\n<div class=\"row\">\n<div class=\"col-sm-12 col-lg-9\">\n<section id=\"ribbon\">\n<div class=\"container\">\n<div class=\"row\">\n<div class=\"col-sm-12 col-lg-9\">\n<section id=\"ribbon\">\n<div class=\"container\">\n<div class=\"row\">\n<div class=\"col-sm-12 col-lg-9\">\n<section id=\"ribbon\">\n<div class=\"container\">\n<div class=\"row\">\n<div class=\"col-sm-12 col-lg-9\">\n<section id=\"ribbon\">\n<div class=\"container\">\n<div class=\"row\">\n<div class=\"col-sm-12 col-lg-9\">\n<section id=\"ribbon\">\n<div class=\"container\">\n<div class=\"row\">\n<div class=\"col-sm-12 col-lg-9\">\n<p>Y\u00fcng\u00fcl, davaml\u0131, ucuzdur: T 14\/1 Classic quru t\u0259mizl\u0259yici tozsoran g\u00fccl\u00fc sorucu g\u00fcc\u00fc, asan i\u015fl\u0259m\u0259 qabiliyy\u0259ti v\u0259 davaml\u0131 istifad\u0259 \u00fc\u00e7\u00fcn 14 litrlik tullant\u0131 qab\u0131 t\u0259klif edir.<\/p>\n<\/div>\n<\/div>\n<\/div>\n<\/section>\n<div class=\"fg-products-details-stage\" data-kjs-app=\"products\/details\/stage\" data-kjs-entityid=\"9\">\n<div data-kjs-view=\"main\">\n<section class=\"container\">\n<div class=\"row fc-stage\">\n<div class=\"col-sm-7 col-md-8 fc-left\">\n<div class=\"fc-media\">\n<div class=\"fg-content-carousel fg-carousel-wrapper swiper-container swiper-container-initialized swiper-container-horizontal swiper-container-pointer-events\" data-kjs-app=\"content\/carousel\" data-kjs-entityid=\"21\">\n<div id=\"swiper-wrapper-5840345da848e814\" class=\"fc-carousel swiper-wrapper\">\n<div class=\"fc-carousel-slide swiper-slide swiper-slide-duplicate swiper-slide-prev\" role=\"group\" data-kjs-slide=\"3\" data-swiper-slide-index=\"3\" aria-label=\"1 \/ 6\">\n<div data-kjs-app=\"content\/video\" data-kjs-entityid=\"29\">\n<div data-kjs-view=\"main\"><\/div>\n<\/div>\n<\/div>\n<div class=\"fc-carousel-slide swiper-slide fc-visible swiper-slide-active fc-image-loaded\" role=\"group\" data-kjs-slide=\"0\" data-swiper-slide-index=\"0\" aria-label=\"2 \/ 6\">\n<div class=\"fg-wishlist-control\" data-kjs-app=\"wishlist\/control\" data-kjs-entityid=\"22\">\n<div data-kjs-view=\"controls\"><\/div>\n<\/div>\n<div data-kjs-app=\"content\/lightbox\" data-kjs-entityid=\"23\"><\/div>\n<\/div>\n<\/div>\n<\/div>\n<\/div>\n<\/div>\n<\/div>\n<\/section>\n<\/div>\n<\/div>\n<\/div>\n<\/div>\n<\/div>\n<\/section>\n<div class=\"fg-products-details-stage\" data-kjs-app=\"products\/details\/stage\" data-kjs-entityid=\"9\">\n<div data-kjs-view=\"main\">\n<section class=\"container\">\n<div class=\"row fc-stage\">\n<div class=\"col-sm-7 col-md-8 fc-left\">\n<div class=\"fc-media\">\n<div class=\"fg-content-carousel fg-carousel-wrapper swiper-container swiper-container-initialized swiper-container-horizontal swiper-container-pointer-events\" data-kjs-app=\"content\/carousel\" data-kjs-entityid=\"25\">\n<div id=\"swiper-wrapper-b8c1cad3fc5310cad\" class=\"fc-carousel swiper-wrapper\">\n<div class=\"fc-carousel-slide swiper-slide swiper-slide-duplicate swiper-slide-prev swiper-slide-duplicate-next\" role=\"group\" data-kjs-slide=\"1\" data-swiper-slide-index=\"1\" aria-label=\"1 \/ 4\">\n<div data-kjs-app=\"content\/video\" data-kjs-entityid=\"29\">\n<div data-kjs-view=\"main\"><\/div>\n<\/div>\n<\/div>\n<div class=\"fc-carousel-slide swiper-slide fc-visible swiper-slide-active fc-image-loaded\" role=\"group\" data-kjs-slide=\"0\" data-swiper-slide-index=\"0\" aria-label=\"2 \/ 4\">\n<div class=\"fg-wishlist-control\" data-kjs-app=\"wishlist\/control\" data-kjs-entityid=\"26\">\n<div data-kjs-view=\"controls\"><\/div>\n<\/div>\n<div data-kjs-app=\"content\/lightbox\" data-kjs-entityid=\"27\"><\/div>\n<\/div>\n<\/div>\n<\/div>\n<\/div>\n<\/div>\n<\/div>\n<\/section>\n<\/div>\n<\/div>\n<\/div>\n<\/div>\n<\/div>\n<\/section>\n<div class=\"fg-products-details-stage\" data-kjs-app=\"products\/details\/stage\" data-kjs-entityid=\"9\">\n<div data-kjs-view=\"main\">\n<section class=\"container\">\n<div class=\"row fc-stage\">\n<div class=\"col-sm-7 col-md-8 fc-left\">\n<div class=\"fc-media\">\n<div class=\"fg-content-carousel fg-carousel-wrapper swiper-container swiper-container-initialized swiper-container-horizontal swiper-container-pointer-events\" data-kjs-app=\"content\/carousel\" data-kjs-entityid=\"25\">\n<div id=\"swiper-wrapper-03fd71f1cf8100a0e\" class=\"fc-carousel swiper-wrapper\">\n<div class=\"fc-carousel-slide swiper-slide swiper-slide-duplicate swiper-slide-prev swiper-slide-duplicate-next\" role=\"group\" data-kjs-slide=\"1\" data-swiper-slide-index=\"1\" aria-label=\"1 \/ 4\">\n<div data-kjs-app=\"content\/video\" data-kjs-entityid=\"29\">\n<div data-kjs-view=\"main\"><\/div>\n<\/div>\n<\/div>\n<div class=\"fc-carousel-slide swiper-slide fc-image-loaded fc-visible swiper-slide-active\" role=\"group\" data-kjs-slide=\"0\" data-swiper-slide-index=\"0\" aria-label=\"2 \/ 4\">\n<div class=\"fg-wishlist-control\" data-kjs-app=\"wishlist\/control\" data-kjs-entityid=\"26\">\n<div data-kjs-view=\"controls\"><\/div>\n<\/div>\n<div data-kjs-app=\"content\/lightbox\" data-kjs-entityid=\"27\"><\/div>\n<\/div>\n<\/div>\n<\/div>\n<\/div>\n<\/div>\n<\/div>\n<\/section>\n<\/div>\n<\/div>\n<\/div>\n<\/div>\n<\/div>\n<\/section>\n<div class=\"fg-products-details-stage\" data-kjs-app=\"products\/details\/stage\" data-kjs-entityid=\"9\">\n<div data-kjs-view=\"main\">\n<section class=\"container\">\n<div class=\"row fc-stage\">\n<div class=\"col-sm-7 col-md-8 fc-left\">\n<div class=\"fc-media\">\n<div class=\"fg-content-carousel fg-carousel-wrapper swiper-container swiper-container-initialized swiper-container-horizontal swiper-container-pointer-events\" data-kjs-app=\"content\/carousel\" data-kjs-entityid=\"28\">\n<div id=\"swiper-wrapper-d97b10ae0be1037ae9\" class=\"fc-carousel swiper-wrapper\">\n<div class=\"fc-carousel-slide swiper-slide swiper-slide-duplicate swiper-slide-prev\" role=\"group\" data-kjs-slide=\"3\" data-swiper-slide-index=\"3\" aria-label=\"1 \/ 6\">\n<div data-kjs-app=\"content\/video\" data-kjs-entityid=\"36\">\n<div data-kjs-view=\"main\"><\/div>\n<\/div>\n<\/div>\n<div class=\"fc-carousel-slide swiper-slide fc-visible swiper-slide-active fc-image-loaded\" role=\"group\" data-kjs-slide=\"0\" data-swiper-slide-index=\"0\" aria-label=\"2 \/ 6\">\n<div class=\"fg-wishlist-control\" data-kjs-app=\"wishlist\/control\" data-kjs-entityid=\"29\">\n<div data-kjs-view=\"controls\"><\/div>\n<\/div>\n<div data-kjs-app=\"content\/lightbox\" data-kjs-entityid=\"30\"><\/div>\n<\/div>\n<\/div>\n<\/div>\n<\/div>\n<\/div>\n<\/div>\n<\/section>\n<\/div>\n<\/div>\n<\/div>\n<\/div>\n<\/div>\n<\/section>\n<div class=\"fg-products-details-stage\" data-kjs-app=\"products\/details\/stage\" data-kjs-entityid=\"9\">\n<div data-kjs-view=\"main\">\n<section class=\"container\">\n<div class=\"row fc-stage\">\n<div class=\"col-sm-7 col-md-8 fc-left\">\n<div class=\"fc-media\">\n<div class=\"fg-content-carousel fg-carousel-wrapper swiper-container swiper-container-initialized swiper-container-horizontal swiper-container-pointer-events\" data-kjs-app=\"content\/carousel\" data-kjs-entityid=\"22\">\n<div id=\"swiper-wrapper-a53a5a90ad656588\" class=\"fc-carousel swiper-wrapper\">\n<div class=\"fc-carousel-slide swiper-slide swiper-slide-duplicate swiper-slide-prev\" role=\"group\" data-kjs-slide=\"6\" data-swiper-slide-index=\"6\" aria-label=\"1 \/ 9\">\n<div data-kjs-app=\"content\/video\" data-kjs-entityid=\"36\">\n<div data-kjs-view=\"main\"><\/div>\n<\/div>\n<\/div>\n<div class=\"fc-carousel-slide swiper-slide fc-visible swiper-slide-active fc-image-loaded\" role=\"group\" data-kjs-slide=\"0\" data-swiper-slide-index=\"0\" aria-label=\"2 \/ 9\">\n<div class=\"fg-wishlist-control\" data-kjs-app=\"wishlist\/control\" data-kjs-entityid=\"23\">\n<div data-kjs-view=\"controls\"><\/div>\n<\/div>\n<div data-kjs-app=\"content\/lightbox\" data-kjs-entityid=\"24\"><\/div>\n<\/div>\n<\/div>\n<\/div>\n<\/div>\n<\/div>\n<\/div>\n<\/section>\n<\/div>\n<\/div>\n<\/div>\n<\/div>\n<\/div>\n<\/section>\n<div class=\"fg-products-details-stage\" data-kjs-app=\"products\/details\/stage\" data-kjs-entityid=\"9\">\n<div data-kjs-view=\"main\">\n<section class=\"container\">\n<div class=\"row fc-stage\">\n<div class=\"col-sm-7 col-md-8 fc-left\">\n<div class=\"fc-media\">\n<div class=\"fg-content-carousel fg-carousel-wrapper swiper-container swiper-container-initialized swiper-container-horizontal swiper-container-pointer-events\" data-kjs-app=\"content\/carousel\" data-kjs-entityid=\"22\">\n<div id=\"swiper-wrapper-7aaddb627e3ba9d1\" class=\"fc-carousel swiper-wrapper\">\n<div class=\"fc-carousel-slide swiper-slide swiper-slide-duplicate swiper-slide-duplicate-next\" role=\"group\" data-kjs-slide=\"2\" data-swiper-slide-index=\"2\" aria-label=\"1 \/ 5\">\n<div data-kjs-app=\"content\/video\" data-kjs-entityid=\"28\">\n<div data-kjs-view=\"main\"><\/div>\n<\/div>\n<\/div>\n<div class=\"fc-carousel-slide swiper-slide fc-image-loaded swiper-slide-prev\" role=\"group\" data-kjs-slide=\"0\" data-swiper-slide-index=\"0\" aria-label=\"2 \/ 5\">\n<div class=\"fg-wishlist-control\" data-kjs-app=\"wishlist\/control\" data-kjs-entityid=\"23\">\n<div data-kjs-view=\"controls\"><\/div>\n<\/div>\n<div data-kjs-app=\"content\/lightbox\" data-kjs-entityid=\"24\"><\/div>\n<\/div>\n<\/div>\n<\/div>\n<\/div>\n<\/div>\n<\/div>\n<\/section>\n<\/div>\n<\/div>\n<\/div>\n<\/div>\n<\/div>\n<\/section>\n<div class=\"fg-products-details-stage\" data-kjs-app=\"products\/details\/stage\" data-kjs-entityid=\"9\">\n<div data-kjs-view=\"main\">\n<section class=\"container\">\n<div class=\"row fc-stage\">\n<div class=\"col-sm-7 col-md-8 fc-left\">\n<div class=\"fc-media\">\n<div class=\"fg-content-carousel fg-carousel-wrapper swiper-container swiper-container-initialized swiper-container-horizontal swiper-container-pointer-events\" data-kjs-app=\"content\/carousel\" data-kjs-entityid=\"22\">\n<div id=\"swiper-wrapper-38e132bb79587cf10\" class=\"fc-carousel swiper-wrapper\">\n<div class=\"fc-carousel-slide swiper-slide swiper-slide-duplicate swiper-slide-prev\" role=\"group\" data-kjs-slide=\"8\" data-swiper-slide-index=\"8\" aria-label=\"1 \/ 11\">\n<div data-kjs-app=\"content\/video\" data-kjs-entityid=\"40\">\n<div data-kjs-view=\"main\"><\/div>\n<\/div>\n<\/div>\n<div class=\"fc-carousel-slide swiper-slide fc-visible swiper-slide-active fc-image-loaded\" role=\"group\" data-kjs-slide=\"0\" data-swiper-slide-index=\"0\" aria-label=\"2 \/ 11\">\n<div class=\"fg-wishlist-control\" data-kjs-app=\"wishlist\/control\" data-kjs-entityid=\"23\">\n<div data-kjs-view=\"controls\"><\/div>\n<\/div>\n<div data-kjs-app=\"content\/lightbox\" data-kjs-entityid=\"24\"><\/div>\n<\/div>\n<\/div>\n<\/div>\n<\/div>\n<\/div>\n<\/div>\n<\/section>\n<\/div>\n<\/div>\n<\/div>\n<\/div>\n<\/div>\n<\/section>\n<div class=\"fg-products-details-stage\" data-kjs-app=\"products\/details\/stage\" data-kjs-entityid=\"9\">\n<div data-kjs-view=\"main\">\n<section class=\"container\">\n<div class=\"row fc-stage\">\n<div class=\"col-sm-7 col-md-8 fc-left\">\n<div class=\"fc-media\">\n<div class=\"fg-content-carousel fg-carousel-wrapper swiper-container swiper-container-initialized swiper-container-horizontal swiper-container-pointer-events\" data-kjs-app=\"content\/carousel\" data-kjs-entityid=\"22\">\n<div id=\"swiper-wrapper-dceced8e85ebe8d5\" class=\"fc-carousel swiper-wrapper\">\n<div class=\"fc-carousel-slide swiper-slide swiper-slide-duplicate swiper-slide-prev swiper-slide-duplicate-next\" role=\"group\" data-kjs-slide=\"1\" data-swiper-slide-index=\"1\" aria-label=\"1 \/ 4\">\n<div data-kjs-app=\"content\/video\" data-kjs-entityid=\"26\">\n<div data-kjs-view=\"main\"><\/div>\n<\/div>\n<\/div>\n<div class=\"fc-carousel-slide swiper-slide fc-visible swiper-slide-active fc-image-loaded\" role=\"group\" data-kjs-slide=\"0\" data-swiper-slide-index=\"0\" aria-label=\"2 \/ 4\">\n<div class=\"fg-wishlist-control\" data-kjs-app=\"wishlist\/control\" data-kjs-entityid=\"23\">\n<div data-kjs-view=\"controls\"><\/div>\n<\/div>\n<div data-kjs-app=\"content\/lightbox\" data-kjs-entityid=\"24\"><\/div>\n<\/div>\n<\/div>\n<\/div>\n<\/div>\n<\/div>\n<\/div>\n<\/section>\n<\/div>\n<\/div>\n<\/div>\n<\/div>\n<\/div>\n<\/section>\n<div class=\"fg-products-details-stage\" data-kjs-app=\"products\/details\/stage\" data-kjs-entityid=\"9\">\n<div data-kjs-view=\"main\">\n<section class=\"container\">\n<div class=\"row fc-stage\">\n<div class=\"col-sm-7 col-md-8 fc-left\">\n<div class=\"fc-media\">\n<div class=\"fg-content-carousel fg-carousel-wrapper swiper-container swiper-container-initialized swiper-container-horizontal swiper-container-pointer-events\" data-kjs-app=\"content\/carousel\" data-kjs-entityid=\"20\">\n<div id=\"swiper-wrapper-2ef1049745bd361b3\" class=\"fc-carousel swiper-wrapper\">\n<div class=\"fc-carousel-slide swiper-slide swiper-slide-duplicate swiper-slide-prev\" role=\"group\" data-kjs-slide=\"9\" data-swiper-slide-index=\"9\" aria-label=\"1 \/ 12\">\n<div data-kjs-app=\"content\/lightbox\" data-kjs-entityid=\"40\"><\/div>\n<\/div>\n<\/div>\n<\/div>\n<\/div>\n<\/div>\n<\/div>\n<\/section>\n<\/div>\n<\/div>\n<\/div>\n<\/div>\n<\/div>\n<\/section>\n<div class=\"fg-products-details-stage\" data-kjs-app=\"products\/details\/stage\" data-kjs-entityid=\"9\">\n<div data-kjs-view=\"main\">\n<section class=\"container\">\n<div class=\"row fc-stage\">\n<div class=\"col-sm-7 col-md-8 fc-left\">\n<div class=\"fc-media\">\n<div class=\"fg-content-carousel fg-carousel-wrapper swiper-container swiper-container-initialized swiper-container-horizontal swiper-container-pointer-events\" data-kjs-app=\"content\/carousel\" data-kjs-entityid=\"20\">\n<div id=\"swiper-wrapper-c59aedbfefe38933\" class=\"fc-carousel swiper-wrapper\">\n<div class=\"fc-carousel-slide swiper-slide swiper-slide-duplicate swiper-slide-prev swiper-slide-duplicate-next\" role=\"group\" data-kjs-slide=\"1\" data-swiper-slide-index=\"1\" aria-label=\"1 \/ 4\">\n<div data-kjs-app=\"content\/lightbox\" data-kjs-entityid=\"24\"><\/div>\n<\/div>\n<\/div>\n<\/div>\n<\/div>\n<\/div>\n<\/div>\n<\/section>\n<\/div>\n<\/div>\n<\/div>\n<\/div>\n<\/div>\n<\/section>\n<div class=\"fg-products-details-stage\" data-kjs-app=\"products\/details\/stage\" data-kjs-entityid=\"9\">\n<div data-kjs-view=\"main\">\n<section class=\"container\">\n<div class=\"row fc-stage\">\n<div class=\"col-sm-7 col-md-8 fc-left\">\n<div class=\"fc-media\">\n<div class=\"fg-content-carousel fg-carousel-wrapper swiper-container swiper-container-initialized swiper-container-horizontal swiper-container-pointer-events\" data-kjs-app=\"content\/carousel\" data-kjs-entityid=\"21\">\n<div id=\"swiper-wrapper-b0ab8103d986e70d8\" class=\"fc-carousel swiper-wrapper\">\n<div class=\"fc-carousel-slide swiper-slide swiper-slide-duplicate swiper-slide-prev\" role=\"group\" data-kjs-slide=\"2\" data-swiper-slide-index=\"2\" aria-label=\"1 \/ 5\">\n<div data-kjs-app=\"content\/lightbox\" data-kjs-entityid=\"27\"><\/div>\n<\/div>\n<\/div>\n<\/div>\n<\/div>\n<\/div>\n<\/div>\n<\/section>\n<\/div>\n<\/div>\n<\/div>\n<\/div>\n<\/div>\n<\/section>\n<div class=\"fg-products-details-stage\" data-kjs-app=\"products\/details\/stage\" data-kjs-entityid=\"9\">\n<div data-kjs-view=\"main\">\n<section class=\"container\">\n<div class=\"row fc-stage\">\n<div class=\"col-sm-7 col-md-8 fc-left\">\n<div class=\"fc-media\">\n<div class=\"fg-content-carousel fg-carousel-wrapper swiper-container swiper-container-initialized swiper-container-horizontal swiper-container-pointer-events\" data-kjs-app=\"content\/carousel\" data-kjs-entityid=\"21\">\n<div id=\"swiper-wrapper-5fded1366e0194c7\" class=\"fc-carousel swiper-wrapper\">\n<div class=\"fc-carousel-slide swiper-slide swiper-slide-duplicate swiper-slide-duplicate-active\" role=\"group\" data-kjs-slide=\"1\" data-swiper-slide-index=\"1\" aria-label=\"1 \/ 4\">\n<div data-kjs-app=\"content\/lightbox\" data-kjs-entityid=\"25\"><\/div>\n<\/div>\n<\/div>\n<\/div>\n<\/div>\n<\/div>\n<\/div>\n<\/section>\n<\/div>\n<\/div>","protected":false},"featured_media":5920,"comment_status":"open","ping_status":"closed","template":"","meta":[],"product_cat":[275],"product_tag":[],"class_list":{"0":"post-5908","1":"product","2":"type-product","3":"status-publish","4":"has-post-thumbnail","6":"product_cat-pylesosy-dlya-suhoj-uborki","8":"first","9":"instock","10":"shipping-taxable","11":"purchasable","12":"product-type-simple"},"_links":{"self":[{"href":"https:\/\/karchershop.az\/az\/wp-json\/wp\/v2\/product\/5908","targetHints":{"allow":["GET"]}}],"collection":[{"href":"https:\/\/karchershop.az\/az\/wp-json\/wp\/v2\/product"}],"about":[{"href":"https:\/\/karchershop.az\/az\/wp-json\/wp\/v2\/types\/product"}],"replies":[{"embeddable":true,"href":"https:\/\/karchershop.az\/az\/wp-json\/wp\/v2\/comments?post=5908"}],"wp:featuredmedia":[{"embeddable":true,"href":"https:\/\/karchershop.az\/az\/wp-json\/wp\/v2\/media\/5920"}],"wp:attachment":[{"href":"https:\/\/karchershop.az\/az\/wp-json\/wp\/v2\/media?parent=5908"}],"wp:term":[{"taxonomy":"product_cat","embeddable":true,"href":"https:\/\/karchershop.az\/az\/wp-json\/wp\/v2\/product_cat?post=5908"},{"taxonomy":"product_tag","embeddable":true,"href":"https:\/\/karchershop.az\/az\/wp-json\/wp\/v2\/product_tag?post=5908"}],"curies":[{"name":"wp","href":"https:\/\/api.w.org\/{rel}","templated":true}]}}