{"id":595,"date":"2020-04-27T17:13:43","date_gmt":"2020-04-27T13:13:43","guid":{"rendered":"https:\/\/karchershop.az\/?post_type=product&#038;p=595"},"modified":"2026-05-01T21:35:09","modified_gmt":"2026-05-01T17:35:09","slug":"s-4","status":"publish","type":"product","link":"https:\/\/karchershop.az\/az\/home-garden\/ruchnye-podmetalnye-mashiny\/s-4","title":{"rendered":"S 4 Twin 2in1"},"content":{"rendered":"<p>K\u00e4rcher S 4 Twin 2-si 1-d\u0259 s\u00fcp\u00fcrg\u0259\u00e7i il\u0259 s\u0259kil\u0259r v\u0259 yollar, avtomobil yollar\u0131 v\u0259 h\u0259y\u0259tl\u0259r s\u00fcp\u00fcrg\u0259 v\u0259 zibil qab\u0131 il\u0259 m\u00fcqayis\u0259d\u0259 be\u015f d\u0259f\u0259 tez t\u0259mizl\u0259nir. Bu zaman zibil d\u0259rhal ma\u015f\u0131n\u0131n qab\u0131na y\u0131\u011f\u0131l\u0131r. T\u0259mizliy\u0259 m\u00fcasir yana\u015fma: asan, s\u00fcr\u0259tli v\u0259 t\u0259miz! Z\u0259rb\u0259y\u0259 davaml\u0131 v\u0259 korroziyaya davaml\u0131 s\u00fcp\u00fcrg\u0259\u00e7inin i\u015fl\u0259m\u0259 eni 680 millimetr, iki yan f\u0131r\u00e7a v\u0259 ya\u015f tullant\u0131lar\u0131 g\u00f6t\u00fcrm\u0259k \u00fc\u00e7\u00fcn daha qaba t\u00fckl\u0259rd\u0259n haz\u0131rlanm\u0131\u015f iki x\u00fcsusi yan f\u0131r\u00e7a var. Ma\u015f\u0131n maksimum g\u00fcc\u00fc saatda 2400 m\u00b2-\u0259 q\u0259d\u0259r olan \u0259razil\u0259ri s\u00fcp\u00fcrm\u0259k \u00fc\u00e7\u00fcn n\u0259z\u0259rd\u0259 tutulmu\u015fdur. Ma\u015f\u0131n tullant\u0131lar\u0131 birba\u015fa 20 litrlik konteyner\u0259 toplay\u0131r. Sa\u011flam s\u00fcp\u00fcrg\u0259\u00e7i manevrlidir v\u0259 istifad\u0259si \u00e7ox asand\u0131r. Yan f\u0131r\u00e7alar\u0131n h\u0259ddind\u0259n art\u0131q uzun t\u00fckl\u0259ri a\u011fz\u0131na q\u0259d\u0259r h\u0259rt\u0259r\u0259fli t\u0259mizlik t\u0259min edir. H\u00fcnd\u00fcrl\u00fcy\u00fc t\u0259nziml\u0259n\u0259n erqonomik tutacaq istifad\u0259\u00e7inin boyuna optimal \u015f\u0259kild\u0259 t\u0259nziml\u0259n\u0259 bil\u0259r. Sap\u0131 \u015faquli yer\u0259 q\u0259na\u0259t etm\u0259k \u00fc\u00e7\u00fcn qatlana bil\u0259r. Zibil asanl\u0131qla konteynerd\u0259n kirl\u0259 t\u0259mas etm\u0259d\u0259n t\u00f6k\u00fcl\u0259 bil\u0259r.<\/p>","protected":false},"excerpt":{"rendered":"<p>\u0130\u015f eni 680 mm olan S 4 Twin 2-si 1-d\u0259 s\u00fcp\u00fcrg\u0259\u00e7i, 2 standart yan f\u0131r\u00e7a v\u0259 ya\u015f zibil \u00fc\u00e7\u00fcn 2 x\u00fcsusi yan f\u0131r\u00e7a saatda 2400 m\u00b2-\u0259 q\u0259d\u0259r maksimum sah\u0259 performans\u0131na malikdir. 20 litrlik tullant\u0131 qab\u0131 il\u0259 t\u0259chiz olunub.<\/p>","protected":false},"featured_media":14789,"comment_status":"open","ping_status":"closed","template":"","meta":[],"product_cat":[15,88],"product_tag":[266],"class_list":{"0":"post-595","1":"product","2":"type-product","3":"status-publish","4":"has-post-thumbnail","6":"product_cat-home-garden","7":"product_cat-ruchnye-podmetalnye-mashiny","8":"product_tag-ruchnye-podmetalnye-mashiny","10":"first","11":"outofstock","12":"shipping-taxable","13":"purchasable","14":"product-type-simple"},"_links":{"self":[{"href":"https:\/\/karchershop.az\/az\/wp-json\/wp\/v2\/product\/595","targetHints":{"allow":["GET"]}}],"collection":[{"href":"https:\/\/karchershop.az\/az\/wp-json\/wp\/v2\/product"}],"about":[{"href":"https:\/\/karchershop.az\/az\/wp-json\/wp\/v2\/types\/product"}],"replies":[{"embeddable":true,"href":"https:\/\/karchershop.az\/az\/wp-json\/wp\/v2\/comments?post=595"}],"wp:featuredmedia":[{"embeddable":true,"href":"https:\/\/karchershop.az\/az\/wp-json\/wp\/v2\/media\/14789"}],"wp:attachment":[{"href":"https:\/\/karchershop.az\/az\/wp-json\/wp\/v2\/media?parent=595"}],"wp:term":[{"taxonomy":"product_cat","embeddable":true,"href":"https:\/\/karchershop.az\/az\/wp-json\/wp\/v2\/product_cat?post=595"},{"taxonomy":"product_tag","embeddable":true,"href":"https:\/\/karchershop.az\/az\/wp-json\/wp\/v2\/product_tag?post=595"}],"curies":[{"name":"wp","href":"https:\/\/api.w.org\/{rel}","templated":true}]}}