{"id":5956,"date":"2022-12-22T12:45:17","date_gmt":"2022-12-22T08:45:17","guid":{"rendered":"https:\/\/karchershop.az\/?post_type=product&#038;p=5956"},"modified":"2026-05-01T21:35:46","modified_gmt":"2026-05-01T17:35:46","slug":"pylesos-vlazhnoj-i-suhoj-uborki-nt-27-1","status":"publish","type":"product","link":"https:\/\/karchershop.az\/az\/professional\/pylesosy-professional\/pylesosy-dlya-uboki-prolivov-suhogo-i-vlazhngo-musora\/pylesos-vlazhnoj-i-suhoj-uborki-nt-27-1","title":{"rendered":"NT 27\/1"},"content":{"rendered":"<p>NT 27\/1 *EU,<\/p>","protected":false},"excerpt":{"rendered":"<section id=\"ribbon\">\n<div class=\"container\">\n<div class=\"row\">\n<div class=\"col-sm-12 col-lg-9\">\n<section id=\"ribbon\">\n<div class=\"container\">\n<div class=\"row\">\n<div class=\"col-sm-12 col-lg-9\">\n<section id=\"ribbon\">\n<div class=\"container\">\n<div class=\"row\">\n<div class=\"col-sm-12 col-lg-9\">\n<section id=\"ribbon\">\n<div class=\"container\">\n<div class=\"row\">\n<div class=\"col-sm-12 col-lg-9\">\n<section id=\"ribbon\">\n<div class=\"container\">\n<div class=\"row\">\n<div class=\"col-sm-12 col-lg-9\">\n<section id=\"ribbon\">\n<div class=\"container\">\n<div class=\"row\">\n<div class=\"col-sm-12 col-lg-9\">\n<section id=\"ribbon\">\n<div class=\"container\">\n<div class=\"row\">\n<div class=\"col-sm-12 col-lg-9\">\n<section id=\"ribbon\">\n<div class=\"container\">\n<div class=\"row\">\n<div class=\"col-sm-12 col-lg-9\">\n<section id=\"ribbon\">\n<div class=\"container\">\n<div class=\"row\">\n<div class=\"col-sm-12 col-lg-9\">\n<section id=\"ribbon\">\n<div class=\"container\">\n<div class=\"row\">\n<div class=\"col-sm-12 col-lg-9\">\n<section id=\"ribbon\">\n<div class=\"container\">\n<div class=\"row\">\n<div class=\"col-sm-12 col-lg-9\">\n<section id=\"ribbon\">\n<div class=\"container\">\n<div class=\"row\">\n<div class=\"col-sm-12 col-lg-9\">\n<section id=\"ribbon\">\n<div class=\"container\">\n<div class=\"row\">\n<div class=\"col-sm-12 col-lg-9\">\n<section id=\"ribbon\">\n<div class=\"container\">\n<div class=\"row\">\n<div class=\"col-sm-12 col-lg-9\">\n<section id=\"ribbon\">\n<div class=\"container\">\n<div class=\"row\">\n<div class=\"col-sm-12 col-lg-9\">\n<p>NT 27\/1, pe\u015f\u0259kar istifad\u0259 \u00fc\u00e7\u00fcn haz\u0131rlanm\u0131\u015f y\u00fcks\u0259k effektiv n\u0259m v\u0259 quru tozsorand\u0131r. Kompakt \u00f6l\u00e7\u00fcl\u0259r\u0259 malikdir v\u0259 b\u00fct\u00fcn laz\u0131mi aksessuarlar\u0131 standart hala g\u0259tirir.<\/p>\n<\/div>\n<\/div>\n<\/div>\n<\/section>\n<div class=\"fg-products-details-stage\" data-kjs-app=\"products\/details\/stage\" data-kjs-entityid=\"9\">\n<div data-kjs-view=\"main\">\n<section class=\"container\">\n<div class=\"row fc-stage\">\n<div class=\"col-sm-7 col-md-8 fc-left\">\n<div class=\"fc-media\">\n<div class=\"fg-content-carousel fg-carousel-wrapper swiper-container swiper-container-initialized swiper-container-horizontal swiper-container-pointer-events\" data-kjs-app=\"content\/carousel\" data-kjs-entityid=\"21\">\n<div id=\"swiper-wrapper-cd4da82bfabe3458\" class=\"fc-carousel swiper-wrapper\">\n<div class=\"fc-carousel-slide swiper-slide swiper-slide-duplicate swiper-slide-prev swiper-slide-duplicate-next\" role=\"group\" data-kjs-slide=\"1\" data-swiper-slide-index=\"1\" aria-label=\"1 \/ 4\">\n<div data-kjs-app=\"content\/video\" data-kjs-entityid=\"25\">\n<div data-kjs-view=\"main\"><\/div>\n<\/div>\n<\/div>\n<div class=\"fc-carousel-slide swiper-slide fc-image-loaded fc-visible swiper-slide-active\" role=\"group\" data-kjs-slide=\"0\" data-swiper-slide-index=\"0\" aria-label=\"2 \/ 4\">\n<div class=\"fg-wishlist-control\" data-kjs-app=\"wishlist\/control\" data-kjs-entityid=\"22\">\n<div data-kjs-view=\"controls\"><\/div>\n<\/div>\n<div data-kjs-app=\"content\/lightbox\" data-kjs-entityid=\"23\"><\/div>\n<\/div>\n<\/div>\n<\/div>\n<\/div>\n<\/div>\n<\/div>\n<\/section>\n<\/div>\n<\/div>\n<\/div>\n<\/div>\n<\/div>\n<\/section>\n<div class=\"fg-products-details-stage\" data-kjs-app=\"products\/details\/stage\" data-kjs-entityid=\"9\">\n<div data-kjs-view=\"main\">\n<section class=\"container\">\n<div class=\"row fc-stage\">\n<div class=\"col-sm-7 col-md-8 fc-left\">\n<div class=\"fc-media\">\n<div class=\"fg-content-carousel fg-carousel-wrapper swiper-container swiper-container-initialized swiper-container-horizontal swiper-container-pointer-events\" data-kjs-app=\"content\/carousel\" data-kjs-entityid=\"23\">\n<div id=\"swiper-wrapper-ebd9910107f55d5944\" class=\"fc-carousel swiper-wrapper\">\n<div class=\"fc-carousel-slide swiper-slide swiper-slide-duplicate\" role=\"group\" data-kjs-slide=\"8\" data-swiper-slide-index=\"8\" aria-label=\"1 \/ 11\">\n<div data-kjs-app=\"content\/video\" data-kjs-entityid=\"41\">\n<div data-kjs-view=\"main\"><\/div>\n<\/div>\n<\/div>\n<div class=\"fc-carousel-slide swiper-slide fc-image-loaded\" role=\"group\" data-kjs-slide=\"0\" data-swiper-slide-index=\"0\" aria-label=\"2 \/ 11\">\n<div class=\"fg-wishlist-control\" data-kjs-app=\"wishlist\/control\" data-kjs-entityid=\"24\">\n<div data-kjs-view=\"controls\"><\/div>\n<\/div>\n<div data-kjs-app=\"content\/lightbox\" data-kjs-entityid=\"25\"><\/div>\n<\/div>\n<\/div>\n<\/div>\n<\/div>\n<\/div>\n<\/div>\n<\/section>\n<\/div>\n<\/div>\n<\/div>\n<\/div>\n<\/div>\n<\/section>\n<div class=\"fg-products-details-stage\" data-kjs-app=\"products\/details\/stage\" data-kjs-entityid=\"9\">\n<div data-kjs-view=\"main\">\n<section class=\"container\">\n<div class=\"row fc-stage\">\n<div class=\"col-sm-7 col-md-8 fc-left\">\n<div class=\"fc-media\">\n<div class=\"fg-content-carousel fg-carousel-wrapper swiper-container swiper-container-initialized swiper-container-horizontal swiper-container-pointer-events\" data-kjs-app=\"content\/carousel\" data-kjs-entityid=\"23\">\n<div id=\"swiper-wrapper-210ae998a9c2dd321\" class=\"fc-carousel swiper-wrapper\">\n<div class=\"fc-carousel-slide swiper-slide swiper-slide-duplicate swiper-slide-prev\" role=\"group\" data-kjs-slide=\"8\" data-swiper-slide-index=\"8\" aria-label=\"1 \/ 11\">\n<div data-kjs-app=\"content\/video\" data-kjs-entityid=\"41\">\n<div data-kjs-view=\"main\"><\/div>\n<\/div>\n<\/div>\n<div class=\"fc-carousel-slide swiper-slide fc-visible swiper-slide-active fc-image-loaded\" role=\"group\" data-kjs-slide=\"0\" data-swiper-slide-index=\"0\" aria-label=\"2 \/ 11\">\n<div class=\"fg-wishlist-control\" data-kjs-app=\"wishlist\/control\" data-kjs-entityid=\"24\">\n<div data-kjs-view=\"controls\"><\/div>\n<\/div>\n<div data-kjs-app=\"content\/lightbox\" data-kjs-entityid=\"25\"><\/div>\n<\/div>\n<\/div>\n<\/div>\n<\/div>\n<\/div>\n<\/div>\n<\/section>\n<\/div>\n<\/div>\n<\/div>\n<\/div>\n<\/div>\n<\/section>\n<div class=\"fg-products-details-stage\" data-kjs-app=\"products\/details\/stage\" data-kjs-entityid=\"9\">\n<div data-kjs-view=\"main\">\n<section class=\"container\">\n<div class=\"row fc-stage\">\n<div class=\"col-sm-7 col-md-8 fc-left\">\n<div class=\"fc-media\">\n<div class=\"fg-content-carousel fg-carousel-wrapper swiper-container swiper-container-initialized swiper-container-horizontal swiper-container-pointer-events\" data-kjs-app=\"content\/carousel\" data-kjs-entityid=\"21\">\n<div id=\"swiper-wrapper-5840345da848e814\" class=\"fc-carousel swiper-wrapper\">\n<div class=\"fc-carousel-slide swiper-slide swiper-slide-duplicate swiper-slide-prev\" role=\"group\" data-kjs-slide=\"3\" data-swiper-slide-index=\"3\" aria-label=\"1 \/ 6\">\n<div data-kjs-app=\"content\/video\" data-kjs-entityid=\"29\">\n<div data-kjs-view=\"main\"><\/div>\n<\/div>\n<\/div>\n<div class=\"fc-carousel-slide swiper-slide fc-visible swiper-slide-active fc-image-loaded\" role=\"group\" data-kjs-slide=\"0\" data-swiper-slide-index=\"0\" aria-label=\"2 \/ 6\">\n<div class=\"fg-wishlist-control\" data-kjs-app=\"wishlist\/control\" data-kjs-entityid=\"22\">\n<div data-kjs-view=\"controls\"><\/div>\n<\/div>\n<div data-kjs-app=\"content\/lightbox\" data-kjs-entityid=\"23\"><\/div>\n<\/div>\n<\/div>\n<\/div>\n<\/div>\n<\/div>\n<\/div>\n<\/section>\n<\/div>\n<\/div>\n<\/div>\n<\/div>\n<\/div>\n<\/section>\n<div class=\"fg-products-details-stage\" data-kjs-app=\"products\/details\/stage\" data-kjs-entityid=\"9\">\n<div data-kjs-view=\"main\">\n<section class=\"container\">\n<div class=\"row fc-stage\">\n<div class=\"col-sm-7 col-md-8 fc-left\">\n<div class=\"fc-media\">\n<div class=\"fg-content-carousel fg-carousel-wrapper swiper-container swiper-container-initialized swiper-container-horizontal swiper-container-pointer-events\" data-kjs-app=\"content\/carousel\" data-kjs-entityid=\"25\">\n<div id=\"swiper-wrapper-b8c1cad3fc5310cad\" class=\"fc-carousel swiper-wrapper\">\n<div class=\"fc-carousel-slide swiper-slide swiper-slide-duplicate swiper-slide-prev swiper-slide-duplicate-next\" role=\"group\" data-kjs-slide=\"1\" data-swiper-slide-index=\"1\" aria-label=\"1 \/ 4\">\n<div data-kjs-app=\"content\/video\" data-kjs-entityid=\"29\">\n<div data-kjs-view=\"main\"><\/div>\n<\/div>\n<\/div>\n<div class=\"fc-carousel-slide swiper-slide fc-visible swiper-slide-active fc-image-loaded\" role=\"group\" data-kjs-slide=\"0\" data-swiper-slide-index=\"0\" aria-label=\"2 \/ 4\">\n<div class=\"fg-wishlist-control\" data-kjs-app=\"wishlist\/control\" data-kjs-entityid=\"26\">\n<div data-kjs-view=\"controls\"><\/div>\n<\/div>\n<div data-kjs-app=\"content\/lightbox\" data-kjs-entityid=\"27\"><\/div>\n<\/div>\n<\/div>\n<\/div>\n<\/div>\n<\/div>\n<\/div>\n<\/section>\n<\/div>\n<\/div>\n<\/div>\n<\/div>\n<\/div>\n<\/section>\n<div class=\"fg-products-details-stage\" data-kjs-app=\"products\/details\/stage\" data-kjs-entityid=\"9\">\n<div data-kjs-view=\"main\">\n<section class=\"container\">\n<div class=\"row fc-stage\">\n<div class=\"col-sm-7 col-md-8 fc-left\">\n<div class=\"fc-media\">\n<div class=\"fg-content-carousel fg-carousel-wrapper swiper-container swiper-container-initialized swiper-container-horizontal swiper-container-pointer-events\" data-kjs-app=\"content\/carousel\" data-kjs-entityid=\"25\">\n<div id=\"swiper-wrapper-03fd71f1cf8100a0e\" class=\"fc-carousel swiper-wrapper\">\n<div class=\"fc-carousel-slide swiper-slide swiper-slide-duplicate swiper-slide-prev swiper-slide-duplicate-next\" role=\"group\" data-kjs-slide=\"1\" data-swiper-slide-index=\"1\" aria-label=\"1 \/ 4\">\n<div data-kjs-app=\"content\/video\" data-kjs-entityid=\"29\">\n<div data-kjs-view=\"main\"><\/div>\n<\/div>\n<\/div>\n<div class=\"fc-carousel-slide swiper-slide fc-image-loaded fc-visible swiper-slide-active\" role=\"group\" data-kjs-slide=\"0\" data-swiper-slide-index=\"0\" aria-label=\"2 \/ 4\">\n<div class=\"fg-wishlist-control\" data-kjs-app=\"wishlist\/control\" data-kjs-entityid=\"26\">\n<div data-kjs-view=\"controls\"><\/div>\n<\/div>\n<div data-kjs-app=\"content\/lightbox\" data-kjs-entityid=\"27\"><\/div>\n<\/div>\n<\/div>\n<\/div>\n<\/div>\n<\/div>\n<\/div>\n<\/section>\n<\/div>\n<\/div>\n<\/div>\n<\/div>\n<\/div>\n<\/section>\n<div class=\"fg-products-details-stage\" data-kjs-app=\"products\/details\/stage\" data-kjs-entityid=\"9\">\n<div data-kjs-view=\"main\">\n<section class=\"container\">\n<div class=\"row fc-stage\">\n<div class=\"col-sm-7 col-md-8 fc-left\">\n<div class=\"fc-media\">\n<div class=\"fg-content-carousel fg-carousel-wrapper swiper-container swiper-container-initialized swiper-container-horizontal swiper-container-pointer-events\" data-kjs-app=\"content\/carousel\" data-kjs-entityid=\"28\">\n<div id=\"swiper-wrapper-d97b10ae0be1037ae9\" class=\"fc-carousel swiper-wrapper\">\n<div class=\"fc-carousel-slide swiper-slide swiper-slide-duplicate swiper-slide-prev\" role=\"group\" data-kjs-slide=\"3\" data-swiper-slide-index=\"3\" aria-label=\"1 \/ 6\">\n<div data-kjs-app=\"content\/video\" data-kjs-entityid=\"36\">\n<div data-kjs-view=\"main\"><\/div>\n<\/div>\n<\/div>\n<div class=\"fc-carousel-slide swiper-slide fc-visible swiper-slide-active fc-image-loaded\" role=\"group\" data-kjs-slide=\"0\" data-swiper-slide-index=\"0\" aria-label=\"2 \/ 6\">\n<div class=\"fg-wishlist-control\" data-kjs-app=\"wishlist\/control\" data-kjs-entityid=\"29\">\n<div data-kjs-view=\"controls\"><\/div>\n<\/div>\n<div data-kjs-app=\"content\/lightbox\" data-kjs-entityid=\"30\"><\/div>\n<\/div>\n<\/div>\n<\/div>\n<\/div>\n<\/div>\n<\/div>\n<\/section>\n<\/div>\n<\/div>\n<\/div>\n<\/div>\n<\/div>\n<\/section>\n<div class=\"fg-products-details-stage\" data-kjs-app=\"products\/details\/stage\" data-kjs-entityid=\"9\">\n<div data-kjs-view=\"main\">\n<section class=\"container\">\n<div class=\"row fc-stage\">\n<div class=\"col-sm-7 col-md-8 fc-left\">\n<div class=\"fc-media\">\n<div class=\"fg-content-carousel fg-carousel-wrapper swiper-container swiper-container-initialized swiper-container-horizontal swiper-container-pointer-events\" data-kjs-app=\"content\/carousel\" data-kjs-entityid=\"22\">\n<div id=\"swiper-wrapper-a53a5a90ad656588\" class=\"fc-carousel swiper-wrapper\">\n<div class=\"fc-carousel-slide swiper-slide swiper-slide-duplicate swiper-slide-prev\" role=\"group\" data-kjs-slide=\"6\" data-swiper-slide-index=\"6\" aria-label=\"1 \/ 9\">\n<div data-kjs-app=\"content\/video\" data-kjs-entityid=\"36\">\n<div data-kjs-view=\"main\"><\/div>\n<\/div>\n<\/div>\n<div class=\"fc-carousel-slide swiper-slide fc-visible swiper-slide-active fc-image-loaded\" role=\"group\" data-kjs-slide=\"0\" data-swiper-slide-index=\"0\" aria-label=\"2 \/ 9\">\n<div class=\"fg-wishlist-control\" data-kjs-app=\"wishlist\/control\" data-kjs-entityid=\"23\">\n<div data-kjs-view=\"controls\"><\/div>\n<\/div>\n<div data-kjs-app=\"content\/lightbox\" data-kjs-entityid=\"24\"><\/div>\n<\/div>\n<\/div>\n<\/div>\n<\/div>\n<\/div>\n<\/div>\n<\/section>\n<\/div>\n<\/div>\n<\/div>\n<\/div>\n<\/div>\n<\/section>\n<div class=\"fg-products-details-stage\" data-kjs-app=\"products\/details\/stage\" data-kjs-entityid=\"9\">\n<div data-kjs-view=\"main\">\n<section class=\"container\">\n<div class=\"row fc-stage\">\n<div class=\"col-sm-7 col-md-8 fc-left\">\n<div class=\"fc-media\">\n<div class=\"fg-content-carousel fg-carousel-wrapper swiper-container swiper-container-initialized swiper-container-horizontal swiper-container-pointer-events\" data-kjs-app=\"content\/carousel\" data-kjs-entityid=\"22\">\n<div id=\"swiper-wrapper-7aaddb627e3ba9d1\" class=\"fc-carousel swiper-wrapper\">\n<div class=\"fc-carousel-slide swiper-slide swiper-slide-duplicate swiper-slide-duplicate-next\" role=\"group\" data-kjs-slide=\"2\" data-swiper-slide-index=\"2\" aria-label=\"1 \/ 5\">\n<div data-kjs-app=\"content\/video\" data-kjs-entityid=\"28\">\n<div data-kjs-view=\"main\"><\/div>\n<\/div>\n<\/div>\n<div class=\"fc-carousel-slide swiper-slide fc-image-loaded swiper-slide-prev\" role=\"group\" data-kjs-slide=\"0\" data-swiper-slide-index=\"0\" aria-label=\"2 \/ 5\">\n<div class=\"fg-wishlist-control\" data-kjs-app=\"wishlist\/control\" data-kjs-entityid=\"23\">\n<div data-kjs-view=\"controls\"><\/div>\n<\/div>\n<div data-kjs-app=\"content\/lightbox\" data-kjs-entityid=\"24\"><\/div>\n<\/div>\n<\/div>\n<\/div>\n<\/div>\n<\/div>\n<\/div>\n<\/section>\n<\/div>\n<\/div>\n<\/div>\n<\/div>\n<\/div>\n<\/section>\n<div class=\"fg-products-details-stage\" data-kjs-app=\"products\/details\/stage\" data-kjs-entityid=\"9\">\n<div data-kjs-view=\"main\">\n<section class=\"container\">\n<div class=\"row fc-stage\">\n<div class=\"col-sm-7 col-md-8 fc-left\">\n<div class=\"fc-media\">\n<div class=\"fg-content-carousel fg-carousel-wrapper swiper-container swiper-container-initialized swiper-container-horizontal swiper-container-pointer-events\" data-kjs-app=\"content\/carousel\" data-kjs-entityid=\"22\">\n<div id=\"swiper-wrapper-38e132bb79587cf10\" class=\"fc-carousel swiper-wrapper\">\n<div class=\"fc-carousel-slide swiper-slide swiper-slide-duplicate swiper-slide-prev\" role=\"group\" data-kjs-slide=\"8\" data-swiper-slide-index=\"8\" aria-label=\"1 \/ 11\">\n<div data-kjs-app=\"content\/video\" data-kjs-entityid=\"40\">\n<div data-kjs-view=\"main\"><\/div>\n<\/div>\n<\/div>\n<div class=\"fc-carousel-slide swiper-slide fc-visible swiper-slide-active fc-image-loaded\" role=\"group\" data-kjs-slide=\"0\" data-swiper-slide-index=\"0\" aria-label=\"2 \/ 11\">\n<div class=\"fg-wishlist-control\" data-kjs-app=\"wishlist\/control\" data-kjs-entityid=\"23\">\n<div data-kjs-view=\"controls\"><\/div>\n<\/div>\n<div data-kjs-app=\"content\/lightbox\" data-kjs-entityid=\"24\"><\/div>\n<\/div>\n<\/div>\n<\/div>\n<\/div>\n<\/div>\n<\/div>\n<\/section>\n<\/div>\n<\/div>\n<\/div>\n<\/div>\n<\/div>\n<\/section>\n<div class=\"fg-products-details-stage\" data-kjs-app=\"products\/details\/stage\" data-kjs-entityid=\"9\">\n<div data-kjs-view=\"main\">\n<section class=\"container\">\n<div class=\"row fc-stage\">\n<div class=\"col-sm-7 col-md-8 fc-left\">\n<div class=\"fc-media\">\n<div class=\"fg-content-carousel fg-carousel-wrapper swiper-container swiper-container-initialized swiper-container-horizontal swiper-container-pointer-events\" data-kjs-app=\"content\/carousel\" data-kjs-entityid=\"22\">\n<div id=\"swiper-wrapper-dceced8e85ebe8d5\" class=\"fc-carousel swiper-wrapper\">\n<div class=\"fc-carousel-slide swiper-slide swiper-slide-duplicate swiper-slide-prev swiper-slide-duplicate-next\" role=\"group\" data-kjs-slide=\"1\" data-swiper-slide-index=\"1\" aria-label=\"1 \/ 4\">\n<div data-kjs-app=\"content\/video\" data-kjs-entityid=\"26\">\n<div data-kjs-view=\"main\"><\/div>\n<\/div>\n<\/div>\n<div class=\"fc-carousel-slide swiper-slide fc-visible swiper-slide-active fc-image-loaded\" role=\"group\" data-kjs-slide=\"0\" data-swiper-slide-index=\"0\" aria-label=\"2 \/ 4\">\n<div class=\"fg-wishlist-control\" data-kjs-app=\"wishlist\/control\" data-kjs-entityid=\"23\">\n<div data-kjs-view=\"controls\"><\/div>\n<\/div>\n<div data-kjs-app=\"content\/lightbox\" data-kjs-entityid=\"24\"><\/div>\n<\/div>\n<\/div>\n<\/div>\n<\/div>\n<\/div>\n<\/div>\n<\/section>\n<\/div>\n<\/div>\n<\/div>\n<\/div>\n<\/div>\n<\/section>\n<div class=\"fg-products-details-stage\" data-kjs-app=\"products\/details\/stage\" data-kjs-entityid=\"9\">\n<div data-kjs-view=\"main\">\n<section class=\"container\">\n<div class=\"row fc-stage\">\n<div class=\"col-sm-7 col-md-8 fc-left\">\n<div class=\"fc-media\">\n<div class=\"fg-content-carousel fg-carousel-wrapper swiper-container swiper-container-initialized swiper-container-horizontal swiper-container-pointer-events\" data-kjs-app=\"content\/carousel\" data-kjs-entityid=\"20\">\n<div id=\"swiper-wrapper-2ef1049745bd361b3\" class=\"fc-carousel swiper-wrapper\">\n<div class=\"fc-carousel-slide swiper-slide swiper-slide-duplicate swiper-slide-prev\" role=\"group\" data-kjs-slide=\"9\" data-swiper-slide-index=\"9\" aria-label=\"1 \/ 12\">\n<div data-kjs-app=\"content\/lightbox\" data-kjs-entityid=\"40\"><\/div>\n<\/div>\n<\/div>\n<\/div>\n<\/div>\n<\/div>\n<\/div>\n<\/section>\n<\/div>\n<\/div>\n<\/div>\n<\/div>\n<\/div>\n<\/section>\n<div class=\"fg-products-details-stage\" data-kjs-app=\"products\/details\/stage\" data-kjs-entityid=\"9\">\n<div data-kjs-view=\"main\">\n<section class=\"container\">\n<div class=\"row fc-stage\">\n<div class=\"col-sm-7 col-md-8 fc-left\">\n<div class=\"fc-media\">\n<div class=\"fg-content-carousel fg-carousel-wrapper swiper-container swiper-container-initialized swiper-container-horizontal swiper-container-pointer-events\" data-kjs-app=\"content\/carousel\" data-kjs-entityid=\"20\">\n<div id=\"swiper-wrapper-c59aedbfefe38933\" class=\"fc-carousel swiper-wrapper\">\n<div class=\"fc-carousel-slide swiper-slide swiper-slide-duplicate swiper-slide-prev swiper-slide-duplicate-next\" role=\"group\" data-kjs-slide=\"1\" data-swiper-slide-index=\"1\" aria-label=\"1 \/ 4\">\n<div data-kjs-app=\"content\/lightbox\" data-kjs-entityid=\"24\"><\/div>\n<\/div>\n<\/div>\n<\/div>\n<\/div>\n<\/div>\n<\/div>\n<\/section>\n<\/div>\n<\/div>\n<\/div>\n<\/div>\n<\/div>\n<\/section>\n<div class=\"fg-products-details-stage\" data-kjs-app=\"products\/details\/stage\" data-kjs-entityid=\"9\">\n<div data-kjs-view=\"main\">\n<section class=\"container\">\n<div class=\"row fc-stage\">\n<div class=\"col-sm-7 col-md-8 fc-left\">\n<div class=\"fc-media\">\n<div class=\"fg-content-carousel fg-carousel-wrapper swiper-container swiper-container-initialized swiper-container-horizontal swiper-container-pointer-events\" data-kjs-app=\"content\/carousel\" data-kjs-entityid=\"21\">\n<div id=\"swiper-wrapper-b0ab8103d986e70d8\" class=\"fc-carousel swiper-wrapper\">\n<div class=\"fc-carousel-slide swiper-slide swiper-slide-duplicate swiper-slide-prev\" role=\"group\" data-kjs-slide=\"2\" data-swiper-slide-index=\"2\" aria-label=\"1 \/ 5\">\n<div data-kjs-app=\"content\/lightbox\" data-kjs-entityid=\"27\"><\/div>\n<\/div>\n<\/div>\n<\/div>\n<\/div>\n<\/div>\n<\/div>\n<\/section>\n<\/div>\n<\/div>\n<\/div>\n<\/div>\n<\/div>\n<\/section>\n<div class=\"fg-products-details-stage\" data-kjs-app=\"products\/details\/stage\" data-kjs-entityid=\"9\">\n<div data-kjs-view=\"main\">\n<section class=\"container\">\n<div class=\"row fc-stage\">\n<div class=\"col-sm-7 col-md-8 fc-left\">\n<div class=\"fc-media\">\n<div class=\"fg-content-carousel fg-carousel-wrapper swiper-container swiper-container-initialized swiper-container-horizontal swiper-container-pointer-events\" data-kjs-app=\"content\/carousel\" data-kjs-entityid=\"21\">\n<div id=\"swiper-wrapper-5fded1366e0194c7\" class=\"fc-carousel swiper-wrapper\">\n<div class=\"fc-carousel-slide swiper-slide swiper-slide-duplicate swiper-slide-duplicate-active\" role=\"group\" data-kjs-slide=\"1\" data-swiper-slide-index=\"1\" aria-label=\"1 \/ 4\">\n<div data-kjs-app=\"content\/lightbox\" data-kjs-entityid=\"25\"><\/div>\n<\/div>\n<\/div>\n<\/div>\n<\/div>\n<\/div>\n<\/div>\n<\/section>\n<\/div>\n<\/div>","protected":false},"featured_media":5963,"comment_status":"open","ping_status":"closed","template":"","meta":[],"product_cat":[276],"product_tag":[],"class_list":{"0":"post-5956","1":"product","2":"type-product","3":"status-publish","4":"has-post-thumbnail","6":"product_cat-pylesosy-dlya-uboki-prolivov-suhogo-i-vlazhngo-musora","8":"first","9":"instock","10":"shipping-taxable","11":"purchasable","12":"product-type-simple"},"_links":{"self":[{"href":"https:\/\/karchershop.az\/az\/wp-json\/wp\/v2\/product\/5956","targetHints":{"allow":["GET"]}}],"collection":[{"href":"https:\/\/karchershop.az\/az\/wp-json\/wp\/v2\/product"}],"about":[{"href":"https:\/\/karchershop.az\/az\/wp-json\/wp\/v2\/types\/product"}],"replies":[{"embeddable":true,"href":"https:\/\/karchershop.az\/az\/wp-json\/wp\/v2\/comments?post=5956"}],"wp:featuredmedia":[{"embeddable":true,"href":"https:\/\/karchershop.az\/az\/wp-json\/wp\/v2\/media\/5963"}],"wp:attachment":[{"href":"https:\/\/karchershop.az\/az\/wp-json\/wp\/v2\/media?parent=5956"}],"wp:term":[{"taxonomy":"product_cat","embeddable":true,"href":"https:\/\/karchershop.az\/az\/wp-json\/wp\/v2\/product_cat?post=5956"},{"taxonomy":"product_tag","embeddable":true,"href":"https:\/\/karchershop.az\/az\/wp-json\/wp\/v2\/product_tag?post=5956"}],"curies":[{"name":"wp","href":"https:\/\/api.w.org\/{rel}","templated":true}]}}