{"id":6524,"date":"2023-01-04T13:22:48","date_gmt":"2023-01-04T09:22:48","guid":{"rendered":"https:\/\/karchershop.az\/?post_type=product&#038;p=6524"},"modified":"2026-05-01T21:35:50","modified_gmt":"2026-05-01T17:35:50","slug":"sc-2-easyfix-premium","status":"publish","type":"product","link":"https:\/\/karchershop.az\/az\/home-garden\/paroochistiteli\/sc-2-easyfix-premium","title":{"rendered":"SC 2 EasyFix PREMIUM"},"content":{"rendered":"<p>SC 2 EasyFix Premium buxar t\u0259mizl\u0259yicisi\u00a0<span class=\"fix-spelling\">EasyFix<\/span>\u00a0Premium \u043e\u0442 K\u00e4rcher \u0438\u0441\u043a\u043b\u044e\u0447\u0438\u0442\u0435\u043b\u044c\u043d\u043e \u043f\u0440\u043e\u0441\u0442 \u0432 \u0443\u043f\u0440\u0430\u0432\u043b\u0435\u043d\u0438\u0438, \u0430 \u0435\u0433\u043e \u044d\u0440\u0433\u043e\u043d\u043e\u043c\u0438\u0447\u043d\u0430\u044f \u043d\u0430\u0441\u0430\u0434\u043a\u0430 \u0434\u043b\u044f \u043f\u043e\u043b\u0430\u00a0<span class=\"fix-spelling\">EasyFix<\/span>\u00a0\u0441 \u0448\u0430\u0440\u043d\u0438\u0440\u043e\u043c \u0438 \u043f\u043b\u0430\u0441\u0442\u0438\u043d\u0447\u0430\u0442\u043e\u0439 \u043f\u043e\u0434\u043e\u0448\u0432\u043e\u0439 \u043e\u0431\u0435\u0441\u043f\u0435\u0447\u0438\u0432\u0430\u0435\u0442 \u0431\u044b\u0441\u0442\u0440\u043e\u0435 \u043d\u0430\u0432\u0435\u0434\u0435\u043d\u0438\u0435 \u0431\u0435\u0437\u0443\u043a\u043e\u0440\u0438\u0437\u043d\u0435\u043d\u043d\u043e\u0439 \u0447\u0438\u0441\u0442\u043e\u0442\u044b. \u041c\u0438\u043a\u0440\u043e\u0432\u043e\u043b\u043e\u043a\u043e\u043d\u043d\u0430\u044f \u0441\u0430\u043b\u0444\u0435\u0442\u043a\u0430 \u0434\u043b\u044f \u043f\u043e\u043b\u0430 \u043b\u0435\u0433\u043a\u043e \u0443\u0441\u0442\u0430\u043d\u0430\u0432\u043b\u0438\u0432\u0430\u0435\u0442\u0441\u044f \u043d\u0430 \u044d\u0442\u043e\u0439 \u043d\u0430\u0441\u0430\u0434\u043a\u0435 \u043f\u0440\u0438 \u043f\u043e\u043c\u043e\u0449\u0438 \u043b\u0438\u043f\u0443\u0447\u043a\u0438 \u0438 \u0431\u044b\u0441\u0442\u0440\u043e \u0441\u043d\u0438\u043c\u0430\u0435\u0442\u0441\u044f \u0431\u0435\u0437 \u043a\u043e\u043d\u0442\u0430\u043a\u0442\u0430 \u0441 \u0433\u0440\u044f\u0437\u044c\u044e. 2-\u0441\u0442\u0443\u043f\u0435\u043d\u0447\u0430\u0442\u044b\u0439 \u0440\u0435\u0433\u0443\u043b\u044f\u0442\u043e\u0440 \u043f\u043e\u0434\u0430\u0447\u0438 \u043f\u0430\u0440\u0430 \u043f\u043e\u0437\u0432\u043e\u043b\u044f\u0435\u0442 \u0430\u0434\u0430\u043f\u0442\u0438\u0440\u043e\u0432\u0430\u0442\u044c \u0438\u043d\u0442\u0435\u043d\u0441\u0438\u0432\u043d\u043e\u0441\u0442\u044c \u043f\u0430\u0440\u043e\u0432\u043e\u0439 \u043e\u0431\u0440\u0430\u0431\u043e\u0442\u043a\u0438 \u043a \u0441\u0432\u043e\u0439\u0441\u0442\u0432\u0430\u043c \u043e\u0447\u0438\u0449\u0430\u0435\u043c\u043e\u0439 \u043f\u043e\u0432\u0435\u0440\u0445\u043d\u043e\u0441\u0442\u0438 \u0438 \u0435\u0435 \u0437\u0430\u0433\u0440\u044f\u0437\u043d\u0435\u043d\u043d\u043e\u0441\u0442\u0438. \u041a\u0440\u043e\u043c\u0435 \u0442\u043e\u0433\u043e, \u0430\u043f\u043f\u0430\u0440\u0430\u0442 \u043e\u0442\u043b\u0438\u0447\u0430\u0435\u0442\u0441\u044f \u0440\u0430\u0441\u0448\u0438\u0440\u0435\u043d\u043d\u043e\u0439 \u043a\u043e\u043c\u043f\u043b\u0435\u043a\u0442\u0430\u0446\u0438\u0435\u0439, \u0443\u0432\u0435\u043b\u0438\u0447\u0438\u0432\u0430\u044e\u0449\u0435\u0439 \u0435\u0433\u043e \u0444\u0443\u043d\u043a\u0446\u0438\u043e\u043d\u0430\u043b\u044c\u043d\u044b\u0435 \u0432\u043e\u0437\u043c\u043e\u0436\u043d\u043e\u0441\u0442\u0438, \u0438 \u043f\u043e\u0437\u0432\u043e\u043b\u044f\u0435\u0442 \u0445\u0440\u0430\u043d\u0438\u0442\u044c \u043f\u0440\u0438\u043d\u0430\u0434\u043b\u0435\u0436\u043d\u043e\u0441\u0442\u0438 \u043d\u0430 \u043a\u043e\u0440\u043f\u0443\u0441\u0435, \u0430 \u0442\u0430\u043a\u0436\u0435 \u0437\u0430\u043a\u0440\u0435\u043f\u043b\u044f\u0442\u044c \u043d\u0430 \u043d\u0435\u043c \u043d\u0430\u0441\u0430\u0434\u043a\u0443 \u0434\u043b\u044f \u043f\u043e\u043b\u0430 \u043d\u0430 \u0432\u0440\u0435\u043c\u044f \u043f\u0435\u0440\u0435\u0440\u044b\u0432\u043e\u0432 \u0432 \u0440\u0430\u0431\u043e\u0442\u0435. \u041f\u0430\u0440\u043e\u043e\u0447\u0438\u0441\u0442\u0438\u0442\u0435\u043b\u044c SC 2\u00a0<span class=\"fix-spelling\">EasyFix<\/span>\u00a0SC 2 EasyFix Premium buxar t\u0259mizl\u0259yicisi K\u00e4rcher-d\u0259n olan EasyFix Premium-un istismar\u0131 olduqca asand\u0131r v\u0259 onun f\u0131rlanan v\u0259 \u00e7ubuqlu altl\u0131\u011f\u0131 olan erqonomik EasyFix d\u00f6\u015f\u0259m\u0259 ba\u015fl\u0131\u011f\u0131 m\u00fck\u0259mm\u0259l t\u0259mizliy\u0259 tez v\u0259 asan nail olmaq imkan\u0131 verir. Mikrofiber d\u00f6\u015f\u0259m\u0259 \u00f6rt\u00fcy\u00fc Velcro il\u0259 bu ba\u015fl\u0131\u011fa asanl\u0131qla yap\u0131\u015fd\u0131r\u0131la bil\u0259r v\u0259 kirl\u0259 t\u0259mas etm\u0259d\u0259n tez \u00e7\u0131xar\u0131la bil\u0259r. 2 m\u0259rh\u0259l\u0259li buxar t\u0259nziml\u0259yicisi buxarla i\u015fl\u0259nm\u0259nin intensivliyini t\u0259mizl\u0259n\u0259c\u0259k s\u0259thin x\u00fcsusiyy\u0259tl\u0259rin\u0259 v\u0259 onun \u00e7irkl\u0259nm\u0259sin\u0259 uy\u011funla\u015fd\u0131rma\u011fa imkan verir. Bundan \u0259lav\u0259, cihaz funksionall\u0131\u011f\u0131n\u0131 art\u0131ran geni\u015fl\u0259ndirilmi\u015f paketl\u0259 t\u0259chiz olunub v\u0259 aksessuarlar\u0131 b\u0259d\u0259nd\u0259 saxlama\u011fa, el\u0259c\u0259 d\u0259 i\u015fd\u0259 fasil\u0259l\u0259r zaman\u0131 onun \u00fcz\u0259rin\u0259 d\u00f6\u015f\u0259m\u0259 ba\u015fl\u0131\u011f\u0131n\u0131 b\u0259rkitm\u0259y\u0259 imkan verir. SC 2 EasyFix Premium buxar t\u0259mizl\u0259yicisi m\u0259i\u015f\u0259t kimy\u0259vi madd\u0259l\u0259rd\u0259n istifad\u0259 etm\u0259d\u0259n t\u0259mizliyi t\u0259min edir v\u0259 \u00e7ox y\u00f6nl\u00fc imkanlara malikdir. K\u00e4rcher buxar t\u0259mizl\u0259yicisi il\u0259 h\u0259rt\u0259r\u0259fli t\u0259mizl\u0259m\u0259 s\u0259rt s\u0259thl\u0259rd\u0259 viruslar\u0131* v\u0259 \u00fcmumi m\u0259i\u015f\u0259t bakteriyalar\u0131n\u0131** 99,99% yox edir. Buxar t\u0259mizl\u0259yicisinin istifad\u0259si soban\u0131n v\u0259 kapotun, keramik plit\u0259l\u0259rin (o c\u00fcml\u0259d\u0259n m\u0259hlullar\u0131n) v\u0259 ya kranlar\u0131n h\u0259tta inadkar kird\u0259n tez v\u0259 h\u0259rt\u0259r\u0259fli t\u0259mizl\u0259nm\u0259sin\u0259 z\u0259man\u0259t verir.<\/p>","protected":false},"excerpt":{"rendered":"<p>\u041f\u0430\u0440\u043e\u043e\u0447\u0438\u0441\u0442\u0438\u0442\u0435\u043b\u044c SC 2 <span class=\"fix-spelling\">EasyFix<\/span>\u00a0Premium \u0441 \u043d\u0430\u0441\u0430\u0434\u043a\u043e\u0439 \u0434\u043b\u044f \u0443\u0431\u043e\u0440\u043a\u0438 \u043f\u043e\u043b\u0430\u00a0<span class=\"fix-spelling\">EasyFix<\/span> \u0438 \u0440\u0430\u0441\u0448\u0438\u0440\u0435\u043d\u043d\u044b\u043c \u043a\u043e\u043c\u043f\u043b\u0435\u043a\u0442\u043e\u043c \u0430\u043a\u0441\u0435\u0441\u0441\u0443\u0430\u0440\u043e\u0432 &#8211; \u0441 \u043f\u043e\u043c\u043e\u0449\u044c\u044e \u043f\u0430\u0440\u0430 \u0438 \u0431\u0435\u0437 \u0445\u0438\u043c\u0438\u0438! \u0414\u043b\u044f \u0438\u0441\u0442\u0438\u043d\u043d\u043e\u0439 \u0447\u0438\u0441\u0442\u043e\u0442\u044b \u0442\u0432\u0435\u0440\u0434\u044b\u0445 \u043f\u043e\u0432\u0435\u0440\u0445\u043d\u043e\u0441\u0442\u0435\u0439 \u0432\u043e \u0432\u0441\u0435\u043c \u0434\u043e\u043c\u0435.<\/p>","protected":false},"featured_media":6532,"comment_status":"open","ping_status":"closed","template":"","meta":[],"product_cat":[15,184],"product_tag":[],"class_list":{"0":"post-6524","1":"product","2":"type-product","3":"status-publish","4":"has-post-thumbnail","6":"product_cat-home-garden","7":"product_cat-paroochistiteli","9":"first","10":"outofstock","11":"shipping-taxable","12":"purchasable","13":"product-type-simple"},"_links":{"self":[{"href":"https:\/\/karchershop.az\/az\/wp-json\/wp\/v2\/product\/6524","targetHints":{"allow":["GET"]}}],"collection":[{"href":"https:\/\/karchershop.az\/az\/wp-json\/wp\/v2\/product"}],"about":[{"href":"https:\/\/karchershop.az\/az\/wp-json\/wp\/v2\/types\/product"}],"replies":[{"embeddable":true,"href":"https:\/\/karchershop.az\/az\/wp-json\/wp\/v2\/comments?post=6524"}],"wp:featuredmedia":[{"embeddable":true,"href":"https:\/\/karchershop.az\/az\/wp-json\/wp\/v2\/media\/6532"}],"wp:attachment":[{"href":"https:\/\/karchershop.az\/az\/wp-json\/wp\/v2\/media?parent=6524"}],"wp:term":[{"taxonomy":"product_cat","embeddable":true,"href":"https:\/\/karchershop.az\/az\/wp-json\/wp\/v2\/product_cat?post=6524"},{"taxonomy":"product_tag","embeddable":true,"href":"https:\/\/karchershop.az\/az\/wp-json\/wp\/v2\/product_tag?post=6524"}],"curies":[{"name":"wp","href":"https:\/\/api.w.org\/{rel}","templated":true}]}}