{"id":6758,"date":"2023-01-30T18:22:06","date_gmt":"2023-01-30T14:22:06","guid":{"rendered":"https:\/\/karchershop.az\/?post_type=product&#038;p=6758"},"modified":"2026-05-01T21:35:50","modified_gmt":"2026-05-01T17:35:50","slug":"karcher-nt-30-1-ucun-torba","status":"publish","type":"product","link":"https:\/\/karchershop.az\/az\/home-garden\/aksessuary\/aksessuary-dlya-pylesososov\/karcher-nt-30-1-ucun-torba","title":{"rendered":"NT 30\/1 Me Classic modell\u0259ri \u00fc\u00e7\u00fcn Filterli-torba"},"content":{"rendered":"<p>\u041c\u043d\u043e\u0433\u043e\u0440\u0430\u0437\u043e\u0432\u044b\u0439 \u0442\u043a\u0430\u043d\u0435\u0432\u044b\u0439 \u0444\u0438\u043b\u044c\u0442\u0440-\u043c\u0435\u0448\u043e\u043a \u0434\u043b\u044f \u043f\u044b\u043b\u0435\u0441\u043e\u0441\u043e\u0432 Karcher NT 30\/1 Me Classic \u0434\u043b\u044f \u0443\u0442\u0438\u043b\u0438\u0437\u0430\u0446\u0438\u0438 \u043c\u0443\u0441\u043e\u0440\u0430. \u0414\u043e\u043f\u0443\u0441\u043a\u0430\u0435\u0442\u0441\u044f \u0441\u0442\u0438\u0440\u043a\u0430 \u043f\u0440\u0438 \u0442\u0435\u043c\u043f\u0435\u0440\u0430\u0442\u0443\u0440\u0435 40\u00b0C.<\/p>","protected":false},"excerpt":{"rendered":"<p>\u0424\u0438\u043b\u044c\u0442\u0440-\u043c\u0435\u0448\u043e\u043a \u0434\u043b\u044f \u043f\u044b\u043b\u0435\u0441\u043e\u0441\u043e\u0432 Karcher NT 30\/1 Me Classic \u0434\u043b\u044f \u0443\u0442\u0438\u043b\u0438\u0437\u0430\u0446\u0438\u0438 \u043c\u0443\u0441\u043e\u0440\u0430.<\/p>","protected":false},"featured_media":6759,"comment_status":"open","ping_status":"closed","template":"","meta":[],"product_cat":[567,569],"product_tag":[],"class_list":{"0":"post-6758","1":"product","2":"type-product","3":"status-publish","4":"has-post-thumbnail","6":"product_cat-aksessuary","7":"product_cat-aksessuary-dlya-pylesososov","9":"first","10":"instock","11":"shipping-taxable","12":"purchasable","13":"product-type-simple"},"_links":{"self":[{"href":"https:\/\/karchershop.az\/az\/wp-json\/wp\/v2\/product\/6758","targetHints":{"allow":["GET"]}}],"collection":[{"href":"https:\/\/karchershop.az\/az\/wp-json\/wp\/v2\/product"}],"about":[{"href":"https:\/\/karchershop.az\/az\/wp-json\/wp\/v2\/types\/product"}],"replies":[{"embeddable":true,"href":"https:\/\/karchershop.az\/az\/wp-json\/wp\/v2\/comments?post=6758"}],"wp:featuredmedia":[{"embeddable":true,"href":"https:\/\/karchershop.az\/az\/wp-json\/wp\/v2\/media\/6759"}],"wp:attachment":[{"href":"https:\/\/karchershop.az\/az\/wp-json\/wp\/v2\/media?parent=6758"}],"wp:term":[{"taxonomy":"product_cat","embeddable":true,"href":"https:\/\/karchershop.az\/az\/wp-json\/wp\/v2\/product_cat?post=6758"},{"taxonomy":"product_tag","embeddable":true,"href":"https:\/\/karchershop.az\/az\/wp-json\/wp\/v2\/product_tag?post=6758"}],"curies":[{"name":"wp","href":"https:\/\/api.w.org\/{rel}","templated":true}]}}