{"id":7038,"date":"2023-02-23T15:06:39","date_gmt":"2023-02-23T11:06:39","guid":{"rendered":"https:\/\/karchershop.az\/?post_type=product&#038;p=7038"},"modified":"2026-05-01T21:35:50","modified_gmt":"2026-05-01T17:35:50","slug":"apparat-srednego-davleniya-khb-6-battery-set","status":"publish","type":"product","link":"https:\/\/karchershop.az\/az\/home-garden\/mojki-vysokogo-davleniya\/apparat-srednego-davleniya-khb-6-battery-set","title":{"rendered":"KHB 6 BATTERY SET"},"content":{"rendered":"<p>Elektrik ba\u011flant\u0131s\u0131 olmadan da istifad\u0259 ed\u0259 bil\u0259c\u0259yiniz t\u0259zyiqli yuma aparat\u0131 ist\u0259yirsiz? Karcher- d\u0259 bu da m\u00f6vcuddur! K\u00e4rcher 18 V Batareya platformas\u0131ndan KHB 6 Batareya y\u00fcng\u00fcl, \u0259l batareyas\u0131 il\u0259 i\u015fl\u0259y\u0259n orta t\u0259zyiqli yuyucusu elektrik t\u0259chizat\u0131 t\u0259l\u0259b etm\u0259d\u0259n evin \u0259traf\u0131nda dem\u0259k olar ki, h\u0259r \u015feyi t\u0259mizl\u0259yir. Sad\u0259c\u0259 \u015flanq\u0131 birl\u0259\u015fdirin v\u0259 o, t\u0259mizl\u0259m\u0259y\u0259 haz\u0131rd\u0131r. Z\u0259rif d\u00fcz reaktiv nozzle il\u0259 inadkar kir tez bir zamanda ba\u011f mebell\u0259rind\u0259n, oyuncaqlardan v\u0259 daha \u00e7ox \u015feyd\u0259n t\u0259mizl\u0259n\u0259 bil\u0259r. \u00c7i\u00e7\u0259k qablar\u0131n\u0131z l\u0259k\u0259l\u0259nibmi? Bu, h\u0259tta inadkar kirl\u0259ri asanl\u0131qla t\u0259mizl\u0259m\u0259k \u00fc\u00e7\u00fcn istifad\u0259 oluna bil\u0259n s\u0259m\u0259r\u0259li f\u0131rlanan ba\u015fl\u0131q \u00fc\u00e7\u00fcn asan i\u015fdir. H\u0259r iki ucluq, d\u0259yi\u015fdiril\u0259 bil\u0259n batareya v\u0259 batareya doldurucusu t\u0259dar\u00fck h\u0259cmin\u0259 daxildir. D\u0259yi\u015fdiril\u0259 bil\u0259n batareya 18 V K\u00e4rcher Batareya G\u00fcc\u00fc platformas\u0131nda akkumulyatorla i\u015fl\u0259y\u0259n b\u00fct\u00fcn cihazlarda istifad\u0259 edil\u0259 bil\u0259r. \u0130nnovativ Real Time Texnologiyas\u0131 say\u0259sind\u0259 batareya' s LCD displey i\u015fl\u0259y\u0259rk\u0259n, doldurark\u0259n v\u0259 saxlayark\u0259n qalan g\u00fcc\u00fc g\u00f6st\u0259rir. Aksesuarlar\u0131n geni\u015f \u00e7e\u015fidi KHB 6 Batareyas\u0131n\u0131n istifad\u0259 \u00fc\u00e7\u00fcn daha \u00e7ox y\u00f6nl\u00fc edir. M\u0259s\u0259l\u0259n, alternativ m\u0259nb\u0259l\u0259rd\u0259n suyun istifad\u0259si \u00fc\u00e7\u00fcn k\u00f6p\u00fck jet, yuma f\u0131r\u00e7as\u0131 v\u0259 suction borusu da m\u00f6vcuddur.<\/p>","protected":false},"excerpt":{"rendered":"<p>Ba\u011fdak\u0131 h\u0259r \u015feyi, ba\u011f mebell\u0259rini, oyuncaqlar\u0131 v\u0259 daha \u00e7oxunu effektiv t\u0259mizl\u0259nm\u0259sini t\u0259min ed\u0259n KHB 6 Batareya d\u0259stidir. KHB 6 Batareya d\u0259sti \u0259l batareyas\u0131 il\u0259 i\u015fl\u0259y\u0259n orta t\u0259zyiqli yuyucusu 18 V d\u0259yi\u015fdiril\u0259 bil\u0259n batareya v\u0259 batareya doldurucu il\u0259 d\u0259 t\u0259min edilib.<\/p>","protected":false},"featured_media":7047,"comment_status":"open","ping_status":"closed","template":"","meta":[],"product_cat":[15,20],"product_tag":[],"class_list":{"0":"post-7038","1":"product","2":"type-product","3":"status-publish","4":"has-post-thumbnail","6":"product_cat-home-garden","7":"product_cat-mojki-vysokogo-davleniya","9":"first","10":"instock","11":"shipping-taxable","12":"purchasable","13":"product-type-simple"},"_links":{"self":[{"href":"https:\/\/karchershop.az\/az\/wp-json\/wp\/v2\/product\/7038","targetHints":{"allow":["GET"]}}],"collection":[{"href":"https:\/\/karchershop.az\/az\/wp-json\/wp\/v2\/product"}],"about":[{"href":"https:\/\/karchershop.az\/az\/wp-json\/wp\/v2\/types\/product"}],"replies":[{"embeddable":true,"href":"https:\/\/karchershop.az\/az\/wp-json\/wp\/v2\/comments?post=7038"}],"wp:featuredmedia":[{"embeddable":true,"href":"https:\/\/karchershop.az\/az\/wp-json\/wp\/v2\/media\/7047"}],"wp:attachment":[{"href":"https:\/\/karchershop.az\/az\/wp-json\/wp\/v2\/media?parent=7038"}],"wp:term":[{"taxonomy":"product_cat","embeddable":true,"href":"https:\/\/karchershop.az\/az\/wp-json\/wp\/v2\/product_cat?post=7038"},{"taxonomy":"product_tag","embeddable":true,"href":"https:\/\/karchershop.az\/az\/wp-json\/wp\/v2\/product_tag?post=7038"}],"curies":[{"name":"wp","href":"https:\/\/api.w.org\/{rel}","templated":true}]}}