{"id":7133,"date":"2023-02-24T10:37:11","date_gmt":"2023-02-24T06:37:11","guid":{"rendered":"https:\/\/karchershop.az\/?post_type=product&#038;p=7133"},"modified":"2026-05-01T21:35:51","modified_gmt":"2026-05-01T17:35:51","slug":"akkumulyatornye-nozhnitsy-dlya-travy-gsh-18-20-battery","status":"publish","type":"product","link":"https:\/\/karchershop.az\/az\/home-garden\/sadovaya-tehnika-home-garden\/akkumulyatornye-nozhnitsy-dlya-travy-gsh-18-20-battery","title":{"rendered":"GSH 18-20 BATTERY+Battery"},"content":{"rendered":"<p>Ot bi\u00e7\u0259n qay\u00e7\u0131 GSH 18-20 Battery simsiz qay\u00e7\u0131 - bu bax\u0131ml\u0131 ba\u011f s\u0259liq\u0259li i\u015fl\u0259nmi\u015f qazonun ayd\u0131n konturlar\u0131 il\u0259 sahibinin g\u00f6z\u00fcn\u00fc sevindirir. \u00c7\u0259m\u0259n bi\u00e7\u0259n il\u0259 hamar k\u0259narlara \u00e7atmaq m\u00fcmk\u00fcn olmayan yerl\u0259rd\u0259 (m\u0259s\u0259l\u0259n, yollar boyunca, terras\u0131n v\u0259 ya alp s\u00fcr\u00fc\u015fm\u0259sinin yan\u0131nda) g\u00fccl\u00fc simsiz ot bi\u00e7\u0259n qay\u00e7\u0131 GSH 18-20 Batareya k\u00f6m\u0259y\u0259 g\u0259l\u0259c\u0259kdir. 12 sm geni\u015flikd\u0259ki ot b\u0131\u00e7a\u011f\u0131 qazon k\u0259narlar\u0131n\u0131 m\u00fcst\u0259sna d\u0259qiqlikl\u0259 k\u0259sm\u0259y\u0259 imkan verir, eyni zamanda al\u0259tin y\u00fcng\u00fcl \u00e7\u0259kisi v\u0259 g\u00fccl\u00fc batareyas\u0131 uzunm\u00fcdd\u0259tli i\u015fi t\u0259min edir. Eyni zamanda, al\u0259tin imkanlar\u0131 ot k\u0259sm\u0259kl\u0259 m\u0259hdudla\u015fm\u0131r: o, h\u0259m d\u0259 kollara v\u0259 hedcinql\u0259r\u0259 z\u0259rif forma verm\u0259y\u0259 qadirdir. Bunun \u00fc\u00e7\u00fcn ba\u015fqa bir b\u0131\u00e7aq istifad\u0259 olunur - iki t\u0259r\u0259fli almaz itil\u0259nmi\u015f b\u0131\u00e7aqlarla t\u0259chiz olunmu\u015f 20 sm uzunlu\u011funda bir kol b\u0131\u00e7a\u011f\u0131. Rahat yivli b\u0259rkitm\u0259 sistemi b\u0131\u00e7aqlar\u0131 \u00e7ox tez v\u0259 asanl\u0131qla d\u0259yi\u015fdirm\u0259y\u0259 imkan verir. F\u0131r\u00e7a k\u0259sicinin ucunda bir de\u015fik olan t\u0259hl\u00fck\u0259sizlik funksiyas\u0131 var v\u0259 bu \u00e7ox y\u00f6nl\u00fc 2-in-1 al\u0259ti b\u00fct\u00fcn qazon v\u0259 kollara qulluq i\u015fl\u0259riniz bitdikd\u0259n sonra saxlama \u00fc\u00e7\u00fcn t\u00f6vl\u0259nizd\u0259 v\u0259 ya qaraj\u0131n\u0131zdak\u0131 divara rahatl\u0131qla asma\u011fa imkan verir - yenid\u0259n ehtiyac\u0131n\u0131z olana q\u0259d\u0259r.<\/p>","protected":false},"excerpt":{"rendered":"<p>Ot bi\u00e7\u0259n qay\u00e7\u0131 2-si 1-d\u0259 h\u0259ll: GSH 18-20 batareyal\u0131 otbi\u00e7\u0259n qay\u00e7\u0131 h\u0259m qazon k\u0259narlar\u0131n\u0131 s\u0259liq\u0259li formada k\u0259sir, h\u0259m d\u0259 dekorativ kollar\u0131na z\u0259rif forma verir. Eyni zamanda, otbi\u00e7\u0259n sat\u0131l\u0131r, al\u0259tin imkanlar\u0131 otlar\u0131 k\u0259sm\u0259kl\u0259 m\u0259hdudla\u015fm\u0131r: kollara v\u0259 ya\u015f\u0131ll\u0131qlara d\u0259 z\u0259rif bir forma verm\u0259y\u0259 qadirdir.<\/p>","protected":false},"featured_media":7134,"comment_status":"open","ping_status":"closed","template":"","meta":[],"product_cat":[546,15],"product_tag":[],"class_list":{"0":"post-7133","1":"product","2":"type-product","3":"status-publish","4":"has-post-thumbnail","6":"product_cat-sadovaya-tehnika-home-garden","7":"product_cat-home-garden","9":"first","10":"instock","11":"shipping-taxable","12":"purchasable","13":"product-type-simple"},"_links":{"self":[{"href":"https:\/\/karchershop.az\/az\/wp-json\/wp\/v2\/product\/7133","targetHints":{"allow":["GET"]}}],"collection":[{"href":"https:\/\/karchershop.az\/az\/wp-json\/wp\/v2\/product"}],"about":[{"href":"https:\/\/karchershop.az\/az\/wp-json\/wp\/v2\/types\/product"}],"replies":[{"embeddable":true,"href":"https:\/\/karchershop.az\/az\/wp-json\/wp\/v2\/comments?post=7133"}],"wp:featuredmedia":[{"embeddable":true,"href":"https:\/\/karchershop.az\/az\/wp-json\/wp\/v2\/media\/7134"}],"wp:attachment":[{"href":"https:\/\/karchershop.az\/az\/wp-json\/wp\/v2\/media?parent=7133"}],"wp:term":[{"taxonomy":"product_cat","embeddable":true,"href":"https:\/\/karchershop.az\/az\/wp-json\/wp\/v2\/product_cat?post=7133"},{"taxonomy":"product_tag","embeddable":true,"href":"https:\/\/karchershop.az\/az\/wp-json\/wp\/v2\/product_tag?post=7133"}],"curies":[{"name":"wp","href":"https:\/\/api.w.org\/{rel}","templated":true}]}}