{"id":7199,"date":"2023-02-24T12:00:47","date_gmt":"2023-02-24T08:00:47","guid":{"rendered":"https:\/\/karchershop.az\/?post_type=product&#038;p=7199"},"modified":"2026-05-01T21:35:51","modified_gmt":"2026-05-01T17:35:51","slug":"akkumulyatornyj-trimmer-dlya-strizhki-gazona-ltr-18-25-battery-set","status":"publish","type":"product","link":"https:\/\/karchershop.az\/az\/home-garden\/sadovaya-tehnika-home-garden\/qazon-bicen-trimmer","title":{"rendered":"LTR 18-25 BATTERY SET"},"content":{"rendered":"<p>Qazon bi\u00e7m\u0259k \u00fc\u00e7\u00fcn batareyal\u0131 trimmer LTR 18-25 b\u00fck\u00fclm\u00fc\u015f x\u0259tt il\u0259 t\u0259chiz edilmi\u015f simsiz qazon trimmeri otlar\u0131n\u0131n \u0259n d\u0259qiq budamas\u0131na z\u0259man\u0259t verir. Qazon bi\u00e7\u0259n trimmer tibarl\u0131d\u0131r, a\u015fa\u011f\u0131 s\u0259s-k\u00fcyl\u00fcd\u00fcr v\u0259 k\u00fcncl\u0259rd\u0259 v\u0259 dar yerl\u0259rd\u0259 otlar\u0131 k\u0259sm\u0259yi asanla\u015fd\u0131r\u0131r, h\u0259m\u00e7inin yollara v\u0259 ya terraslara biti\u015fik qazon k\u0259narlar\u0131n\u0131 k\u0259sm\u0259y\u0259 imkan verir. Eyni zamanda, x\u0259ttin avtomatik uzad\u0131lmas\u0131 daimi i\u015f enini, a\u015fa\u011f\u0131 \u00e7\u0259ki v\u0259 ikinci tutacaq is\u0259 al\u0259tin rahat i\u015fl\u0259m\u0259sini t\u0259min edir. \u00dcst\u00fcnd\u0259 akkumulyator v\u0259 \u015farj cihaz\u0131 verilir.<\/p>","protected":false},"excerpt":{"rendered":"<p>Qazon bi\u00e7m\u0259k \u00fc\u00e7\u00fcn trimmer LTR 18-25 batareya v\u0259 y\u00fckl\u0259m\u0259 cihaz\u0131 il\u0259 g\u0259lir. \u00c7\u0259kisi y\u00fcng\u00fcl qazon bi\u00e7\u0259n trimmer.<\/p>","protected":false},"featured_media":7201,"comment_status":"open","ping_status":"closed","template":"","meta":[],"product_cat":[546,15],"product_tag":[],"class_list":{"0":"post-7199","1":"product","2":"type-product","3":"status-publish","4":"has-post-thumbnail","6":"product_cat-sadovaya-tehnika-home-garden","7":"product_cat-home-garden","9":"first","10":"instock","11":"shipping-taxable","12":"purchasable","13":"product-type-simple"},"_links":{"self":[{"href":"https:\/\/karchershop.az\/az\/wp-json\/wp\/v2\/product\/7199","targetHints":{"allow":["GET"]}}],"collection":[{"href":"https:\/\/karchershop.az\/az\/wp-json\/wp\/v2\/product"}],"about":[{"href":"https:\/\/karchershop.az\/az\/wp-json\/wp\/v2\/types\/product"}],"replies":[{"embeddable":true,"href":"https:\/\/karchershop.az\/az\/wp-json\/wp\/v2\/comments?post=7199"}],"wp:featuredmedia":[{"embeddable":true,"href":"https:\/\/karchershop.az\/az\/wp-json\/wp\/v2\/media\/7201"}],"wp:attachment":[{"href":"https:\/\/karchershop.az\/az\/wp-json\/wp\/v2\/media?parent=7199"}],"wp:term":[{"taxonomy":"product_cat","embeddable":true,"href":"https:\/\/karchershop.az\/az\/wp-json\/wp\/v2\/product_cat?post=7199"},{"taxonomy":"product_tag","embeddable":true,"href":"https:\/\/karchershop.az\/az\/wp-json\/wp\/v2\/product_tag?post=7199"}],"curies":[{"name":"wp","href":"https:\/\/api.w.org\/{rel}","templated":true}]}}