{"id":7200,"date":"2023-02-24T12:03:14","date_gmt":"2023-02-24T08:03:14","guid":{"rendered":"https:\/\/karchershop.az\/?post_type=product&#038;p=7200"},"modified":"2025-12-01T09:56:41","modified_gmt":"2025-12-01T05:56:41","slug":"akkumulyatornyj-kustorez-phg-18-45-battery-kopirovat","status":"publish","type":"product","link":"https:\/\/karchershop.az\/az\/home-garden\/sadovaya-tehnika-home-garden\/akkumulyatornyj-kustorez-phg-18-45-battery-kopirovat","title":{"rendered":"PHG 18-45 BATTERY"},"content":{"rendered":"<p>Kol bi\u00e7\u0259n PHG 18-45 PHG 18-45 kol mi\u015far\u0131 h\u00fcnd\u00fcr kollar\u0131 v\u0259 hedcinql\u0259ri bax\u0131ml\u0131 v\u0259ziyy\u0259td\u0259 saxlama\u011fa k\u00f6m\u0259k ed\u0259c\u0259k. Bu i\u015fd\u0259 k\u00f6m\u0259k, radiusu 4 m-\u0259 \u00e7atan PHG 18-45 Batareya \u00e7ubu\u011fundak\u0131 kol bi\u00e7\u0259n il\u0259 t\u0259min edil\u0259c\u0259k. Bu al\u0259t bir n\u0259rdivandan istifad\u0259 etm\u0259d\u0259n bitkil\u0259r\u0259 z\u0259rif forma verm\u0259y\u0259 imkan verir v\u0259 k\u0259sikl\u0259ri \u00e7\u0131xarmaq \u00fc\u00e7\u00fcn x\u00fcsusi \u00e7\u0131xar\u0131la bil\u0259n \u0259lav\u0259dir. yarpaqlar \u015flamlar\u0131n tac\u0131n i\u00e7\u0259risin\u0259 girm\u0259sin\u0259 mane olur, onlar\u0131 yan t\u0259r\u0259f\u0259 y\u00f6nl\u0259ndirir. B\u0131\u00e7a\u011f\u0131 115\u00b0 sektorda \u0259ym\u0259k qabiliyy\u0259ti ist\u0259nil\u0259n i\u015fin rahat v\u0259ziyy\u0259td\u0259 v\u0259 d\u0259qiq \u00fcf\u00fcqi k\u0259simd\u0259 yerin\u0259 yetirilm\u0259sini t\u0259min edir. Yor\u011funluq olmadan uzunm\u00fcdd\u0259tli i\u015f \u00fc\u00e7\u00fcn \u00e7iyin qay\u0131\u015f\u0131 t\u0259min edilir ki, bu da al\u0259tin \u00e7\u0259kisinin optimal yenid\u0259n b\u00f6l\u00fc\u015fd\u00fcr\u00fclm\u0259si s\u0259b\u0259bind\u0259n qollara v\u0259 \u00e7iyinl\u0259r\u0259 y\u00fck\u00fc azald\u0131r. Almaz itil\u0259nmi\u015f b\u0131\u00e7aqlar\u0131 olan b\u0131\u00e7aq da mi\u015far funksiyas\u0131n\u0131 yerin\u0259 yetirir - onun \u00f6n hiss\u0259si he\u00e7 bir problem olmadan h\u0259tta kifay\u0259t q\u0259d\u0259r qal\u0131n budaqlar\u0131 k\u0259s\u0259 bil\u0259r. B\u0131\u00e7aq ucun qoruyucu d\u00f6\u015f\u0259m\u0259l\u0259r\u0259, strukturlara v\u0259 b\u0131\u00e7aqlar\u0131n \u00f6zl\u0259rin\u0259 t\u0259sad\u00fcf\u0259n z\u0259d\u0259l\u0259nm\u0259nin qar\u015f\u0131s\u0131n\u0131 al\u0131r v\u0259 \u00e7uxur al\u0259ti qarajda v\u0259 ya t\u00f6vl\u0259d\u0259 s\u0259liq\u0259li saxlama \u00fc\u00e7\u00fcn asma\u011fa imkan verir.<\/p>","protected":false},"excerpt":{"rendered":"<p>Kol bi\u00e7\u0259n PHG 18-45 bir kol mi\u015far\u0131 n\u0259rdivandan istifad\u0259 etm\u0259d\u0259n h\u00fcnd\u00fcr kollar\u0131 k\u0259sm\u0259y\u0259 k\u00f6m\u0259k ed\u0259 bil\u0259r. Bu, uzatma il\u0259 t\u0259chiz edilmi\u015f PHG 18-45 kol mi\u015far\u0131 il\u0259 m\u00fcmk\u00fcnd\u00fcr. Eyni zamanda, al\u0259tin \u0259yilm\u0259 b\u0131\u00e7a\u011f\u0131 tac\u0131n q\u0259libl\u0259nm\u0259sini asanla\u015fd\u0131r\u0131r.<\/p>","protected":false},"featured_media":7151,"comment_status":"open","ping_status":"closed","template":"","meta":[],"product_cat":[546,15],"product_tag":[],"class_list":{"0":"post-7200","1":"product","2":"type-product","3":"status-publish","4":"has-post-thumbnail","6":"product_cat-sadovaya-tehnika-home-garden","7":"product_cat-home-garden","9":"first","10":"instock","11":"shipping-taxable","12":"purchasable","13":"product-type-simple"},"_links":{"self":[{"href":"https:\/\/karchershop.az\/az\/wp-json\/wp\/v2\/product\/7200","targetHints":{"allow":["GET"]}}],"collection":[{"href":"https:\/\/karchershop.az\/az\/wp-json\/wp\/v2\/product"}],"about":[{"href":"https:\/\/karchershop.az\/az\/wp-json\/wp\/v2\/types\/product"}],"replies":[{"embeddable":true,"href":"https:\/\/karchershop.az\/az\/wp-json\/wp\/v2\/comments?post=7200"}],"wp:featuredmedia":[{"embeddable":true,"href":"https:\/\/karchershop.az\/az\/wp-json\/wp\/v2\/media\/7151"}],"wp:attachment":[{"href":"https:\/\/karchershop.az\/az\/wp-json\/wp\/v2\/media?parent=7200"}],"wp:term":[{"taxonomy":"product_cat","embeddable":true,"href":"https:\/\/karchershop.az\/az\/wp-json\/wp\/v2\/product_cat?post=7200"},{"taxonomy":"product_tag","embeddable":true,"href":"https:\/\/karchershop.az\/az\/wp-json\/wp\/v2\/product_tag?post=7200"}],"curies":[{"name":"wp","href":"https:\/\/api.w.org\/{rel}","templated":true}]}}