{"id":722,"date":"2020-04-28T10:28:35","date_gmt":"2020-04-28T06:28:35","guid":{"rendered":"https:\/\/karchershop.az\/?post_type=product&#038;p=722"},"modified":"2026-05-01T21:35:09","modified_gmt":"2026-05-01T17:35:09","slug":"wd-5","status":"publish","type":"product","link":"https:\/\/karchershop.az\/az\/home-garden\/hozyajstvennye-pylesosy\/hozyajstvenny-pylesos\/wd-5","title":{"rendered":"Tikinti tozsoran\u0131 WD 5"},"content":{"rendered":"<p>Tikinti tozsoran\u0131 WD 5 WD 5 K\u00e4rcher m\u0259i\u015f\u0259t tozsoranlar\u0131n\u0131n t\u0259kmill\u0259\u015fdirilmi\u015f n\u0259slinin orta s\u0259viyy\u0259li modelidir - b\u00f6y\u00fck \u0259razil\u0259rin t\u0259mizl\u0259nm\u0259si \u00fc\u00e7\u00fcn ideald\u0131r. Yaln\u0131z 1100W istehlak il\u0259 y\u00fcks\u0259k emi\u015f g\u00fcc\u00fc. B\u00f6y\u00fck h\u0259cmd\u0259 maye v\u0259 ya zibil y\u0131\u011fma\u011fa imkan ver\u0259n 25 litr tutumlu bir konteyner\u0259 malikdir. Filtrl\u0259m\u0259 sisteminin rahat dizayn\u0131 siz\u0259 \u0259ll\u0259rinizl\u0259 bel\u0259 toxunmadan filtri \u00e7\u0131xarma\u011fa v\u0259 \u00e7\u0131xarma\u011fa imkan verir: filtrli kaset xaricd\u0259 yerl\u0259\u015fir v\u0259 bir \u0259ll\u0259 asanl\u0131qla \u00e7\u0131xar\u0131la bil\u0259r (qapa\u011f\u0131 a\u00e7ma\u011fa ehtiyac yoxdur). tozsoran v\u0259 i\u015fd\u0259n sonra filtri i\u00e7\u0259rid\u0259n \u00e7\u0131xar\u0131n). Cihaz iki uzatma borusu, n\u0259m v\u0259 quru t\u0259mizl\u0259m\u0259 \u00fc\u00e7\u00fcn d\u00f6\u015f\u0259m\u0259 uclu\u011fu, d\u00fcz qatl\u0131 filtr v\u0259 toxunmam\u0131\u015f materialdan haz\u0131rlanm\u0131\u015f filtr torbas\u0131 il\u0259 t\u0259chiz edilmi\u015fdir. O, \u00fcf\u00fcrm\u0259 funksiyas\u0131, kabel saxlama, aksesuar saxlama, antistatik materialdan haz\u0131rlanm\u0131\u015f rahat tutacaq v\u0259 avtomatik filtr t\u0259mizl\u0259m\u0259 funksiyas\u0131na malikdir.<\/p>","protected":false},"excerpt":{"rendered":"<p>Tikinti tozsoran\u0131 WD 5 WD b\u00f6y\u00fck \u0259razil\u0259rin t\u0259mizl\u0259nm\u0259si \u00fc\u00e7\u00fcn ideald\u0131r. Yaln\u0131z 1100W istehlak il\u0259 y\u00fcks\u0259k emi\u015f g\u00fcc\u00fc. B\u00f6y\u00fck h\u0259cmd\u0259 maye v\u0259 ya zibil y\u0131\u011fma\u011fa imkan ver\u0259n 25 litr tutumlu bir konteyner\u0259 malikdir. filtrasiya sisteminin rahat dizayn\u0131. Avtomatik filtr t\u0259mizl\u0259m\u0259 funksiyas\u0131.<\/p>","protected":false},"featured_media":723,"comment_status":"open","ping_status":"closed","template":"","meta":[],"product_cat":[15,553,90],"product_tag":[265],"class_list":{"0":"post-722","1":"product","2":"type-product","3":"status-publish","4":"has-post-thumbnail","6":"product_cat-home-garden","7":"product_cat-hozyajstvennye-pylesosy","8":"product_cat-hozyajstvenny-pylesos","9":"product_tag-hozyajstvennye-pylesosy","11":"first","12":"outofstock","13":"shipping-taxable","14":"purchasable","15":"product-type-simple"},"_links":{"self":[{"href":"https:\/\/karchershop.az\/az\/wp-json\/wp\/v2\/product\/722","targetHints":{"allow":["GET"]}}],"collection":[{"href":"https:\/\/karchershop.az\/az\/wp-json\/wp\/v2\/product"}],"about":[{"href":"https:\/\/karchershop.az\/az\/wp-json\/wp\/v2\/types\/product"}],"replies":[{"embeddable":true,"href":"https:\/\/karchershop.az\/az\/wp-json\/wp\/v2\/comments?post=722"}],"wp:featuredmedia":[{"embeddable":true,"href":"https:\/\/karchershop.az\/az\/wp-json\/wp\/v2\/media\/723"}],"wp:attachment":[{"href":"https:\/\/karchershop.az\/az\/wp-json\/wp\/v2\/media?parent=722"}],"wp:term":[{"taxonomy":"product_cat","embeddable":true,"href":"https:\/\/karchershop.az\/az\/wp-json\/wp\/v2\/product_cat?post=722"},{"taxonomy":"product_tag","embeddable":true,"href":"https:\/\/karchershop.az\/az\/wp-json\/wp\/v2\/product_tag?post=722"}],"curies":[{"name":"wp","href":"https:\/\/api.w.org\/{rel}","templated":true}]}}