{"id":7243,"date":"2023-02-24T16:31:05","date_gmt":"2023-02-24T12:31:05","guid":{"rendered":"https:\/\/karchershop.az\/?post_type=product&#038;p=7243"},"modified":"2026-05-01T21:35:51","modified_gmt":"2026-05-01T17:35:51","slug":"apparat-dlya-chistki-terras-pcl-4-kopirovat","status":"publish","type":"product","link":"https:\/\/karchershop.az\/az\/home-garden\/sadovaya-tehnika-home-garden\/apparat-dlya-chistki-terras-pcl-4-kopirovat","title":{"rendered":"PCL 4"},"content":{"rendered":"<p>Elektrikl\u0259 i\u015fl\u0259y\u0259n PCL 4, taxta teras\u0131 qal\u0131c\u0131 \u00e7irkl\u0259rd\u0259n tez, h\u0259rt\u0259r\u0259fli v\u0259 b\u0259rab\u0259r \u015f\u0259kild\u0259 t\u0259mizl\u0259m\u0259y\u0259 imkan verir. Cihaz\u0131 ba\u011f hortumuna qo\u015fun v\u0259 t\u0259mizl\u0259m\u0259y\u0259 ba\u015flay\u0131n. \n D\u0259yi\u015fdiril\u0259 bil\u0259n diyirc\u0259kli 2 f\u0131r\u00e7an\u0131n v\u0259 t\u0259nziml\u0259n\u0259n su ax\u0131n\u0131n\u0131n birl\u0259\u015fm\u0259si say\u0259sind\u0259 kir etibarl\u0131 \u015f\u0259kild\u0259 h\u0259ll olunur v\u0259 emal olunan s\u0259thl\u0259rd\u0259n b\u0259rab\u0259r \u015f\u0259kild\u0259 \u00e7\u0131xar\u0131l\u0131r. Teras bir ne\u00e7\u0259 d\u0259qiq\u0259 \u0259rzind\u0259 m\u00fck\u0259mm\u0259l t\u0259miz olacaq v\u0259 eyni zamanda su istehlak\u0131 bu v\u0259zif\u0259ni yerin\u0259 yetirm\u0259k \u00fc\u00e7\u00fcn laz\u0131m olan q\u0259d\u0259r olacaqd\u0131r. Roller f\u0131r\u00e7alar\u0131n\u0131n eni v\u0259 m\u00f6vqeyi bir ke\u00e7idd\u0259 2 taxtanl \u0259n k\u0259narlar\u0131na kimi t\u0259mizl\u0259m\u0259y\u0259 imkan verir ki, bu da vaxta q\u0259na\u0259t edir. V\u0259 d\u0259yi\u015fdiril\u0259 bil\u0259n diyirc\u0259kli f\u0131r\u00e7alar say\u0259sind\u0259 cihaz \u2013 taxta v\u0259 WPC \u2013 d\u0259n \u0259lav\u0259 - qapal\u0131 s\u0259th qurulu\u015fu olan da\u015f plit\u0259l\u0259rin h\u0259rt\u0259r\u0259fli v\u0259 yum\u015faq t\u0259mizl\u0259nm\u0259si \u00fc\u00e7\u00fcn d\u0259 istifad\u0259 edil\u0259 bil\u0259r.<\/p>","protected":false},"excerpt":{"rendered":"<p>Terras t\u0259mizl\u0259m\u0259 avadanl\u0131\u011f\u0131 f\u0131rlanan diyirc\u0259kli f\u0131r\u00e7alar v\u0259 qura\u015fd\u0131r\u0131lm\u0131\u015f su t\u0259chizat\u0131 sistemi say\u0259sind\u0259 taxta terraslardan kirl\u0259ri h\u0259rt\u0259r\u0259fli v\u0259 b\u0259rab\u0259r \u015f\u0259kild\u0259 t\u0259mizl\u0259yir.<\/p>","protected":false},"featured_media":7238,"comment_status":"open","ping_status":"closed","template":"","meta":[],"product_cat":[546,15],"product_tag":[],"class_list":{"0":"post-7243","1":"product","2":"type-product","3":"status-publish","4":"has-post-thumbnail","6":"product_cat-sadovaya-tehnika-home-garden","7":"product_cat-home-garden","9":"first","10":"instock","11":"shipping-taxable","12":"purchasable","13":"product-type-simple"},"_links":{"self":[{"href":"https:\/\/karchershop.az\/az\/wp-json\/wp\/v2\/product\/7243","targetHints":{"allow":["GET"]}}],"collection":[{"href":"https:\/\/karchershop.az\/az\/wp-json\/wp\/v2\/product"}],"about":[{"href":"https:\/\/karchershop.az\/az\/wp-json\/wp\/v2\/types\/product"}],"replies":[{"embeddable":true,"href":"https:\/\/karchershop.az\/az\/wp-json\/wp\/v2\/comments?post=7243"}],"wp:featuredmedia":[{"embeddable":true,"href":"https:\/\/karchershop.az\/az\/wp-json\/wp\/v2\/media\/7238"}],"wp:attachment":[{"href":"https:\/\/karchershop.az\/az\/wp-json\/wp\/v2\/media?parent=7243"}],"wp:term":[{"taxonomy":"product_cat","embeddable":true,"href":"https:\/\/karchershop.az\/az\/wp-json\/wp\/v2\/product_cat?post=7243"},{"taxonomy":"product_tag","embeddable":true,"href":"https:\/\/karchershop.az\/az\/wp-json\/wp\/v2\/product_tag?post=7243"}],"curies":[{"name":"wp","href":"https:\/\/api.w.org\/{rel}","templated":true}]}}