{"id":737,"date":"2020-04-28T10:35:01","date_gmt":"2020-04-28T06:35:01","guid":{"rendered":"https:\/\/karchershop.az\/?post_type=product&#038;p=737"},"modified":"2026-05-01T21:35:10","modified_gmt":"2026-05-01T17:35:10","slug":"stroitelniy-pilesos-wd-6-p-premium","status":"publish","type":"product","link":"https:\/\/karchershop.az\/az\/home-garden\/hozyajstvennye-pylesosy\/hozyajstvenny-pylesos\/stroitelniy-pilesos-wd-6-p-premium","title":{"rendered":"WD 6"},"content":{"rendered":"<p>**WD 6 P Premium** tikinti tozsoran\u0131n\u0131n innovativ qurulu\u015fu filtri \u00e7irk\u0259 il\u0259 t\u0259mas olmadan asanl\u0131qla \u00e7\u0131xarma\u011fa imkan verir. Bu filtr konfiqurasiyas\u0131 ya\u015f v\u0259 quru t\u0259mizlik \u0259m\u0259liyyatlar\u0131 aras\u0131nda filtr d\u0259yi\u015fm\u0259d\u0259n ke\u00e7idi t\u0259min edir.\n\nSorucu g\u00fcc bir ne\u00e7\u0259 saniy\u0259 \u0259rzind\u0259 tam b\u0259rpa olunur: filtr t\u0259mizl\u0259m\u0259 sistemi g\u00fccl\u00fc hava impulslar\u0131 yaradaraq \u00e7irkini ay\u0131r\u0131r v\u0259 tullant\u0131 qab\u0131na y\u00f6nl\u0259ndirir.\n\nTozsoran elektrik al\u0259tl\u0259rini qo\u015fmaq v\u0259 i\u015f zaman\u0131 yaranan toz v\u0259 tala\u015f\u0131 d\u0259rhal toplamaq \u00fc\u00e7\u00fcn avtomatik i\u015f\u0259 d\u00fc\u015f\u0259n \u015ftepsel rozetka il\u0259 t\u0259chiz olunub.\n\nAparat\u0131n g\u00f6vd\u0259sind\u0259 yerl\u0259\u015f\u0259n praktik tutacaqlar aksesuarlar v\u0259 sorucu \u015flanq \u00fc\u00e7\u00fcn s\u0259liq\u0259li saxlaman\u0131 t\u0259min edir. \u00dcf\u00fcrm\u0259 funksiyas\u0131, m\u0259s\u0259l\u0259n, da\u015fl\u0131 yoldan yarpaqlar\u0131n asanl\u0131qla t\u0259mizl\u0259nm\u0259sini m\u00fcmk\u00fcn edir.\n\nModelin \u00fcst\u00fcnl\u00fckl\u0259ri s\u0131ras\u0131nda 30 litrlik paslanmayan polad bak, effektiv t\u0259mizlik \u00fc\u00e7\u00fcn yeni aksesuarlar, statik elektrikd\u0259n qoruyucu \u00e7\u0131xar\u0131la bil\u0259n tutacaq v\u0259 b\u00f6y\u00fck h\u0259cmli su \u00fc\u00e7\u00fcn rezb\u0259li t\u0131xacla t\u0259chiz olunmu\u015f bak\u0131n alt\u0131ndan bo\u015faltma sistemi var.<\/p>","protected":false},"excerpt":{"rendered":"<p>**WD 6 P Premium** tikinti tozsoran\u0131 y\u00fcks\u0259k g\u00fcc v\u0259 effektivliyi il\u0259 se\u00e7ilir. Cihaz\u0131n korpusundak\u0131 \u015ftepsel rozetka elektrik al\u0259tl\u0259ri il\u0259 (maksimum 2100 Vt) i\u015fl\u0259m\u0259y\u0259 imkan verir. Yast\u0131 qatlanm\u0131\u015f filtrin t\u0259mizl\u0259m\u0259 sistemi sorucu g\u00fcc\u00fcn d\u0259rhal b\u0259rpas\u0131n\u0131 t\u0259min edir.<\/p>","protected":false},"featured_media":738,"comment_status":"open","ping_status":"closed","template":"","meta":[],"product_cat":[15,553,90],"product_tag":[265],"class_list":{"0":"post-737","1":"product","2":"type-product","3":"status-publish","4":"has-post-thumbnail","6":"product_cat-home-garden","7":"product_cat-hozyajstvennye-pylesosy","8":"product_cat-hozyajstvenny-pylesos","9":"product_tag-hozyajstvennye-pylesosy","11":"first","12":"outofstock","13":"shipping-taxable","14":"purchasable","15":"product-type-simple"},"_links":{"self":[{"href":"https:\/\/karchershop.az\/az\/wp-json\/wp\/v2\/product\/737","targetHints":{"allow":["GET"]}}],"collection":[{"href":"https:\/\/karchershop.az\/az\/wp-json\/wp\/v2\/product"}],"about":[{"href":"https:\/\/karchershop.az\/az\/wp-json\/wp\/v2\/types\/product"}],"replies":[{"embeddable":true,"href":"https:\/\/karchershop.az\/az\/wp-json\/wp\/v2\/comments?post=737"}],"wp:featuredmedia":[{"embeddable":true,"href":"https:\/\/karchershop.az\/az\/wp-json\/wp\/v2\/media\/738"}],"wp:attachment":[{"href":"https:\/\/karchershop.az\/az\/wp-json\/wp\/v2\/media?parent=737"}],"wp:term":[{"taxonomy":"product_cat","embeddable":true,"href":"https:\/\/karchershop.az\/az\/wp-json\/wp\/v2\/product_cat?post=737"},{"taxonomy":"product_tag","embeddable":true,"href":"https:\/\/karchershop.az\/az\/wp-json\/wp\/v2\/product_tag?post=737"}],"curies":[{"name":"wp","href":"https:\/\/api.w.org\/{rel}","templated":true}]}}