{"id":748,"date":"2020-04-28T11:01:31","date_gmt":"2020-04-28T07:01:31","guid":{"rendered":"https:\/\/karchershop.az\/?post_type=product&#038;p=748"},"modified":"2026-05-01T21:35:10","modified_gmt":"2026-05-01T17:35:10","slug":"nasadka-dlya-uborki-avtomobilya","status":"publish","type":"product","link":"https:\/\/karchershop.az\/az\/home-garden\/aksessuary\/aksessuary-dlya-pylesososov\/nasadka-dlya-uborki-avtomobilya","title":{"rendered":"Avtomobil t\u0259mizliyi \u00fc\u00e7\u00fcn ba\u015fl\u0131q"},"content":{"rendered":"<p>Avtomobil oturacaqlar\u0131n\u0131n v\u0259 d\u00f6\u015f\u0259m\u0259l\u0259rin tez v\u0259 asan t\u0259mizl\u0259nm\u0259si \u00fc\u00e7\u00fcn ba\u015fl\u0131q. Al\u0259tl\u0259rin \u015flanqa asanl\u0131qla ba\u011flanmas\u0131. Tozsoranlara uy\u011fundur: WD 2, WD 3 Dakar, WD 3 P, WD 3 Premium, WD 4 Premium, WD 5 Premium, WD 6 P Premium, SE 4001, SE 4002, SE 5.100, SE 6.100, WD 3.800 M eko! Ogic , WD 5.300 M, WD 5.500 M, WD 5.800 eko! Ogic, WD 7.800 eko! Ogic.<\/p>","protected":false},"excerpt":{"rendered":"<p>Avtomobil oturacaqlar\u0131n\u0131 v\u0259 oturacaqlar\u0131n alt\u0131ndak\u0131 v\u0259 baqajdak\u0131 d\u00f6\u015f\u0259m\u0259l\u0259ri tez v\u0259 asan t\u0259mizl\u0259m\u0259k \u00fc\u00e7\u00fcn istifad\u0259 olunur.<\/p>","protected":false},"featured_media":749,"comment_status":"open","ping_status":"closed","template":"","meta":[],"product_cat":[15,569],"product_tag":[265],"class_list":{"0":"post-748","1":"product","2":"type-product","3":"status-publish","4":"has-post-thumbnail","6":"product_cat-home-garden","7":"product_cat-aksessuary-dlya-pylesososov","8":"product_tag-hozyajstvennye-pylesosy","10":"first","11":"instock","12":"shipping-taxable","13":"purchasable","14":"product-type-simple"},"_links":{"self":[{"href":"https:\/\/karchershop.az\/az\/wp-json\/wp\/v2\/product\/748","targetHints":{"allow":["GET"]}}],"collection":[{"href":"https:\/\/karchershop.az\/az\/wp-json\/wp\/v2\/product"}],"about":[{"href":"https:\/\/karchershop.az\/az\/wp-json\/wp\/v2\/types\/product"}],"replies":[{"embeddable":true,"href":"https:\/\/karchershop.az\/az\/wp-json\/wp\/v2\/comments?post=748"}],"wp:featuredmedia":[{"embeddable":true,"href":"https:\/\/karchershop.az\/az\/wp-json\/wp\/v2\/media\/749"}],"wp:attachment":[{"href":"https:\/\/karchershop.az\/az\/wp-json\/wp\/v2\/media?parent=748"}],"wp:term":[{"taxonomy":"product_cat","embeddable":true,"href":"https:\/\/karchershop.az\/az\/wp-json\/wp\/v2\/product_cat?post=748"},{"taxonomy":"product_tag","embeddable":true,"href":"https:\/\/karchershop.az\/az\/wp-json\/wp\/v2\/product_tag?post=748"}],"curies":[{"name":"wp","href":"https:\/\/api.w.org\/{rel}","templated":true}]}}