{"id":752,"date":"2020-04-28T11:05:27","date_gmt":"2020-04-28T07:05:27","guid":{"rendered":"https:\/\/karchershop.az\/?post_type=product&#038;p=752"},"modified":"2026-05-01T21:35:10","modified_gmt":"2026-05-01T17:35:10","slug":"paralonnyj-filtr-dlya-wd-2-3","status":"publish","type":"product","link":"https:\/\/karchershop.az\/az\/home-garden\/aksessuary\/aksessuary-dlya-pylesososov\/paralonnyj-filtr-dlya-wd-2-3","title":{"rendered":"WD 2-3 \u00fc\u00e7\u00fcn paralol filtri"},"content":{"rendered":"<p>Karcher NT 27\/1, NT 48\/1 tozsoranlar\u0131, h\u0259m\u00e7inin WD2, WD3 seriyal\u0131 ev tozsoranlar\u0131ndan istifad\u0259 ed\u0259r\u0259k maye toplamaq \u00fc\u00e7\u00fcn polimer filtr.<\/p>","protected":false},"excerpt":{"rendered":"<p>Karcher tozsoranlar\u0131 A, MV, WD, NT seriyas\u0131 il\u0259 maye y\u0131\u011fmaq \u00fc\u00e7\u00fcn polimer filtr.<\/p>","protected":false},"featured_media":753,"comment_status":"open","ping_status":"closed","template":"","meta":[],"product_cat":[15,569],"product_tag":[265],"class_list":{"0":"post-752","1":"product","2":"type-product","3":"status-publish","4":"has-post-thumbnail","6":"product_cat-home-garden","7":"product_cat-aksessuary-dlya-pylesososov","8":"product_tag-hozyajstvennye-pylesosy","10":"first","11":"instock","12":"shipping-taxable","13":"purchasable","14":"product-type-simple"},"_links":{"self":[{"href":"https:\/\/karchershop.az\/az\/wp-json\/wp\/v2\/product\/752","targetHints":{"allow":["GET"]}}],"collection":[{"href":"https:\/\/karchershop.az\/az\/wp-json\/wp\/v2\/product"}],"about":[{"href":"https:\/\/karchershop.az\/az\/wp-json\/wp\/v2\/types\/product"}],"replies":[{"embeddable":true,"href":"https:\/\/karchershop.az\/az\/wp-json\/wp\/v2\/comments?post=752"}],"wp:featuredmedia":[{"embeddable":true,"href":"https:\/\/karchershop.az\/az\/wp-json\/wp\/v2\/media\/753"}],"wp:attachment":[{"href":"https:\/\/karchershop.az\/az\/wp-json\/wp\/v2\/media?parent=752"}],"wp:term":[{"taxonomy":"product_cat","embeddable":true,"href":"https:\/\/karchershop.az\/az\/wp-json\/wp\/v2\/product_cat?post=752"},{"taxonomy":"product_tag","embeddable":true,"href":"https:\/\/karchershop.az\/az\/wp-json\/wp\/v2\/product_tag?post=752"}],"curies":[{"name":"wp","href":"https:\/\/api.w.org\/{rel}","templated":true}]}}