{"id":754,"date":"2020-04-28T11:07:28","date_gmt":"2020-04-28T07:07:28","guid":{"rendered":"https:\/\/karchershop.az\/?post_type=product&#038;p=754"},"modified":"2026-05-01T21:35:11","modified_gmt":"2026-05-01T17:35:11","slug":"patronnyj-filtr-wd-2-wd-3-ta-wd-3-battery","status":"publish","type":"product","link":"https:\/\/karchershop.az\/az\/home-garden\/aksessuary\/aksessuary-dlya-pylesososov\/patronnyj-filtr-wd-2-wd-3-ta-wd-3-battery","title":{"rendered":"Kartric filtri WD 2, WD 3 v\u0259 WD 3 Batareya"},"content":{"rendered":"<p>Filtri d\u0259yi\u015fdirm\u0259d\u0259n n\u0259m v\u0259 quru t\u0259mizliyi alternativ etm\u0259y\u0259 imkan verir.<\/p>","protected":false},"excerpt":{"rendered":"<p>B\u00fct\u00fcn sadalanan K\u00e4rcher modell\u0259rin\u0259 uy\u011fundur.<\/p>","protected":false},"featured_media":755,"comment_status":"open","ping_status":"closed","template":"","meta":[],"product_cat":[15,569],"product_tag":[265],"class_list":{"0":"post-754","1":"product","2":"type-product","3":"status-publish","4":"has-post-thumbnail","6":"product_cat-home-garden","7":"product_cat-aksessuary-dlya-pylesososov","8":"product_tag-hozyajstvennye-pylesosy","10":"first","11":"instock","12":"shipping-taxable","13":"purchasable","14":"product-type-simple"},"_links":{"self":[{"href":"https:\/\/karchershop.az\/az\/wp-json\/wp\/v2\/product\/754","targetHints":{"allow":["GET"]}}],"collection":[{"href":"https:\/\/karchershop.az\/az\/wp-json\/wp\/v2\/product"}],"about":[{"href":"https:\/\/karchershop.az\/az\/wp-json\/wp\/v2\/types\/product"}],"replies":[{"embeddable":true,"href":"https:\/\/karchershop.az\/az\/wp-json\/wp\/v2\/comments?post=754"}],"wp:featuredmedia":[{"embeddable":true,"href":"https:\/\/karchershop.az\/az\/wp-json\/wp\/v2\/media\/755"}],"wp:attachment":[{"href":"https:\/\/karchershop.az\/az\/wp-json\/wp\/v2\/media?parent=754"}],"wp:term":[{"taxonomy":"product_cat","embeddable":true,"href":"https:\/\/karchershop.az\/az\/wp-json\/wp\/v2\/product_cat?post=754"},{"taxonomy":"product_tag","embeddable":true,"href":"https:\/\/karchershop.az\/az\/wp-json\/wp\/v2\/product_tag?post=754"}],"curies":[{"name":"wp","href":"https:\/\/api.w.org\/{rel}","templated":true}]}}