{"id":756,"date":"2020-04-28T11:09:59","date_gmt":"2020-04-28T07:09:59","guid":{"rendered":"https:\/\/karchershop.az\/?post_type=product&#038;p=756"},"modified":"2026-05-01T21:35:11","modified_gmt":"2026-05-01T17:35:11","slug":"ploskij-filtr-wd-4-wd-5-wd-6","status":"publish","type":"product","link":"https:\/\/karchershop.az\/az\/home-garden\/aksessuary\/aksessuary-dlya-pylesososov\/ploskij-filtr-wd-4-wd-5-wd-6","title":{"rendered":"Flat-pleated filter WD"},"content":{"rendered":"<p>D\u00fcz filtr, \u00e7irkl\u0259 t\u0259mas etm\u0259d\u0259n tez v\u0259 asanl\u0131qla d\u0259yi\u015fdirilm\u0259si \u00fc\u00e7\u00fcn kartric\u0259 qura\u015fd\u0131r\u0131lm\u0131\u015fd\u0131r. Filtri d\u0259yi\u015fdirm\u0259d\u0259n n\u0259m v\u0259 quru t\u0259mizliyi alternativ etm\u0259y\u0259 imkan verir. Tozsoranlarda istifad\u0259 olunur WD 4\/5\/6.<\/p>","protected":false},"excerpt":{"rendered":"<p>D\u00fcz filtr, \u00e7irkl\u0259 t\u0259mas etm\u0259d\u0259n tez v\u0259 asanl\u0131qla d\u0259yi\u015fdirilm\u0259si \u00fc\u00e7\u00fcn kartric\u0259 qura\u015fd\u0131r\u0131lm\u0131\u015fd\u0131r. Filtri d\u0259yi\u015fdirm\u0259d\u0259n n\u0259m v\u0259 quru t\u0259mizliyi alternativ etm\u0259y\u0259 imkan verir.<\/p>","protected":false},"featured_media":757,"comment_status":"open","ping_status":"closed","template":"","meta":[],"product_cat":[15,569],"product_tag":[265],"class_list":{"0":"post-756","1":"product","2":"type-product","3":"status-publish","4":"has-post-thumbnail","6":"product_cat-home-garden","7":"product_cat-aksessuary-dlya-pylesososov","8":"product_tag-hozyajstvennye-pylesosy","10":"first","11":"instock","12":"shipping-taxable","13":"purchasable","14":"product-type-simple"},"_links":{"self":[{"href":"https:\/\/karchershop.az\/az\/wp-json\/wp\/v2\/product\/756","targetHints":{"allow":["GET"]}}],"collection":[{"href":"https:\/\/karchershop.az\/az\/wp-json\/wp\/v2\/product"}],"about":[{"href":"https:\/\/karchershop.az\/az\/wp-json\/wp\/v2\/types\/product"}],"replies":[{"embeddable":true,"href":"https:\/\/karchershop.az\/az\/wp-json\/wp\/v2\/comments?post=756"}],"wp:featuredmedia":[{"embeddable":true,"href":"https:\/\/karchershop.az\/az\/wp-json\/wp\/v2\/media\/757"}],"wp:attachment":[{"href":"https:\/\/karchershop.az\/az\/wp-json\/wp\/v2\/media?parent=756"}],"wp:term":[{"taxonomy":"product_cat","embeddable":true,"href":"https:\/\/karchershop.az\/az\/wp-json\/wp\/v2\/product_cat?post=756"},{"taxonomy":"product_tag","embeddable":true,"href":"https:\/\/karchershop.az\/az\/wp-json\/wp\/v2\/product_tag?post=756"}],"curies":[{"name":"wp","href":"https:\/\/api.w.org\/{rel}","templated":true}]}}