{"id":7591,"date":"2023-03-16T17:24:53","date_gmt":"2023-03-16T13:24:53","guid":{"rendered":"https:\/\/karchershop.az\/?post_type=product&#038;p=7591"},"modified":"2026-05-01T21:35:52","modified_gmt":"2026-05-01T17:35:52","slug":"mojka-vysokogo-davleniya-k-2-power-control","status":"publish","type":"product","link":"https:\/\/karchershop.az\/az\/home-garden\/mojki-vysokogo-davleniya\/mojka-vysokogo-davleniya-k-2-power-control","title":{"rendered":"K 2 POWER CONTROL"},"content":{"rendered":"<p>Bunun \u00fc\u00e7\u00fcn Karcher Home &amp; Garden mobil t\u0259tbiqetm\u0259sind\u0259n istifad\u0259 ed\u0259r\u0259k t\u0259mizlik m\u00fct\u0259x\u0259ssisin\u0259 \u00e7evrilin. K 2 g\u00fcc idar\u0259etm\u0259 y\u00fcks\u0259k t\u0259zyiq cihaz\u0131 il\u0259 birlikd\u0259 m\u00f6ht\u0259\u015f\u0259\u00e7 t\u0259mizl\u0259m\u0259 n\u0259tic\u0259l\u0259rin\u0259 nail olacaqs\u0131n\u0131z. K 2 POWER CONTROL y\u00fcks\u0259k t\u0259zyiq cihaz\u0131 t\u0259tbiqind\u0259 h\u0259r hans\u0131 bir t\u0259mizlik probleminin h\u0259lli \u00fc\u00e7\u00fcn d\u0259y\u0259rli m\u0259sl\u0259h\u0259tl\u0259r v\u0259 t\u00f6vsiy\u0259l\u0259r ver\u0259n praktik bir mobil k\u00f6m\u0259k\u00e7i, h\u0259m\u00e7inin cihaz, onun t\u0259tbiqi v\u0259 Karcher xidm\u0259t portal\u0131 haqq\u0131nda b\u00fct\u00fcn laz\u0131mi m\u0259lumatlar daxildir.Yuyucu aparat tapan\u00e7a v\u0259 Quick Connect konnektorlar\u0131 olan iki boru il\u0259 t\u0259chiz edilmi\u015fdir. Laz\u0131mi t\u0259zyiq birba\u015fa h\u0259r hans\u0131 bir v\u0259ziyy\u0259td\u0259 tam n\u0259zar\u0259ti t\u0259min ed\u0259n click Vario g\u00fcc Jet borusu il\u0259 t\u0259yin olunur.\u00a0<span class=\"fix-spelling\">Quick Connect<\/span>Y\u00fcks\u0259k t\u0259zyiqli yuma aparat\u0131, h\u0259m\u00e7inin h\u0259r\u0259k\u0259t v\u0259 saxlama rahatl\u0131\u011f\u0131 \u00fc\u00e7\u00fcn h\u00fcnd\u00fcrl\u00fcy\u00fc t\u0259nziml\u0259n\u0259n Teleskopik tutacaq, t\u0259mizl\u0259yici suction borusu, 5 metrlik y\u00fcks\u0259k t\u0259zyiqli \u015flanq v\u0259 aksesuarlar, tapan\u00e7a v\u0259 kabel \u00fc\u00e7\u00fcn praktik tutacaqlarla t\u0259chiz edilmi\u015fdir. Yuyucu vasit\u0259l\u0259rd\u0259n istifad\u0259 etm\u0259k imkan\u0131na g\u00f6r\u0259 - \u0259n effektiv yuma t\u0259min ed\u0259n yuyucu aparatd\u0131r<\/p>","protected":false},"excerpt":{"rendered":"<p>K 2 POWER CONTROL y\u00fcks\u0259k t\u0259zyiqli yuma aparat\u0131 sizi t\u0259mizlik m\u00fct\u0259x\u0259ssisin\u0259 \u00e7evir\u0259c\u0259k. Velosipedl\u0259ri, ba\u011f al\u0259tl\u0259rini v\u0259 ya ba\u011f mebell\u0259rini smartfonunuzdak\u0131 mobil t\u0259tbiq il\u0259 t\u0259mizl\u0259m\u0259k \u00fc\u00e7\u00fcn Karcher K 2 g\u00fcc n\u0259zar\u0259tind\u0259n istifad\u0259 edin.<\/p>","protected":false},"featured_media":7592,"comment_status":"open","ping_status":"closed","template":"","meta":[],"product_cat":[15,20],"product_tag":[],"class_list":{"0":"post-7591","1":"product","2":"type-product","3":"status-publish","4":"has-post-thumbnail","6":"product_cat-home-garden","7":"product_cat-mojki-vysokogo-davleniya","9":"first","10":"outofstock","11":"shipping-taxable","12":"purchasable","13":"product-type-simple"},"_links":{"self":[{"href":"https:\/\/karchershop.az\/az\/wp-json\/wp\/v2\/product\/7591","targetHints":{"allow":["GET"]}}],"collection":[{"href":"https:\/\/karchershop.az\/az\/wp-json\/wp\/v2\/product"}],"about":[{"href":"https:\/\/karchershop.az\/az\/wp-json\/wp\/v2\/types\/product"}],"replies":[{"embeddable":true,"href":"https:\/\/karchershop.az\/az\/wp-json\/wp\/v2\/comments?post=7591"}],"wp:featuredmedia":[{"embeddable":true,"href":"https:\/\/karchershop.az\/az\/wp-json\/wp\/v2\/media\/7592"}],"wp:attachment":[{"href":"https:\/\/karchershop.az\/az\/wp-json\/wp\/v2\/media?parent=7591"}],"wp:term":[{"taxonomy":"product_cat","embeddable":true,"href":"https:\/\/karchershop.az\/az\/wp-json\/wp\/v2\/product_cat?post=7591"},{"taxonomy":"product_tag","embeddable":true,"href":"https:\/\/karchershop.az\/az\/wp-json\/wp\/v2\/product_tag?post=7591"}],"curies":[{"name":"wp","href":"https:\/\/api.w.org\/{rel}","templated":true}]}}