{"id":760,"date":"2020-04-28T11:17:43","date_gmt":"2020-04-28T07:17:43","guid":{"rendered":"https:\/\/karchershop.az\/?post_type=product&#038;p=760"},"modified":"2026-05-01T21:35:11","modified_gmt":"2026-05-01T17:35:11","slug":"bumazhnye-filtr-meshki-5-sht-dlya-wd-2","status":"publish","type":"product","link":"https:\/\/karchershop.az\/az\/home-garden\/aksessuary\/aksessuary-dlya-pylesososov\/bumazhnye-filtr-meshki-5-sht-dlya-wd-2","title":{"rendered":"WD 2 \u00fc\u00e7\u00fcn ka\u011f\u0131z filtr torbalar\u0131 (5 \u0259d\u0259d)"},"content":{"rendered":"<p>Ka\u011f\u0131z filtr torbalar\u0131 (5 \u0259d\u0259d) y\u00fcks\u0259k s\u0259viyy\u0259d\u0259 s\u00fcz\u00fclm\u0259 il\u0259 davaml\u0131 ka\u011f\u0131zdan haz\u0131rlanm\u0131\u015fd\u0131r. Karcher WD 2.200 modelind\u0259 istifad\u0259 olunur.<\/p>","protected":false},"excerpt":{"rendered":"<p>Ka\u011f\u0131z filtr torbalar\u0131 (5 \u0259d\u0259d) y\u00fcks\u0259k s\u0259viyy\u0259d\u0259 s\u00fcz\u00fclm\u0259 il\u0259 davaml\u0131 ka\u011f\u0131zdan haz\u0131rlanm\u0131\u015fd\u0131r. Karcher WD 2.200 modelind\u0259 istifad\u0259 olunur.<\/p>","protected":false},"featured_media":761,"comment_status":"open","ping_status":"closed","template":"","meta":[],"product_cat":[15,569],"product_tag":[265],"class_list":{"0":"post-760","1":"product","2":"type-product","3":"status-publish","4":"has-post-thumbnail","6":"product_cat-home-garden","7":"product_cat-aksessuary-dlya-pylesososov","8":"product_tag-hozyajstvennye-pylesosy","10":"first","11":"instock","12":"shipping-taxable","13":"purchasable","14":"product-type-simple"},"_links":{"self":[{"href":"https:\/\/karchershop.az\/az\/wp-json\/wp\/v2\/product\/760","targetHints":{"allow":["GET"]}}],"collection":[{"href":"https:\/\/karchershop.az\/az\/wp-json\/wp\/v2\/product"}],"about":[{"href":"https:\/\/karchershop.az\/az\/wp-json\/wp\/v2\/types\/product"}],"replies":[{"embeddable":true,"href":"https:\/\/karchershop.az\/az\/wp-json\/wp\/v2\/comments?post=760"}],"wp:featuredmedia":[{"embeddable":true,"href":"https:\/\/karchershop.az\/az\/wp-json\/wp\/v2\/media\/761"}],"wp:attachment":[{"href":"https:\/\/karchershop.az\/az\/wp-json\/wp\/v2\/media?parent=760"}],"wp:term":[{"taxonomy":"product_cat","embeddable":true,"href":"https:\/\/karchershop.az\/az\/wp-json\/wp\/v2\/product_cat?post=760"},{"taxonomy":"product_tag","embeddable":true,"href":"https:\/\/karchershop.az\/az\/wp-json\/wp\/v2\/product_tag?post=760"}],"curies":[{"name":"wp","href":"https:\/\/api.w.org\/{rel}","templated":true}]}}