{"id":7603,"date":"2023-03-16T17:46:34","date_gmt":"2023-03-16T13:46:34","guid":{"rendered":"https:\/\/karchershop.az\/?post_type=product&#038;p=7603"},"modified":"2026-05-01T21:35:52","modified_gmt":"2026-05-01T17:35:52","slug":"mojka-vysokogo-davleniya-k-5","status":"publish","type":"product","link":"https:\/\/karchershop.az\/az\/home-garden\/mojki-vysokogo-davleniya\/mojka-vysokogo-davleniya-k-5","title":{"rendered":"K 5"},"content":{"rendered":"<p>K 5 yuyucu ma\u015f\u0131n Karcher mini yuma ma\u015f\u0131n\u0131d\u0131r, avtomobill\u0259rd\u0259 v\u0259 bina fasadlar\u0131nda ciddi \u00e7irkl\u0259ri t\u0259mizl\u0259m\u0259k \u00fc\u00e7\u00fcn uy\u011fundur. K 5 yuyucu ma\u015f\u0131n modeli innovativ su soyutma m\u00fch\u0259rriki, qura\u015fd\u0131r\u0131lm\u0131\u015f su t\u0259mizl\u0259yici filtr v\u0259 sisteml\u0259 t\u0259chiz edilmi\u015fdir. <span class=\"fix-spelling\">Quick Connect<\/span>, \u043a\u043e\u0442\u043e\u0440\u0430\u044f \u043f\u043e\u0437\u0432\u043e\u043b\u044f\u0435\u0442 \u043f\u0440\u0438\u0441\u043e\u0435\u0434\u0438\u043d\u044f\u0442\u044c \u043d\u0430\u0441\u0430\u0434\u043a\u0438 \u043a \u043f\u0438\u0441\u0442\u043e\u043b\u0435\u0442\u0443 \u043e\u0434\u043d\u0438\u043c \u0434\u0432\u0438\u0436\u0435\u043d\u0438\u0435\u043c. \u0414\u043b\u0438\u043d\u0430 \u0448\u043b\u0430\u043d\u0433\u0430 \u0432\u044b\u0441\u043e\u043a\u043e\u0433\u043e \u0434\u0430\u0432\u043b\u0435\u043d\u0438\u044f \u043c\u043e\u0435\u0447\u043d\u043e\u0433\u043e \u0430\u043f\u043f\u0430\u0440\u0430\u0442\u0430 \u0441\u043e\u0441\u0442\u0430\u0432\u043b\u044f\u0435\u0442 8 \u043c. \u0412 \u043a\u043e\u043c\u043f\u043b\u0435\u043a\u0442 \u043c\u043e\u0435\u0447\u043d\u043e\u0439 \u043c\u0430\u0448\u0438\u043d\u044b \u0432\u0445\u043e\u0434\u044f\u0442 \u0433\u0440\u044f\u0437\u0435\u0432\u0430\u044f \u0444\u0440\u0435\u0437\u0430, \u043d\u0430\u0441\u0430\u0434\u043a\u0430 Vario Power \u0438 \u0443\u043d\u0438\u0432\u0435\u0440\u0441\u0430\u043b\u044c\u043d\u043e\u0435 \u0447\u0438\u0441\u0442\u044f\u0449\u0435\u0435 \u0441\u0440\u0435\u0434\u0441\u0442\u0432\u043e.<\/p>","protected":false},"excerpt":{"rendered":"<p>Su il\u0259 soyudulmu\u015f m\u00fch\u0259rriki olan \"Karcher\" K 5 POWER CONTROL y\u00fcks\u0259k t\u0259zyiqli yuyucu aparati n\u0259qliyyat vasit\u0259l\u0259rinin (avtomobill\u0259r, motosikletl\u0259r, velosipedl\u0259r), el\u0259c\u0259 d\u0259 binalar\u0131n v\u0259 biti\u015fik \u0259razil\u0259rin fasadlar\u0131n\u0131n t\u0259mizl\u0259nm\u0259si \u00fc\u00e7\u00fcn uy\u011fundur.<\/p>","protected":false},"featured_media":7611,"comment_status":"open","ping_status":"closed","template":"","meta":[],"product_cat":[15,20],"product_tag":[],"class_list":{"0":"post-7603","1":"product","2":"type-product","3":"status-publish","4":"has-post-thumbnail","6":"product_cat-home-garden","7":"product_cat-mojki-vysokogo-davleniya","9":"first","10":"outofstock","11":"shipping-taxable","12":"purchasable","13":"product-type-simple"},"_links":{"self":[{"href":"https:\/\/karchershop.az\/az\/wp-json\/wp\/v2\/product\/7603","targetHints":{"allow":["GET"]}}],"collection":[{"href":"https:\/\/karchershop.az\/az\/wp-json\/wp\/v2\/product"}],"about":[{"href":"https:\/\/karchershop.az\/az\/wp-json\/wp\/v2\/types\/product"}],"replies":[{"embeddable":true,"href":"https:\/\/karchershop.az\/az\/wp-json\/wp\/v2\/comments?post=7603"}],"wp:featuredmedia":[{"embeddable":true,"href":"https:\/\/karchershop.az\/az\/wp-json\/wp\/v2\/media\/7611"}],"wp:attachment":[{"href":"https:\/\/karchershop.az\/az\/wp-json\/wp\/v2\/media?parent=7603"}],"wp:term":[{"taxonomy":"product_cat","embeddable":true,"href":"https:\/\/karchershop.az\/az\/wp-json\/wp\/v2\/product_cat?post=7603"},{"taxonomy":"product_tag","embeddable":true,"href":"https:\/\/karchershop.az\/az\/wp-json\/wp\/v2\/product_tag?post=7603"}],"curies":[{"name":"wp","href":"https:\/\/api.w.org\/{rel}","templated":true}]}}