{"id":764,"date":"2020-04-28T11:24:35","date_gmt":"2020-04-28T07:24:35","guid":{"rendered":"https:\/\/karchershop.az\/?post_type=product&#038;p=764"},"modified":"2026-05-01T21:35:11","modified_gmt":"2026-05-01T17:35:11","slug":"flisovye-filtr-meshki-dlya-wd-4-wd-5-wd-6-5-sht","status":"publish","type":"product","link":"https:\/\/karchershop.az\/az\/home-garden\/aksessuary\/aksessuary-dlya-pylesososov\/flisovye-filtr-meshki-dlya-wd-4-wd-5-wd-6-5-sht","title":{"rendered":"\u0424\u043b\u0438\u0441\u043e\u0432\u044b\u0439 \u0444\u0438\u043b\u044c\u0442\u0440-\u043c\u0435\u0448\u043e\u043a \u0434\u043b\u044f WD 4\/5\/6"},"content":{"rendered":"<p>Y\u00fcks\u0259k filtrasiya s\u0259m\u0259r\u0259liliyi il\u0259 h\u0259dd\u0259n art\u0131q davaml\u0131 filtr torbas\u0131. Ka\u011f\u0131z filtr \u00e7antalar\u0131 il\u0259 m\u00fcqayis\u0259d\u0259 i\u015fl\u0259m\u0259 m\u00fcdd\u0259tini \u0259h\u0259miyy\u0259tli d\u0259r\u0259c\u0259d\u0259 uzad\u0131r. Tozsoranlarda istifad\u0259 olunur WD 4\/5\/6.<\/p>","protected":false},"excerpt":{"rendered":"<p>Y\u00fcks\u0259k filterasiya s\u0259m\u0259r\u0259liliyi il\u0259 h\u0259dd\u0259n art\u0131q davaml\u0131 filtr torbas\u0131. Ka\u011f\u0131z filtr torbalar\u0131 il\u0259 m\u00fcqayis\u0259d\u0259 i\u015fl\u0259m\u0259 m\u00fcdd\u0259tini \u0259h\u0259miyy\u0259tli d\u0259r\u0259c\u0259d\u0259 uzad\u0131r.<\/p>","protected":false},"featured_media":15925,"comment_status":"open","ping_status":"closed","template":"","meta":[],"product_cat":[15,569],"product_tag":[265],"class_list":{"0":"post-764","1":"product","2":"type-product","3":"status-publish","4":"has-post-thumbnail","6":"product_cat-home-garden","7":"product_cat-aksessuary-dlya-pylesososov","8":"product_tag-hozyajstvennye-pylesosy","10":"first","11":"instock","12":"shipping-taxable","13":"purchasable","14":"product-type-simple"},"_links":{"self":[{"href":"https:\/\/karchershop.az\/az\/wp-json\/wp\/v2\/product\/764","targetHints":{"allow":["GET"]}}],"collection":[{"href":"https:\/\/karchershop.az\/az\/wp-json\/wp\/v2\/product"}],"about":[{"href":"https:\/\/karchershop.az\/az\/wp-json\/wp\/v2\/types\/product"}],"replies":[{"embeddable":true,"href":"https:\/\/karchershop.az\/az\/wp-json\/wp\/v2\/comments?post=764"}],"wp:featuredmedia":[{"embeddable":true,"href":"https:\/\/karchershop.az\/az\/wp-json\/wp\/v2\/media\/15925"}],"wp:attachment":[{"href":"https:\/\/karchershop.az\/az\/wp-json\/wp\/v2\/media?parent=764"}],"wp:term":[{"taxonomy":"product_cat","embeddable":true,"href":"https:\/\/karchershop.az\/az\/wp-json\/wp\/v2\/product_cat?post=764"},{"taxonomy":"product_tag","embeddable":true,"href":"https:\/\/karchershop.az\/az\/wp-json\/wp\/v2\/product_tag?post=764"}],"curies":[{"name":"wp","href":"https:\/\/api.w.org\/{rel}","templated":true}]}}