{"id":7640,"date":"2023-03-16T19:05:28","date_gmt":"2023-03-16T15:05:28","guid":{"rendered":"https:\/\/karchershop.az\/?post_type=product&#038;p=7640"},"modified":"2026-05-01T21:35:52","modified_gmt":"2026-05-01T17:35:52","slug":"akkumulyatornyj-stekloochistitel-wv-2-black-edition","status":"publish","type":"product","link":"https:\/\/karchershop.az\/az\/home-garden\/okonnye-pylesosy\/akkumulyatornyj-stekloochistitel-wv-2-black-edition","title":{"rendered":"WV 2 Black Edition"},"content":{"rendered":"<p>K\u00e4rcher simsiz \u00f6n \u015f\u00fc\u015f\u0259 sil\u0259n WV 2 Black Edition zolaqlar v\u0259 zolaqlar olmadan parlaq t\u0259miz \u015f\u00fc\u015f\u0259l\u0259r\u0259 z\u0259man\u0259t verir. Xarici g\u00f6r\u00fcn\u00fc\u015f\u00fcn\u0259 g\u00f6r\u0259, bu m\u0259hdud burax\u0131l\u0131\u015f qur\u011fusu standart WV 2 modelind\u0259n \u00f6z inc\u0259 dizayn\u0131 il\u0259 f\u0259rql\u0259nir - qara v\u0259 sar\u0131 r\u0259ngl\u0259rin n\u0259cib birl\u0259\u015fm\u0259si v\u0259 sorma a\u011fz\u0131nda metalla\u015fd\u0131r\u0131lm\u0131\u015f loqo. Bundan \u0259lav\u0259, onun paketin\u0259 sprey \u015f\u00fc\u015f\u0259si, mikrofiber ba\u015fl\u0131q v\u0259 t\u0259mizl\u0259yici vasit\u0259 il\u0259 yana\u015f\u0131, vitrin qutular\u0131n\u0131, ki\u00e7ik p\u0259nc\u0259r\u0259l\u0259ri v\u0259 ya rozetkalar\u0131 olan p\u0259nc\u0259r\u0259l\u0259ri rahat t\u0259mizl\u0259m\u0259y\u0259 imkan ver\u0259n ikinci, daha ensiz \u0259mzikli ba\u015fl\u0131q da daxildir.<\/p>","protected":false},"excerpt":{"rendered":"<p>Qa\u00e7\u0131rmaq olmaz: unikal dizayn\u0131 il\u0259 WV 2 Black Edition \u015f\u00fc\u015f\u0259 sil\u0259n.<\/p>","protected":false},"featured_media":7649,"comment_status":"open","ping_status":"closed","template":"","meta":[],"product_cat":[15,183],"product_tag":[],"class_list":{"0":"post-7640","1":"product","2":"type-product","3":"status-publish","4":"has-post-thumbnail","6":"product_cat-home-garden","7":"product_cat-okonnye-pylesosy","9":"first","10":"outofstock","11":"shipping-taxable","12":"purchasable","13":"product-type-simple"},"_links":{"self":[{"href":"https:\/\/karchershop.az\/az\/wp-json\/wp\/v2\/product\/7640","targetHints":{"allow":["GET"]}}],"collection":[{"href":"https:\/\/karchershop.az\/az\/wp-json\/wp\/v2\/product"}],"about":[{"href":"https:\/\/karchershop.az\/az\/wp-json\/wp\/v2\/types\/product"}],"replies":[{"embeddable":true,"href":"https:\/\/karchershop.az\/az\/wp-json\/wp\/v2\/comments?post=7640"}],"wp:featuredmedia":[{"embeddable":true,"href":"https:\/\/karchershop.az\/az\/wp-json\/wp\/v2\/media\/7649"}],"wp:attachment":[{"href":"https:\/\/karchershop.az\/az\/wp-json\/wp\/v2\/media?parent=7640"}],"wp:term":[{"taxonomy":"product_cat","embeddable":true,"href":"https:\/\/karchershop.az\/az\/wp-json\/wp\/v2\/product_cat?post=7640"},{"taxonomy":"product_tag","embeddable":true,"href":"https:\/\/karchershop.az\/az\/wp-json\/wp\/v2\/product_tag?post=7640"}],"curies":[{"name":"wp","href":"https:\/\/api.w.org\/{rel}","templated":true}]}}