{"id":767,"date":"2020-04-28T13:30:23","date_gmt":"2020-04-28T09:30:23","guid":{"rendered":"https:\/\/karchershop.az\/?post_type=product&#038;p=767"},"modified":"2026-05-01T21:35:11","modified_gmt":"2026-05-01T17:35:11","slug":"vc-2","status":"publish","type":"product","link":"https:\/\/karchershop.az\/az\/home-garden\/pylesosy\/meshkovye-pylesosy\/vc-2","title":{"rendered":"VC 2"},"content":{"rendered":"<p>Karcher VC 2 s\u00fcp\u00fcrg\u0259si gigiyenik v\u0259 rahat filtrl\u0259m\u0259 sistemi il\u0259 t\u0259\u0259ss\u00fcrat yarad\u0131r: \u00e7antalar \u00e7irkl\u0259 t\u0259mas olmadan at\u0131l\u0131r. Bu tozsoran ki\u00e7ik evl\u0259rd\u0259 v\u0259 m\u0259nzill\u0259rd\u0259 xal\u00e7a v\u0259 s\u0259rt s\u0259thl\u0259rin h\u0259rt\u0259r\u0259fli t\u0259mizl\u0259nm\u0259si \u00fc\u00e7\u00fcn istifad\u0259 olunur, habel\u0259 s\u0131x yerl\u0259rd\u0259 v\u0259 inc\u0259 s\u0259thl\u0259rd\u0259 t\u0259mizlik \u00fc\u00e7\u00fcn geni\u015f \u00e7e\u015fidli aksesuarlar say\u0259sind\u0259 ideald\u0131r. Bir \u00fcst\u00fcnl\u00fck, \u0259n ki\u00e7ik toz hiss\u0259cikl\u0259rini s\u00fcz\u0259n HEPA filtridir. \u00dcst\u00fcnl\u00fckl\u0259rd\u0259n biri d\u0259 burunlar\u0131n birba\u015fa tozsorada saxlanmas\u0131d\u0131r, bu da istifad\u0259ni daha praktik v\u0259 rahat edir.<\/p>","protected":false},"excerpt":{"rendered":"<p>Tozsoran VC 2 elektrikli s\u00fcp\u00fcrg\u0259. Tozsoran qiymetleri, r\u0259yl\u0259r, Bak\u0131 v\u0259 b\u00fct\u00fcn Az\u0259rbaycan \u0259razisin\u0259 \u00e7atd\u0131r\u0131lma<\/p>","protected":false},"featured_media":768,"comment_status":"open","ping_status":"closed","template":"","meta":[],"product_cat":[15,89,91],"product_tag":[261],"class_list":{"0":"post-767","1":"product","2":"type-product","3":"status-publish","4":"has-post-thumbnail","6":"product_cat-home-garden","7":"product_cat-pylesosy","8":"product_cat-meshkovye-pylesosy","9":"product_tag-meshkovye-pylesosy","11":"first","12":"outofstock","13":"shipping-taxable","14":"purchasable","15":"product-type-simple"},"_links":{"self":[{"href":"https:\/\/karchershop.az\/az\/wp-json\/wp\/v2\/product\/767","targetHints":{"allow":["GET"]}}],"collection":[{"href":"https:\/\/karchershop.az\/az\/wp-json\/wp\/v2\/product"}],"about":[{"href":"https:\/\/karchershop.az\/az\/wp-json\/wp\/v2\/types\/product"}],"replies":[{"embeddable":true,"href":"https:\/\/karchershop.az\/az\/wp-json\/wp\/v2\/comments?post=767"}],"wp:featuredmedia":[{"embeddable":true,"href":"https:\/\/karchershop.az\/az\/wp-json\/wp\/v2\/media\/768"}],"wp:attachment":[{"href":"https:\/\/karchershop.az\/az\/wp-json\/wp\/v2\/media?parent=767"}],"wp:term":[{"taxonomy":"product_cat","embeddable":true,"href":"https:\/\/karchershop.az\/az\/wp-json\/wp\/v2\/product_cat?post=767"},{"taxonomy":"product_tag","embeddable":true,"href":"https:\/\/karchershop.az\/az\/wp-json\/wp\/v2\/product_tag?post=767"}],"curies":[{"name":"wp","href":"https:\/\/api.w.org\/{rel}","templated":true}]}}