{"id":7691,"date":"2023-03-17T09:37:01","date_gmt":"2023-03-17T05:37:01","guid":{"rendered":"https:\/\/karchershop.az\/?post_type=product&#038;p=7691"},"modified":"2026-05-01T21:35:53","modified_gmt":"2026-05-01T17:35:53","slug":"wd-5-premium","status":"publish","type":"product","link":"https:\/\/karchershop.az\/az\/home-garden\/hozyajstvennye-pylesosy\/hozyajstvenny-pylesos\/wd-5-premium","title":{"rendered":"WD 5 Tozsoran"},"content":{"rendered":"<p>WD 5 P t\u0259s\u0259rr\u00fcfat tozsoran\u0131 c\u0259mi 1100 Vt elektrik enerjisi s\u0259rf etm\u0259kl\u0259 y\u00fcks\u0259k sovurma g\u00fcc\u00fcn\u0259 malikdir. O, 25 litrlik z\u0259rb\u0259y\u0259 davaml\u0131 plastik zibil \u00e7\u0259ni v\u0259 \u00e7\u0131xar\u0131la bil\u0259n kasetd\u0259 yerl\u0259\u015f\u0259n yast\u0131 b\u00fczm\u0259li filtrl\u0259 t\u0259chiz olunub. Kaset asanl\u0131qla \u00e7\u0131xar\u0131l\u0131r, bu da filtri \u00e7irkl\u0259 t\u0259masda olmadan bir ne\u00e7\u0259 saniy\u0259 \u0259rzind\u0259 d\u0259yi\u015fm\u0259y\u0259 imkan verir. Eyni zamanda, filtri d\u0259yi\u015fm\u0259d\u0259n h\u0259m quru, h\u0259m d\u0259 n\u0259m zibill\u0259ri toplaya bil\u0259rsiniz.\n\nK\u00e4rcher t\u0259r\u0259find\u0259n haz\u0131rlanm\u0131\u015f unikal filtr t\u0259mizl\u0259m\u0259 texnologiyas\u0131, d\u00fcym\u0259ni basd\u0131qda g\u00fccl\u00fc hava dal\u011falar\u0131 yaradaraq \u00e7irki filtrd\u0259n k\u0259nara it\u0259l\u0259yir v\u0259 sovurma g\u00fcc\u00fcn\u00fcn s\u00fcr\u0259tl\u0259 b\u0259rpa olunmas\u0131n\u0131 t\u0259min edir. Elektrikli al\u0259tl\u0259ri qo\u015fmaq \u00fc\u00e7\u00fcn avtomatik yand\u0131r\u0131b-s\u00f6nd\u00fcrm\u0259 funksiyal\u0131 x\u00fcsusi rozetkadan istifad\u0259 olunur. R\u0259nd\u0259l\u0259m\u0259, mi\u015farlama v\u0259 ya cilalama zaman\u0131 yaranan toz v\u0259 q\u0131r\u0131nt\u0131lar d\u0259rhal t\u0259mizl\u0259nir. \n\nYeni sovurma \u015flanq\u0131 v\u0259 2 rezin, 2 f\u0131r\u00e7a zola\u011f\u0131 olan ke\u00e7idli d\u00f6\u015f\u0259m\u0259 ba\u015fl\u0131\u011f\u0131 zibill\u0259rin optimal \u015f\u0259kild\u0259 toplanmas\u0131n\u0131 t\u0259min edir. Dig\u0259r praktiki x\u00fcsusiyy\u0259tl\u0259r: statik elektrikd\u0259n m\u00fchafiz\u0259 olunan tutacaq, \"dayanacaq\" (parklama) v\u0259ziyy\u0259ti, \u00fcf\u00fcrm\u0259 funksiyas\u0131, patentl\u0259\u015fdirilmi\u015f \"3-\u00fc 1-d\u0259\" tutaca\u011f\u0131, kabel v\u0259 aksesuarlar \u00fc\u00e7\u00fcn b\u00f6lm\u0259.<\/p>","protected":false},"excerpt":{"rendered":"<section id=\"ribbon\">\n<div class=\"container\">\n<div class=\"row\">\n<div class=\"col-sm-12 col-lg-9\">\n<p>Plastik 25 litrlik konteyner, elektrik al\u0259tl\u0259ri \u00fc\u00e7\u00fcn rozetka v\u0259 unikal filtr t\u0259mizl\u0259m\u0259 sistemi il\u0259 t\u0259chiz olunmu\u015f inan\u0131lmaz d\u0259r\u0259c\u0259d\u0259 g\u00fccl\u00fc v\u0259 enerjiy\u0259 q\u0259na\u0259t ed\u0259n WD 5 P.<\/p>\n<\/div>\n<\/div>\n<\/div>\n<\/section>","protected":false},"featured_media":15200,"comment_status":"open","ping_status":"closed","template":"","meta":[],"product_cat":[15,553,90],"product_tag":[],"class_list":{"0":"post-7691","1":"product","2":"type-product","3":"status-publish","4":"has-post-thumbnail","6":"product_cat-home-garden","7":"product_cat-hozyajstvennye-pylesosy","8":"product_cat-hozyajstvenny-pylesos","10":"first","11":"instock","12":"shipping-taxable","13":"purchasable","14":"product-type-simple"},"_links":{"self":[{"href":"https:\/\/karchershop.az\/az\/wp-json\/wp\/v2\/product\/7691","targetHints":{"allow":["GET"]}}],"collection":[{"href":"https:\/\/karchershop.az\/az\/wp-json\/wp\/v2\/product"}],"about":[{"href":"https:\/\/karchershop.az\/az\/wp-json\/wp\/v2\/types\/product"}],"replies":[{"embeddable":true,"href":"https:\/\/karchershop.az\/az\/wp-json\/wp\/v2\/comments?post=7691"}],"wp:featuredmedia":[{"embeddable":true,"href":"https:\/\/karchershop.az\/az\/wp-json\/wp\/v2\/media\/15200"}],"wp:attachment":[{"href":"https:\/\/karchershop.az\/az\/wp-json\/wp\/v2\/media?parent=7691"}],"wp:term":[{"taxonomy":"product_cat","embeddable":true,"href":"https:\/\/karchershop.az\/az\/wp-json\/wp\/v2\/product_cat?post=7691"},{"taxonomy":"product_tag","embeddable":true,"href":"https:\/\/karchershop.az\/az\/wp-json\/wp\/v2\/product_tag?post=7691"}],"curies":[{"name":"wp","href":"https:\/\/api.w.org\/{rel}","templated":true}]}}