{"id":778,"date":"2020-04-28T13:30:51","date_gmt":"2020-04-28T09:30:51","guid":{"rendered":"https:\/\/karchershop.az\/?post_type=product&#038;p=778"},"modified":"2026-05-01T21:35:11","modified_gmt":"2026-05-01T17:35:11","slug":"vc-2-2","status":"publish","type":"product","link":"https:\/\/karchershop.az\/az\/home-garden\/pylesosy\/meshkovye-pylesosy\/vc-2-2","title":{"rendered":"VC 2"},"content":{"rendered":"<p>A\u011f Karcher VC 2 Premium tozsoran d\u00f6\u015f\u0259m\u0259l\u0259rin v\u0259 xal\u00e7alar\u0131n t\u0259mizl\u0259nm\u0259sind\u0259 asanl\u0131qla v\u0259 sad\u0259 \u00f6hd\u0259sind\u0259n g\u0259l\u0259c\u0259kdir. Asan yer\u0259 \u00e7atmaq \u00fc\u00e7\u00fcn asanl\u0131qla toz toplayacaq. S\u00fczg\u0259c torbas\u0131ndak\u0131 toz y\u0131\u011fma sisteminin rahatl\u0131\u011f\u0131 say\u0259sind\u0259 yenid\u0259n tozla t\u0259masa ehtiyac yoxdur - sad\u0259c\u0259 m\u0259i\u015f\u0259t tullant\u0131lar\u0131 kimi at\u0131n. Tozsorandak\u0131 aksesuarlar\u0131n yax\u015f\u0131 d\u00fc\u015f\u00fcn\u00fclm\u00fc\u015f bir saxlama sistemi, ba\u015fl\u0131qlar\u0131 itirm\u0259y\u0259 imkan verm\u0259y\u0259c\u0259kdir. Kompakt \u00f6l\u00e7\u00fcs\u00fc v\u0259 \u0259la dizayn\u0131 say\u0259sind\u0259 tozsoran evin daxili hiss\u0259sin\u0259 uy\u011fun g\u0259lir. Bu model, daha t\u0259miz hava v\u0259 az s\u0259s-k\u00fcyl\u00fc motor \u00fc\u00e7\u00fcn HEPA 13 filtri il\u0259 d\u0259 t\u0259chiz edilmi\u015fdir.<\/p>","protected":false},"excerpt":{"rendered":"<p>Tozsoran VC 2 Premium, kompleks v\u0259 s\u0259m\u0259r\u0259li, o c\u00fcml\u0259d\u0259n parket ba\u015fl\u0131\u011f\u0131. \u0130stifad\u0259si asand\u0131r, studiya m\u0259nzill\u0259rinin t\u0259mizl\u0259nm\u0259si \u00fc\u00e7\u00fcn uy\u011fundur. Tozsoran qiymetleri, r\u0259yl\u0259r, Bak\u0131 v\u0259 b\u00fct\u00fcn Az\u0259rbaycan \u0259razisin\u0259 \u00e7atd\u0131r\u0131lma<\/p>","protected":false},"featured_media":779,"comment_status":"open","ping_status":"closed","template":"","meta":[],"product_cat":[15,89,91],"product_tag":[261],"class_list":{"0":"post-778","1":"product","2":"type-product","3":"status-publish","4":"has-post-thumbnail","6":"product_cat-home-garden","7":"product_cat-pylesosy","8":"product_cat-meshkovye-pylesosy","9":"product_tag-meshkovye-pylesosy","11":"first","12":"instock","13":"shipping-taxable","14":"purchasable","15":"product-type-simple"},"_links":{"self":[{"href":"https:\/\/karchershop.az\/az\/wp-json\/wp\/v2\/product\/778","targetHints":{"allow":["GET"]}}],"collection":[{"href":"https:\/\/karchershop.az\/az\/wp-json\/wp\/v2\/product"}],"about":[{"href":"https:\/\/karchershop.az\/az\/wp-json\/wp\/v2\/types\/product"}],"replies":[{"embeddable":true,"href":"https:\/\/karchershop.az\/az\/wp-json\/wp\/v2\/comments?post=778"}],"wp:featuredmedia":[{"embeddable":true,"href":"https:\/\/karchershop.az\/az\/wp-json\/wp\/v2\/media\/779"}],"wp:attachment":[{"href":"https:\/\/karchershop.az\/az\/wp-json\/wp\/v2\/media?parent=778"}],"wp:term":[{"taxonomy":"product_cat","embeddable":true,"href":"https:\/\/karchershop.az\/az\/wp-json\/wp\/v2\/product_cat?post=778"},{"taxonomy":"product_tag","embeddable":true,"href":"https:\/\/karchershop.az\/az\/wp-json\/wp\/v2\/product_tag?post=778"}],"curies":[{"name":"wp","href":"https:\/\/api.w.org\/{rel}","templated":true}]}}