{"id":807,"date":"2020-04-28T13:46:10","date_gmt":"2020-04-28T09:46:10","guid":{"rendered":"https:\/\/karchershop.az\/?post_type=product&#038;p=807"},"modified":"2026-05-01T21:35:13","modified_gmt":"2026-05-01T17:35:13","slug":"filtr-hepa-13-dlya-vc-2","status":"publish","type":"product","link":"https:\/\/karchershop.az\/az\/home-garden\/aksessuary\/aksessuary-dlya-pylesososov\/filtr-hepa-13-dlya-vc-2","title":{"rendered":"Filter HEPA 13 VC 2"},"content":{"rendered":"<p>Allergiya v\u0259 astma x\u0259st\u0259l\u0259ri \u00fc\u00e7\u00fcn \u015fad x\u0259b\u0259r: HEPA gigiyena filteri tozsorandan \u00e7\u0131xan havan\u0131n otaqdak\u0131 havadan daha t\u0259miz olmas\u0131n\u0131 t\u0259min edir. Allergiyaya s\u0259b\u0259b olan hiss\u0259cikl\u0259r kimi \u0259n s\u0259rt \u00e7irkl\u0259ndiricil\u0259r bel\u0259 etibarl\u0131 \u015f\u0259kild\u0259 s\u00fcz\u00fcl\u00fcr.<\/p>","protected":false},"excerpt":{"rendered":"<p>Allergiya v\u0259 astma x\u0259st\u0259l\u0259ri \u00fc\u00e7\u00fcn \u015fad x\u0259b\u0259r: HEPA gigiyena filteri tozsorandan \u00e7\u0131xan havan\u0131n otaqdak\u0131 havadan daha t\u0259miz olmas\u0131n\u0131 t\u0259min edir. Allergiyaya s\u0259b\u0259b olan hiss\u0259cikl\u0259r kimi \u0259n s\u0259rt \u00e7irkl\u0259ndiricil\u0259r bel\u0259 etibarl\u0131 \u015f\u0259kild\u0259 s\u00fcz\u00fcl\u00fcr.<\/p>","protected":false},"featured_media":808,"comment_status":"open","ping_status":"closed","template":"","meta":[],"product_cat":[15,569],"product_tag":[261],"class_list":{"0":"post-807","1":"product","2":"type-product","3":"status-publish","4":"has-post-thumbnail","6":"product_cat-home-garden","7":"product_cat-aksessuary-dlya-pylesososov","8":"product_tag-meshkovye-pylesosy","10":"first","11":"instock","12":"shipping-taxable","13":"purchasable","14":"product-type-simple"},"_links":{"self":[{"href":"https:\/\/karchershop.az\/az\/wp-json\/wp\/v2\/product\/807","targetHints":{"allow":["GET"]}}],"collection":[{"href":"https:\/\/karchershop.az\/az\/wp-json\/wp\/v2\/product"}],"about":[{"href":"https:\/\/karchershop.az\/az\/wp-json\/wp\/v2\/types\/product"}],"replies":[{"embeddable":true,"href":"https:\/\/karchershop.az\/az\/wp-json\/wp\/v2\/comments?post=807"}],"wp:featuredmedia":[{"embeddable":true,"href":"https:\/\/karchershop.az\/az\/wp-json\/wp\/v2\/media\/808"}],"wp:attachment":[{"href":"https:\/\/karchershop.az\/az\/wp-json\/wp\/v2\/media?parent=807"}],"wp:term":[{"taxonomy":"product_cat","embeddable":true,"href":"https:\/\/karchershop.az\/az\/wp-json\/wp\/v2\/product_cat?post=807"},{"taxonomy":"product_tag","embeddable":true,"href":"https:\/\/karchershop.az\/az\/wp-json\/wp\/v2\/product_tag?post=807"}],"curies":[{"name":"wp","href":"https:\/\/api.w.org\/{rel}","templated":true}]}}