{"id":811,"date":"2020-04-28T13:47:53","date_gmt":"2020-04-28T09:47:53","guid":{"rendered":"https:\/\/karchershop.az\/?post_type=product&#038;p=811"},"modified":"2026-05-01T21:35:13","modified_gmt":"2026-05-01T17:35:13","slug":"filtr-hepa-12-dlya-vc-6","status":"publish","type":"product","link":"https:\/\/karchershop.az\/az\/home-garden\/aksessuary\/aksessuary-dlya-pylesososov\/filtr-hepa-12-dlya-vc-6","title":{"rendered":"VC 6 \u00fc\u00e7\u00fcn HEPA-12 filtri"},"content":{"rendered":"<p>Allergiyadan \u0259ziyy\u0259t \u00e7\u0259k\u0259nl\u0259r \u00fc\u00e7\u00fcn relyef t\u0259miz havan\u0131 sev\u0259nl\u0259r \u00fc\u00e7\u00fcn ideald\u0131r: HEPA 12 y\u00fcks\u0259k effektiv filtr, poleni, g\u00f6b\u0259l\u0259kl\u0259rin sporlar\u0131n\u0131, bakteriya v\u0259 g\u0259n\u0259l\u0259ri etibarl\u0131 \u015f\u0259kild\u0259 tutur (EN1822: 1998). Y\u00fcks\u0259k effektiv bir filtr b\u00fct\u00fcn alerjen v\u0259 tozun etibarl\u0131 bir \u015f\u0259kild\u0259 s\u00fcz\u00fclm\u0259sini t\u0259min edir v\u0259 m\u00fck\u0259mm\u0259l t\u0259mizliyi t\u0259min edir. T\u00fck\u0259nmi\u015f hava qapal\u0131 havadan daha t\u0259mizdir v\u0259 b\u00fct\u00fcn alerjenik hiss\u0259cikl\u0259rin 99.99% -\u0259 q\u0259d\u0259r 0,3 mikron h\u0259cmind\u0259 saxlan\u0131l\u0131r. X\u00fcsusil\u0259 y\u00fcks\u0259k gigiyena t\u0259l\u0259bl\u0259ri olan insanlar \u00fc\u00e7\u00fcn ideald\u0131r. VC 6100, VC 6200 v\u0259 VC 6300 tozsoran \u00fc\u00e7\u00fcn uy\u011fundur.<\/p>","protected":false},"excerpt":{"rendered":"<p>Karcher onlayn ma\u011fazas\u0131nda VC 6 tozsoranlar\u0131 \u00fc\u00e7\u00fcn HEPA 12 filteri sat\u0131n al\u0131n.<\/p>","protected":false},"featured_media":812,"comment_status":"open","ping_status":"closed","template":"","meta":[],"product_cat":[15,569],"product_tag":[261],"class_list":{"0":"post-811","1":"product","2":"type-product","3":"status-publish","4":"has-post-thumbnail","6":"product_cat-home-garden","7":"product_cat-aksessuary-dlya-pylesososov","8":"product_tag-meshkovye-pylesosy","10":"first","11":"instock","12":"shipping-taxable","13":"purchasable","14":"product-type-simple"},"_links":{"self":[{"href":"https:\/\/karchershop.az\/az\/wp-json\/wp\/v2\/product\/811","targetHints":{"allow":["GET"]}}],"collection":[{"href":"https:\/\/karchershop.az\/az\/wp-json\/wp\/v2\/product"}],"about":[{"href":"https:\/\/karchershop.az\/az\/wp-json\/wp\/v2\/types\/product"}],"replies":[{"embeddable":true,"href":"https:\/\/karchershop.az\/az\/wp-json\/wp\/v2\/comments?post=811"}],"wp:featuredmedia":[{"embeddable":true,"href":"https:\/\/karchershop.az\/az\/wp-json\/wp\/v2\/media\/812"}],"wp:attachment":[{"href":"https:\/\/karchershop.az\/az\/wp-json\/wp\/v2\/media?parent=811"}],"wp:term":[{"taxonomy":"product_cat","embeddable":true,"href":"https:\/\/karchershop.az\/az\/wp-json\/wp\/v2\/product_cat?post=811"},{"taxonomy":"product_tag","embeddable":true,"href":"https:\/\/karchershop.az\/az\/wp-json\/wp\/v2\/product_tag?post=811"}],"curies":[{"name":"wp","href":"https:\/\/api.w.org\/{rel}","templated":true}]}}