{"id":813,"date":"2020-04-28T13:50:05","date_gmt":"2020-04-28T09:50:05","guid":{"rendered":"https:\/\/karchershop.az\/?post_type=product&#038;p=813"},"modified":"2026-05-01T21:35:13","modified_gmt":"2026-05-01T17:35:13","slug":"filtr-meshki-iz-netkannogo-materiala-5-sht-dlya-vc-6","status":"publish","type":"product","link":"https:\/\/karchershop.az\/az\/home-garden\/aksessuary\/aksessuary-dlya-pylesososov\/filtr-meshki-iz-netkannogo-materiala-5-sht-dlya-vc-6","title":{"rendered":"Toxunmu\u015f materialdan olan  VC 6 \u00fc\u00e7\u00fcn filtr torbalar\u0131, 5\u0259d\u0259d"},"content":{"rendered":"<p>Y\u00fcks\u0259k filtrasiya s\u0259m\u0259r\u0259liliyi il\u0259, son q\u0131r\u0131lma\u011fa dayan\u0131ql\u0131, gigiyenik at\u0131lmas\u0131 \u00fc\u00e7\u00fcn bir \u00e7\u0259kim il\u0259. VC 6100, VC 6200 v\u0259 VC 6300 modell\u0259rinin quru tozsoranlar\u0131 \u00fc\u00e7\u00fcn.<\/p>","protected":false},"excerpt":{"rendered":"<p>VC 6100, VC 6200 v\u0259 VC 6300 modell\u0259rinin quru tozsoranlar\u0131 \u00fc\u00e7\u00fcn toxunmu\u015f filtr torbalar\u0131 (5 \u0259d\u0259d).<\/p>","protected":false},"featured_media":814,"comment_status":"open","ping_status":"closed","template":"","meta":[],"product_cat":[15,569],"product_tag":[261],"class_list":{"0":"post-813","1":"product","2":"type-product","3":"status-publish","4":"has-post-thumbnail","6":"product_cat-home-garden","7":"product_cat-aksessuary-dlya-pylesososov","8":"product_tag-meshkovye-pylesosy","10":"first","11":"instock","12":"shipping-taxable","13":"purchasable","14":"product-type-simple"},"_links":{"self":[{"href":"https:\/\/karchershop.az\/az\/wp-json\/wp\/v2\/product\/813","targetHints":{"allow":["GET"]}}],"collection":[{"href":"https:\/\/karchershop.az\/az\/wp-json\/wp\/v2\/product"}],"about":[{"href":"https:\/\/karchershop.az\/az\/wp-json\/wp\/v2\/types\/product"}],"replies":[{"embeddable":true,"href":"https:\/\/karchershop.az\/az\/wp-json\/wp\/v2\/comments?post=813"}],"wp:featuredmedia":[{"embeddable":true,"href":"https:\/\/karchershop.az\/az\/wp-json\/wp\/v2\/media\/814"}],"wp:attachment":[{"href":"https:\/\/karchershop.az\/az\/wp-json\/wp\/v2\/media?parent=813"}],"wp:term":[{"taxonomy":"product_cat","embeddable":true,"href":"https:\/\/karchershop.az\/az\/wp-json\/wp\/v2\/product_cat?post=813"},{"taxonomy":"product_tag","embeddable":true,"href":"https:\/\/karchershop.az\/az\/wp-json\/wp\/v2\/product_tag?post=813"}],"curies":[{"name":"wp","href":"https:\/\/api.w.org\/{rel}","templated":true}]}}