{"id":8152,"date":"2023-04-17T15:05:02","date_gmt":"2023-04-17T11:05:02","guid":{"rendered":"https:\/\/karchershop.az\/?post_type=product&#038;p=8152"},"modified":"2026-05-01T21:35:53","modified_gmt":"2026-05-01T17:35:53","slug":"akkumulyatornyj-hozyajstvennyj-pylesos-wd-3-battery-set","status":"publish","type":"product","link":"https:\/\/karchershop.az\/az\/home-garden\/hozyajstvennye-pylesosy\/hozyajstvenny-pylesos\/akkumulyatornyj-hozyajstvennyj-pylesos-wd-3-battery-set","title":{"rendered":"WD 3 BATTERY SET"},"content":{"rendered":"<p>Naqilsiz Karcher Tozsoran - WD 3 BATTERY SET y\u00fcks\u0259k performans\u0131 v\u0259 s\u00fcr\u0259tli enerji y\u0131\u011f\u0131m\u0131na g\u00f6r\u0259 se\u00e7ilir.Uzun\u00f6m\u00fcrl\u00fc enerji x\u00fcsusiyy\u0259tin\u0259 malik oldu\u011fu \u00fc\u00e7\u00fcn evinizin h\u0259r t\u0259r\u0259find\u0259 rahatl\u0131qla istifad\u0259 ed\u0259 bil\u0259rsiiniz. WD 3 Batareya D\u0259sti simsiz tozsoranlar siz\u0259 m\u0259i\u015f\u0259t tozsoran\u0131n\u0131n b\u00fct\u00fcn funksiyalar\u0131n\u0131 saxlayaraq enerji m\u0259nb\u0259yind\u0259n as\u0131l\u0131 olmayaraq i\u015fl\u0259m\u0259y\u0259 imkan verir. Daxil olan batareyan\u0131n \u00f6mr\u00fc 15 d\u0259qiq\u0259dir.  G\u00fccl\u00fc z\u0259rb\u0259y\u0259 davaml\u0131 plastik zibil qutusunun h\u0259cmi 17 litrdir. Kartric filtri quru v\u0259 ya\u015f zibilin y\u0131\u011f\u0131lmas\u0131na z\u0259man\u0259t verir - filtri d\u0259yi\u015fdirm\u0259d\u0259n. Optimal zibil y\u0131\u011f\u0131lmas\u0131 v\u0259 g\u00fcz\u0259\u015ftsiz t\u0259mizlik emi\u015f \u015flanq\u0131n\u0131n optimalla\u015fd\u0131r\u0131lm\u0131\u015f hava ax\u0131n\u0131 v\u0259 universal \u0259lav\u0259 il\u0259 d\u0259yi\u015fdiril\u0259 bil\u0259n d\u00f6\u015f\u0259m\u0259 ba\u015fl\u0131\u011f\u0131 il\u0259 t\u0259min edilir. \u00c7\u0131xar\u0131lan tutacaq say\u0259sind\u0259 aksesuarlar birba\u015fa emi\u015f hortumuna asanl\u0131qla qo\u015fula bil\u0259r. \u0130\u015f fasil\u0259l\u0259ri zaman\u0131 \u0259mzikli niz\u0259 v\u0259 d\u00f6\u015f\u0259m\u0259 ba\u015fl\u0131\u011f\u0131 t\u0259yin olunmu\u015f buxarlama v\u0259ziyy\u0259tin\u0259 yerl\u0259\u015fdiril\u0259 bil\u0259r. \u018flav\u0259 avadanl\u0131q x\u00fcsusiyy\u0259tl\u0259ri: \u00fcf\u00fcrm\u0259 funksiyas\u0131, \u201cPull\u2019n\u2019Push\u201d b\u0259rkitm\u0259 sistemi, erqonomik tutacaq v\u0259 aksesuarlar\u0131n \u0259n praktik saxlanmas\u0131. Batareya G\u00fcc\u00fc 36 V akkumulyator platformas\u0131n\u0131n uy\u011funlu\u011fu say\u0259sind\u0259 akkumulyator eyni platforman\u0131n dig\u0259r cihazlar\u0131nda da istifad\u0259 oluna bil\u0259r v\u0259 qeyri-m\u0259hdud h\u0259r\u0259k\u0259t azadl\u0131\u011f\u0131 t\u0259min edir.<\/p>","protected":false},"excerpt":{"rendered":"<p>Simsiz Tozsoran - WD 3 BATTERY SET y\u00fcks\u0259k performans\u0131 v\u0259 s\u00fcr\u0259tli enerji y\u0131\u011f\u0131m\u0131na g\u00f6r\u0259 se\u00e7ilir.<\/p>","protected":false},"featured_media":8164,"comment_status":"open","ping_status":"closed","template":"","meta":[],"product_cat":[15,553,90],"product_tag":[],"class_list":{"0":"post-8152","1":"product","2":"type-product","3":"status-publish","4":"has-post-thumbnail","6":"product_cat-home-garden","7":"product_cat-hozyajstvennye-pylesosy","8":"product_cat-hozyajstvenny-pylesos","10":"first","11":"outofstock","12":"shipping-taxable","13":"purchasable","14":"product-type-simple"},"_links":{"self":[{"href":"https:\/\/karchershop.az\/az\/wp-json\/wp\/v2\/product\/8152","targetHints":{"allow":["GET"]}}],"collection":[{"href":"https:\/\/karchershop.az\/az\/wp-json\/wp\/v2\/product"}],"about":[{"href":"https:\/\/karchershop.az\/az\/wp-json\/wp\/v2\/types\/product"}],"replies":[{"embeddable":true,"href":"https:\/\/karchershop.az\/az\/wp-json\/wp\/v2\/comments?post=8152"}],"wp:featuredmedia":[{"embeddable":true,"href":"https:\/\/karchershop.az\/az\/wp-json\/wp\/v2\/media\/8164"}],"wp:attachment":[{"href":"https:\/\/karchershop.az\/az\/wp-json\/wp\/v2\/media?parent=8152"}],"wp:term":[{"taxonomy":"product_cat","embeddable":true,"href":"https:\/\/karchershop.az\/az\/wp-json\/wp\/v2\/product_cat?post=8152"},{"taxonomy":"product_tag","embeddable":true,"href":"https:\/\/karchershop.az\/az\/wp-json\/wp\/v2\/product_tag?post=8152"}],"curies":[{"name":"wp","href":"https:\/\/api.w.org\/{rel}","templated":true}]}}