{"id":8182,"date":"2023-04-18T12:30:14","date_gmt":"2023-04-18T08:30:14","guid":{"rendered":"https:\/\/karchershop.az\/?post_type=product&#038;p=8182"},"modified":"2026-05-01T21:35:53","modified_gmt":"2026-05-01T17:35:53","slug":"paroochistitel-kst-2","status":"publish","type":"product","link":"https:\/\/karchershop.az\/az\/home-garden\/paroochistiteli\/paroochistitel-kst-2","title":{"rendered":"KST 2 EU"},"content":{"rendered":"<p>KST 2 AB buxar t\u0259mizl\u0259yicisi, m\u00fcxt\u0259lif s\u0259thl\u0259rin m\u00fcxt\u0259lif \u00e7irkl\u0259ndiricil\u0259rd\u0259n t\u0259mizl\u0259nm\u0259si \u00fc\u00e7\u00fcn optimal rejimi se\u00e7m\u0259y\u0259 imkan ver\u0259n 2 m\u0259rh\u0259l\u0259li buxar t\u0259chizat\u0131 t\u0259nziml\u0259yicisi il\u0259 t\u0259chiz edilmi\u015f, istifad\u0259si \u00e7ox asan giri\u015f s\u0259viyy\u0259li buxar t\u0259mizl\u0259yicisidir. Aksesuarlar \u00fc\u00e7\u00fcn praktik tutacaqlar, \u0259la t\u0259mizl\u0259m\u0259 n\u0259tic\u0259l\u0259ri \u00fc\u00e7\u00fcn mente\u015f\u0259li erqonomik Comfort d\u00f6\u015f\u0259m\u0259 ba\u015fl\u0131\u011f\u0131 v\u0259 onu cihaz\u0131n korpusunda \u201cpark etm\u0259k\u201d imkan\u0131 rahat i\u015fi t\u0259min edir. KST 2 buxar t\u0259mizl\u0259yicisi m\u0259i\u015f\u0259t kimy\u0259vi madd\u0259l\u0259rd\u0259n istifad\u0259 etm\u0259d\u0259n t\u0259mizliyi t\u0259min edir v\u0259 universal imkanlara malikdir. K\u00e4rcher buxar t\u0259mizl\u0259yicisi il\u0259 h\u0259rt\u0259r\u0259fli t\u0259mizl\u0259m\u0259 s\u0259rt s\u0259thl\u0259rd\u0259 viruslar\u0131* v\u0259 \u00fcmumi m\u0259i\u015f\u0259t bakteriyalar\u0131n\u0131** 99,99% yox edir. Aksessuarlar\u0131n geni\u015f \u00e7e\u015fidi onun k\u00f6m\u0259yi il\u0259 m\u00fcxt\u0259lif probleml\u0259ri h\u0259ll etm\u0259y\u0259 imkan verir - vanna ota\u011f\u0131nda keramik plit\u0259l\u0259rin t\u0259mizl\u0259nm\u0259si, m\u0259tb\u0259xd\u0259 soba v\u0259 ba\u015fl\u0131q v\u0259 s. Eyni zamanda, cihaz h\u0259tta inadkar kirl\u0259ri nazik yar\u0131qlardan t\u0259mizl\u0259m\u0259y\u0259 qadirdir.<\/p>","protected":false},"excerpt":{"rendered":"<p>KST 2 AB buxar t\u0259mizl\u0259yicisi, m\u00fcxt\u0259lif s\u0259thl\u0259rin m\u00fcxt\u0259lif \u00e7irkl\u0259ndiricil\u0259rd\u0259n t\u0259mizl\u0259nm\u0259si \u00fc\u00e7\u00fcn optimal rejimi se\u00e7m\u0259y\u0259 imkan ver\u0259n 2 m\u0259rh\u0259l\u0259li buxar t\u0259chizat\u0131 t\u0259nziml\u0259yicisi il\u0259 t\u0259chiz edilmi\u015f, istifad\u0259si \u00e7ox asan giri\u015f s\u0259viyy\u0259li buxar t\u0259mizl\u0259yicisidir.<\/p>","protected":false},"featured_media":14494,"comment_status":"open","ping_status":"closed","template":"","meta":[],"product_cat":[15,184],"product_tag":[],"class_list":{"0":"post-8182","1":"product","2":"type-product","3":"status-publish","4":"has-post-thumbnail","6":"product_cat-home-garden","7":"product_cat-paroochistiteli","9":"first","10":"outofstock","11":"shipping-taxable","12":"purchasable","13":"product-type-simple"},"_links":{"self":[{"href":"https:\/\/karchershop.az\/az\/wp-json\/wp\/v2\/product\/8182","targetHints":{"allow":["GET"]}}],"collection":[{"href":"https:\/\/karchershop.az\/az\/wp-json\/wp\/v2\/product"}],"about":[{"href":"https:\/\/karchershop.az\/az\/wp-json\/wp\/v2\/types\/product"}],"replies":[{"embeddable":true,"href":"https:\/\/karchershop.az\/az\/wp-json\/wp\/v2\/comments?post=8182"}],"wp:featuredmedia":[{"embeddable":true,"href":"https:\/\/karchershop.az\/az\/wp-json\/wp\/v2\/media\/14494"}],"wp:attachment":[{"href":"https:\/\/karchershop.az\/az\/wp-json\/wp\/v2\/media?parent=8182"}],"wp:term":[{"taxonomy":"product_cat","embeddable":true,"href":"https:\/\/karchershop.az\/az\/wp-json\/wp\/v2\/product_cat?post=8182"},{"taxonomy":"product_tag","embeddable":true,"href":"https:\/\/karchershop.az\/az\/wp-json\/wp\/v2\/product_tag?post=8182"}],"curies":[{"name":"wp","href":"https:\/\/api.w.org\/{rel}","templated":true}]}}