{"id":841,"date":"2020-04-28T14:35:58","date_gmt":"2020-04-28T10:35:58","guid":{"rendered":"https:\/\/karchershop.az\/?post_type=product&#038;p=841"},"modified":"2026-05-01T21:35:14","modified_gmt":"2026-05-01T17:35:14","slug":"filtr-hepa13-vc-3","status":"publish","type":"product","link":"https:\/\/karchershop.az\/az\/home-garden\/aksessuary\/aksessuary-dlya-pylesososov\/filtr-hepa13-vc-3","title":{"rendered":"Filter HEPA 13 VC"},"content":{"rendered":"<p>K\u00e4rcher VC 3 tozsoran \u00fc\u00e7\u00fcn HEPA gigiyena filteri polen v\u0259 allergiya yaradan hiss\u0259cikl\u0259r kimi \u0259n inc\u0259 kirl\u0259ri t\u0259hl\u00fck\u0259siz v\u0259 etibarl\u0131 \u015f\u0259kild\u0259 s\u00fcz\u00fcr. Filter olunmu\u015f hava otaqdak\u0131 havadan daha t\u0259mizdir. Allergiya x\u0259st\u0259l\u0259ri \u00fc\u00e7\u00fcn ideald\u0131r.<\/p>","protected":false},"excerpt":{"rendered":"<p>K\u00e4rcher VC 3 tozsoran \u00fc\u00e7\u00fcn HEPA gigiyena filteri polen v\u0259 allergiya yaradan hiss\u0259cikl\u0259r kimi \u0259n inc\u0259 kirl\u0259ri t\u0259hl\u00fck\u0259siz v\u0259 etibarl\u0131 \u015f\u0259kild\u0259 s\u00fcz\u00fcr. Filter olunmu\u015f hava otaqdak\u0131 havadan daha t\u0259mizdir. Allergiya x\u0259st\u0259l\u0259ri \u00fc\u00e7\u00fcn ideald\u0131r.<\/p>","protected":false},"featured_media":842,"comment_status":"open","ping_status":"closed","template":"","meta":[],"product_cat":[15,569],"product_tag":[263],"class_list":{"0":"post-841","1":"product","2":"type-product","3":"status-publish","4":"has-post-thumbnail","6":"product_cat-home-garden","7":"product_cat-aksessuary-dlya-pylesososov","8":"product_tag-pylesosy-bez-meshka","10":"first","11":"instock","12":"shipping-taxable","13":"purchasable","14":"product-type-simple"},"_links":{"self":[{"href":"https:\/\/karchershop.az\/az\/wp-json\/wp\/v2\/product\/841","targetHints":{"allow":["GET"]}}],"collection":[{"href":"https:\/\/karchershop.az\/az\/wp-json\/wp\/v2\/product"}],"about":[{"href":"https:\/\/karchershop.az\/az\/wp-json\/wp\/v2\/types\/product"}],"replies":[{"embeddable":true,"href":"https:\/\/karchershop.az\/az\/wp-json\/wp\/v2\/comments?post=841"}],"wp:featuredmedia":[{"embeddable":true,"href":"https:\/\/karchershop.az\/az\/wp-json\/wp\/v2\/media\/842"}],"wp:attachment":[{"href":"https:\/\/karchershop.az\/az\/wp-json\/wp\/v2\/media?parent=841"}],"wp:term":[{"taxonomy":"product_cat","embeddable":true,"href":"https:\/\/karchershop.az\/az\/wp-json\/wp\/v2\/product_cat?post=841"},{"taxonomy":"product_tag","embeddable":true,"href":"https:\/\/karchershop.az\/az\/wp-json\/wp\/v2\/product_tag?post=841"}],"curies":[{"name":"wp","href":"https:\/\/api.w.org\/{rel}","templated":true}]}}