{"id":8429,"date":"2023-05-10T09:23:47","date_gmt":"2023-05-10T05:23:47","guid":{"rendered":"https:\/\/karchershop.az\/?post_type=product&#038;p=8429"},"modified":"2026-05-01T21:35:53","modified_gmt":"2026-05-01T17:35:53","slug":"k-3-power-control","status":"publish","type":"product","link":"https:\/\/karchershop.az\/az\/home-garden\/mojki-vysokogo-davleniya\/k-3-power-control","title":{"rendered":"K 3 POWER CONTROL"},"content":{"rendered":"<p>Karcher Ev v\u0259 ba\u011f t\u0259tbiqetm\u0259sind\u0259 m\u00f6vcud olan praktik mobil k\u00f6m\u0259k\u00e7i, K 3 g\u00fcc n\u0259zar\u0259ti y\u00fcks\u0259k t\u0259zyiq vahidi olan h\u0259r k\u0259sin t\u0259mizlik m\u00fct\u0259x\u0259ssisi olmas\u0131na imkan verir. T\u0259tbiqd\u0259 ma\u015f\u0131n, t\u0259tbiql\u0259ri v\u0259 Karcher xidm\u0259t portal\u0131 haqq\u0131nda da vacib m\u0259lumatlar var. D\u00fczg\u00fcn t\u0259zyiq t\u0259tbiq olunan sprey borusu il\u0259 asanl\u0131qla t\u0259nziml\u0259n\u0259 bil\u0259r v\u0259 g 120 Q g\u00fcc n\u0259zar\u0259ti ekran\u0131nda ist\u0259nil\u0259n s\u0259thd\u0259 optimal t\u0259mizliy\u0259 z\u0259man\u0259t verilir. Y\u00fcks\u0259k t\u0259zyiqli t\u0259mizl\u0259nm\u0259d\u0259n t\u0259mizl\u0259yici m\u0259hsula ke\u00e7m\u0259k \u00fc\u00e7\u00fcn sprey borusunun d\u0259yi\u015fdirilm\u0259sin\u0259 ehtiyac yoxdur. Qura\u015fd\u0131r\u0131lm\u0131\u015f tank t\u0259mizl\u0259yici m\u0259hsullar\u0131n rahat istifad\u0259sini t\u0259min edir. Bundan \u0259lav\u0259, K 3 g\u00fcc n\u0259zar\u0259ti, t\u0259k\u0259rl\u0259rd\u0259 asan da\u015f\u0131nmas\u0131 \u00fc\u00e7\u00fcn s\u00fcr\u00fc\u015f\u0259n v\u0259 kompakt saxlama \u00fc\u00e7\u00fcn \u00e7\u0131xar\u0131lan teleskopik tutacaq, aksesuar tutacaqlar\u0131, sisteml\u0259 t\u0259chiz edilmi\u015fdir.\u00a0<span class=\"fix-spelling\">Quick Connect<\/span>\u00a0cihaz\u0131n sabitliyini art\u0131ran, saxlama v\u0259 ya avtomobilin g\u00f6vd\u0259sin\u0259 qoyark\u0259n ikinci tutacaq kimi istifad\u0259 olunan \u0259lav\u0259 d\u0259st\u0259k.<\/p>","protected":false},"excerpt":{"rendered":"<p>K 3 Premium g\u00fcc idar\u0259etm\u0259 y\u00fcks\u0259k t\u0259zyiq cihaz\u0131 g 120 Q G\u00fcc \u0130dar\u0259etm\u0259 silah\u0131 v\u0259 inkjet borularla t\u0259chiz edilmi\u015fdir. Optimal t\u0259mizlik n\u0259tic\u0259l\u0259rin\u0259 nail olmaq \u00fc\u00e7\u00fcn praktik m\u0259sl\u0259h\u0259tl\u0259r ver\u0259n mobil k\u00f6m\u0259k\u00e7i uyumludur.<\/p>","protected":false},"featured_media":8436,"comment_status":"open","ping_status":"closed","template":"","meta":[],"product_cat":[15,20],"product_tag":[],"class_list":{"0":"post-8429","1":"product","2":"type-product","3":"status-publish","4":"has-post-thumbnail","6":"product_cat-home-garden","7":"product_cat-mojki-vysokogo-davleniya","9":"first","10":"outofstock","11":"shipping-taxable","12":"purchasable","13":"product-type-simple"},"_links":{"self":[{"href":"https:\/\/karchershop.az\/az\/wp-json\/wp\/v2\/product\/8429","targetHints":{"allow":["GET"]}}],"collection":[{"href":"https:\/\/karchershop.az\/az\/wp-json\/wp\/v2\/product"}],"about":[{"href":"https:\/\/karchershop.az\/az\/wp-json\/wp\/v2\/types\/product"}],"replies":[{"embeddable":true,"href":"https:\/\/karchershop.az\/az\/wp-json\/wp\/v2\/comments?post=8429"}],"wp:featuredmedia":[{"embeddable":true,"href":"https:\/\/karchershop.az\/az\/wp-json\/wp\/v2\/media\/8436"}],"wp:attachment":[{"href":"https:\/\/karchershop.az\/az\/wp-json\/wp\/v2\/media?parent=8429"}],"wp:term":[{"taxonomy":"product_cat","embeddable":true,"href":"https:\/\/karchershop.az\/az\/wp-json\/wp\/v2\/product_cat?post=8429"},{"taxonomy":"product_tag","embeddable":true,"href":"https:\/\/karchershop.az\/az\/wp-json\/wp\/v2\/product_tag?post=8429"}],"curies":[{"name":"wp","href":"https:\/\/api.w.org\/{rel}","templated":true}]}}