{"id":861,"date":"2020-04-28T15:26:43","date_gmt":"2020-04-28T11:26:43","guid":{"rendered":"https:\/\/karchershop.az\/?post_type=product&#038;p=861"},"modified":"2026-05-01T21:35:15","modified_gmt":"2026-05-01T17:35:15","slug":"filtr-otrabotannogo-vozduha-hepa-12","status":"publish","type":"product","link":"https:\/\/karchershop.az\/az\/home-garden\/aksessuary\/aksessuary-dlya-pylesososov\/filtr-otrabotannogo-vozduha-hepa-12","title":{"rendered":"VC 5 \u00fc\u00e7\u00fcn HEPA filter"},"content":{"rendered":"<p>HEPA 12 t\u0259mizl\u0259nmi\u015f hava filtri toz v\u0259 dig\u0259r allergen hiss\u0259cikl\u0259rind\u0259n havas\u0131n\u0131 etibarl\u0131 \u015f\u0259kild\u0259 t\u0259mizl\u0259yir. Tozsoran\u0131n \u00e7\u0131x\u0131\u015f\u0131ndak\u0131 havan\u0131n otaqdak\u0131 havadan daha t\u0259miz olmas\u0131 \u00e7ox vacibdir. Bu filtri ild\u0259 bir d\u0259f\u0259 d\u0259yi\u015fdirm\u0259k t\u00f6vsiy\u0259 olunur.<\/p>","protected":false},"excerpt":{"rendered":"<p>HEPA 12 filtri il\u0259 t\u0259mizl\u0259ndikd\u0259n sonra t\u0259mizl\u0259nmi\u015f hava qapal\u0131 havadan daha t\u0259miz olur. \u0130ld\u0259 bir d\u0259f\u0259 t\u00f6vsiy\u0259 olunan \u0259v\u0259zl\u0259m\u0259.<\/p>","protected":false},"featured_media":862,"comment_status":"open","ping_status":"closed","template":"","meta":[],"product_cat":[15,569],"product_tag":[259,260],"class_list":{"0":"post-861","1":"product","2":"type-product","3":"status-publish","4":"has-post-thumbnail","6":"product_cat-home-garden","7":"product_cat-aksessuary-dlya-pylesososov","8":"product_tag-akkumulyatornye-pylesosy","9":"product_tag-vertikalnye-pylesosy","11":"first","12":"instock","13":"shipping-taxable","14":"purchasable","15":"product-type-simple"},"_links":{"self":[{"href":"https:\/\/karchershop.az\/az\/wp-json\/wp\/v2\/product\/861","targetHints":{"allow":["GET"]}}],"collection":[{"href":"https:\/\/karchershop.az\/az\/wp-json\/wp\/v2\/product"}],"about":[{"href":"https:\/\/karchershop.az\/az\/wp-json\/wp\/v2\/types\/product"}],"replies":[{"embeddable":true,"href":"https:\/\/karchershop.az\/az\/wp-json\/wp\/v2\/comments?post=861"}],"wp:featuredmedia":[{"embeddable":true,"href":"https:\/\/karchershop.az\/az\/wp-json\/wp\/v2\/media\/862"}],"wp:attachment":[{"href":"https:\/\/karchershop.az\/az\/wp-json\/wp\/v2\/media?parent=861"}],"wp:term":[{"taxonomy":"product_cat","embeddable":true,"href":"https:\/\/karchershop.az\/az\/wp-json\/wp\/v2\/product_cat?post=861"},{"taxonomy":"product_tag","embeddable":true,"href":"https:\/\/karchershop.az\/az\/wp-json\/wp\/v2\/product_tag?post=861"}],"curies":[{"name":"wp","href":"https:\/\/api.w.org\/{rel}","templated":true}]}}