{"id":8721,"date":"2023-05-24T09:44:14","date_gmt":"2023-05-24T05:44:14","guid":{"rendered":"https:\/\/karchershop.az\/?post_type=product&#038;p=8721"},"modified":"2026-05-01T21:35:54","modified_gmt":"2026-05-01T17:35:54","slug":"wd-3-p-s-v-17-4-20","status":"publish","type":"product","link":"https:\/\/karchershop.az\/az\/home-garden\/hozyajstvennye-pylesosy\/hozyajstvenny-pylesos\/wd-3-p-s-v-17-4-20","title":{"rendered":"WD 3 P S V-17\/4\/20"},"content":{"rendered":"<p>Enerjiy\u0259 q\u0259na\u0259t ed\u0259n Karcher M\u0259i\u015f\u0259t tozsorani WD 3 P S V-17\/4\/20 a\u015fa\u011f\u0131 enerji s\u0259rfiyyat\u0131 (yaln\u0131z 1000 Vt) il\u0259 y\u00fcks\u0259k emi\u015f g\u00fcc\u00fc t\u0259min edir. Karcher Meiset tozsorani ist\u0259nil\u0259n n\u00f6v tullant\u0131lar\u0131n \u2013 ya\u015f v\u0259 ya quru, qaba v\u0259 ya inc\u0259 tullant\u0131lar \u00fc\u00e7\u00fcn \u0259la g\u00f6t\u00fcr\u00fclm\u0259 n\u0259tic\u0259l\u0259rini t\u0259min etm\u0259k \u00fc\u00e7\u00fcn o, sorma \u015flanq\u0131 v\u0259 \u0259lav\u0259l\u0259rl\u0259 d\u00f6\u015f\u0259m\u0259 ba\u015fl\u0131\u011f\u0131 il\u0259 optimal \u015f\u0259kild\u0259 birl\u0259\u015fdirilir. Kompaktl\u0131\u011f\u0131 il\u0259 heyranedici olan bu m\u0259i\u015f\u0259t tozsoran\u0131 m\u00f6hk\u0259m 17 litrlik paslanmayan polad qutu, 4 metrlik kabel, 2 metrlik sorma \u015flanq\u0131 v\u0259 toxunmam\u0131\u015f filtr torbas\u0131 il\u0259 t\u0259chiz edilmi\u015fdir. Ayr\u0131lmayan kartric filtri say\u0259sind\u0259 filtri d\u0259yi\u015fm\u0259d\u0259n ya\u015f v\u0259 quru t\u0259mizl\u0259m\u0259 \u0259m\u0259liyyatlar\u0131n\u0131 n\u00f6vb\u0259 il\u0259 yerin\u0259 yetirm\u0259y\u0259 imkan verir. Tozsoran avtomatik yand\u0131rma \/ s\u00f6nd\u00fcrm\u0259 il\u0259 qura\u015fd\u0131r\u0131lm\u0131\u015f elektrik rozetkas\u0131, onlarla i\u015f zaman\u0131 yaranan toz v\u0259 \u00e7ipl\u0259ri d\u0259rhal toplamaq \u00fc\u00e7\u00fcn ona elektrik al\u0259tl\u0259rini (yapbozlar, \u00fcy\u00fcd\u00fcc\u00fcl\u0259r v\u0259 s.) qo\u015fma\u011fa imkan verir. Z\u0259rb\u0259 funksiyas\u0131 \u0259l\u00e7atmaz yerl\u0259ri t\u0259mizl\u0259m\u0259yi xeyli asanla\u015fd\u0131r\u0131r. Cihaz\u0131n kompakt saxlanmas\u0131 \u00fc\u00e7\u00fcn \u015flanq m\u00fch\u0259rrik hiss\u0259sin\u0259 as\u0131l\u0131r, kabel x\u00fcsusi bir \u00e7\u0259ng\u0259l \u00fcz\u0259rind\u0259dir v\u0259 uzatma borular\u0131 v\u0259 d\u00f6\u015f\u0259m\u0259 ba\u015fl\u0131\u011f\u0131 qabar dayanaca\u011fa sabitl\u0259nir. Pull &amp; Push kilidl\u0259ri zibil qutusunu taxma\u011f\u0131 v\u0259 \u00e7\u0131xarma\u011f\u0131 \u00e7ox asanla\u015fd\u0131r\u0131r. Ba\u015fl\u0131qlar\u0131 birba\u015fa ona ba\u011flamaq \u00fc\u00e7\u00fcn sap\u0131 emi\u015f hortumundan \u00e7\u0131xarmaq olar.<\/p>","protected":false},"excerpt":{"rendered":"<p>Karcher M\u0259i\u015f\u0259t s\u00fcp\u00fcrg\u0259si WD 3 P S V-17\/4\/20\n17 litrlik paslanmayan polad toz qutusu, elektrik al\u0259tl\u0259rini birl\u0259\u015fdirm\u0259k \u00fc\u00e7\u00fcn rozetka, 4 m kabel v\u0259 2 m emi\u015f \u015flanq\u0131 il\u0259 t\u0259chiz edilmi\u015f WD 3 P S V-17\/4\/20 tozsoran y\u00fcks\u0259k enerji q\u0259na\u0259tlidir v\u0259 h\u0259rt\u0259r\u0259fli i\u015fl\u0259m\u0259y\u0259, evin b\u00fct\u00fcn sah\u0259sl\u0259rinin t\u0259mizliyin\u0259 z\u0259man\u0259t verir.<\/p>","protected":false},"featured_media":8731,"comment_status":"open","ping_status":"closed","template":"","meta":[],"product_cat":[15,90],"product_tag":[],"class_list":{"0":"post-8721","1":"product","2":"type-product","3":"status-publish","4":"has-post-thumbnail","6":"product_cat-home-garden","7":"product_cat-hozyajstvenny-pylesos","9":"first","10":"instock","11":"shipping-taxable","12":"purchasable","13":"product-type-simple"},"_links":{"self":[{"href":"https:\/\/karchershop.az\/az\/wp-json\/wp\/v2\/product\/8721","targetHints":{"allow":["GET"]}}],"collection":[{"href":"https:\/\/karchershop.az\/az\/wp-json\/wp\/v2\/product"}],"about":[{"href":"https:\/\/karchershop.az\/az\/wp-json\/wp\/v2\/types\/product"}],"replies":[{"embeddable":true,"href":"https:\/\/karchershop.az\/az\/wp-json\/wp\/v2\/comments?post=8721"}],"wp:featuredmedia":[{"embeddable":true,"href":"https:\/\/karchershop.az\/az\/wp-json\/wp\/v2\/media\/8731"}],"wp:attachment":[{"href":"https:\/\/karchershop.az\/az\/wp-json\/wp\/v2\/media?parent=8721"}],"wp:term":[{"taxonomy":"product_cat","embeddable":true,"href":"https:\/\/karchershop.az\/az\/wp-json\/wp\/v2\/product_cat?post=8721"},{"taxonomy":"product_tag","embeddable":true,"href":"https:\/\/karchershop.az\/az\/wp-json\/wp\/v2\/product_tag?post=8721"}],"curies":[{"name":"wp","href":"https:\/\/api.w.org\/{rel}","templated":true}]}}