{"id":904,"date":"2020-04-28T15:54:20","date_gmt":"2020-04-28T11:54:20","guid":{"rendered":"https:\/\/karchershop.az\/?post_type=product&#038;p=904"},"modified":"2026-05-01T21:35:15","modified_gmt":"2026-05-01T17:35:15","slug":"ds-6-premium","status":"publish","type":"product","link":"https:\/\/karchershop.az\/az\/home-garden\/pylesosy\/pylesosy-s-akvafiltrom\/ds-6-premium","title":{"rendered":"DS 6 Plus."},"content":{"rendered":"<p>DS 6 Premium quru t\u0259mizlik \u00fc\u00e7\u00fcn sulu tozsorand\u0131r, yaln\u0131z s\u0259thl\u0259ri m\u00fck\u0259mm\u0259l t\u0259mizl\u0259m\u0259y\u0259 imkan vermir, h\u0259m d\u0259 \u00e7\u0131x\u0131\u015fda 99.95% t\u0259mizl\u0259nmi\u015f su \u0259ld\u0259 edir. Aqua filtri otaqdak\u0131 havan\u0131 n\u0259ml\u0259ndirm\u0259y\u0259 k\u00f6m\u0259k edir v\u0259 t\u0259mizl\u0259nm\u0259nin ilk m\u0259rh\u0259l\u0259sin\u0259 z\u0259man\u0259t verir. Sonra hava elektrik motorunu qoruyan bir ara filtrd\u0259n ke\u00e7ir. N\u0259hay\u0259t, dem\u0259k olar ki, t\u0259miz hava HEPA filtrind\u0259n ke\u00e7ir, bu da sah\u0259 g\u0259n\u0259l\u0259rinin b\u00f6y\u00fcm\u0259sini gecikdirir (g\u00fcnd\u0259lik h\u0259yatda \u0259n \u00e7ox rast g\u0259lin\u0259n allergen). Bundan \u0259lav\u0259, HEPA-13 qoxular\u0131 s\u0131zd\u0131rmaz. Turbo f\u0131r\u00e7a h\u0259tta uzun xovlu xal\u00e7alar\u0131 m\u00fck\u0259mm\u0259l t\u0259mizl\u0259m\u0259y\u0259 imkan verir. Buna g\u00f6r\u0259 bu tozsoran allergiya x\u0259st\u0259l\u0259ri, astmatikl\u0259r, g\u0259nc u\u015faqlar v\u0259 ev heyvanlar\u0131 \u00fc\u00e7\u00fcn ideald\u0131r.<\/p>","protected":false},"excerpt":{"rendered":"<p>Sulu tozsoran DS 6 Premium \u00fc\u00e7 d\u0259r\u0259c\u0259 havan\u0131n t\u0259mizl\u0259nm\u0259sin\u0259 malik bir sulu tozsoran: effektiv su filtri, y\u00fcks\u0259k keyfiyy\u0259tli ara filtr v\u0259 HEPA-13 filtri. Bu filtrasiya, havan\u0131 99,95% t\u0259mizl\u0259m\u0259y\u0259 imkan verir ki, bu da allergiya x\u0259st\u0259l\u0259ri, astmatikl\u0259r, g\u0259nc u\u015faqlar v\u0259 ev heyvanlar\u0131 sahibl\u0259ri \u00fc\u00e7\u00fcn vacibdir.<\/p>","protected":false},"featured_media":14562,"comment_status":"open","ping_status":"closed","template":"","meta":[],"product_cat":[15,89,95],"product_tag":[264],"class_list":{"0":"post-904","1":"product","2":"type-product","3":"status-publish","4":"has-post-thumbnail","6":"product_cat-home-garden","7":"product_cat-pylesosy","8":"product_cat-pylesosy-s-akvafiltrom","9":"product_tag-pylesosy-s-akvafiltrom","11":"first","12":"instock","13":"shipping-taxable","14":"purchasable","15":"product-type-simple"},"_links":{"self":[{"href":"https:\/\/karchershop.az\/az\/wp-json\/wp\/v2\/product\/904","targetHints":{"allow":["GET"]}}],"collection":[{"href":"https:\/\/karchershop.az\/az\/wp-json\/wp\/v2\/product"}],"about":[{"href":"https:\/\/karchershop.az\/az\/wp-json\/wp\/v2\/types\/product"}],"replies":[{"embeddable":true,"href":"https:\/\/karchershop.az\/az\/wp-json\/wp\/v2\/comments?post=904"}],"wp:featuredmedia":[{"embeddable":true,"href":"https:\/\/karchershop.az\/az\/wp-json\/wp\/v2\/media\/14562"}],"wp:attachment":[{"href":"https:\/\/karchershop.az\/az\/wp-json\/wp\/v2\/media?parent=904"}],"wp:term":[{"taxonomy":"product_cat","embeddable":true,"href":"https:\/\/karchershop.az\/az\/wp-json\/wp\/v2\/product_cat?post=904"},{"taxonomy":"product_tag","embeddable":true,"href":"https:\/\/karchershop.az\/az\/wp-json\/wp\/v2\/product_tag?post=904"}],"curies":[{"name":"wp","href":"https:\/\/api.w.org\/{rel}","templated":true}]}}